{"id":134,"date":"2022-10-01T20:27:06","date_gmt":"2022-10-01T20:27:06","guid":{"rendered":"https:\/\/amperthaler-saengerrunde.de\/?page_id=134"},"modified":"2026-03-29T17:46:13","modified_gmt":"2026-03-29T17:46:13","slug":"amsaeru-chor","status":"publish","type":"page","link":"https:\/\/amperthaler-saengerrunde.de\/?page_id=134","title":{"rendered":"AmS\u00e4Ru-Chor"},"content":{"rendered":"\t\t<div data-elementor-type=\"wp-page\" data-elementor-id=\"134\" class=\"elementor elementor-134\">\n\t\t\t\t\t\t<section class=\"elementor-section elementor-top-section elementor-element elementor-element-0c11dd2 elementor-section-boxed elementor-section-height-default elementor-section-height-default\" data-id=\"0c11dd2\" data-element_type=\"section\" data-e-type=\"section\">\n\t\t\t\t\t\t<div class=\"elementor-container elementor-column-gap-default\">\n\t\t\t\t\t<div class=\"elementor-column elementor-col-100 elementor-top-column elementor-element elementor-element-8646d84\" data-id=\"8646d84\" data-element_type=\"column\" data-e-type=\"column\">\n\t\t\t<div class=\"elementor-widget-wrap elementor-element-populated\">\n\t\t\t\t\t\t<div class=\"elementor-element elementor-element-6a95f1a elementor-widget elementor-widget-heading\" data-id=\"6a95f1a\" data-element_type=\"widget\" data-e-type=\"widget\" data-widget_type=\"heading.default\">\n\t\t\t\t<div class=\"elementor-widget-container\">\n\t\t\t\t\t<h2 class=\"elementor-heading-title elementor-size-default\">Am-S\u00e4-Ru Chor<\/h2>\t\t\t\t<\/div>\n\t\t\t\t<\/div>\n\t\t\t\t\t<\/div>\n\t\t<\/div>\n\t\t\t\t\t<\/div>\n\t\t<\/section>\n\t\t\t\t<section class=\"elementor-section elementor-top-section elementor-element elementor-element-3a73395 elementor-section-boxed elementor-section-height-default elementor-section-height-default\" data-id=\"3a73395\" data-element_type=\"section\" data-e-type=\"section\">\n\t\t\t\t\t\t<div class=\"elementor-container elementor-column-gap-default\">\n\t\t\t\t\t<div class=\"elementor-column elementor-col-100 elementor-top-column elementor-element elementor-element-5d37b79\" data-id=\"5d37b79\" data-element_type=\"column\" data-e-type=\"column\">\n\t\t\t<div class=\"elementor-widget-wrap elementor-element-populated\">\n\t\t\t\t\t\t<div class=\"elementor-element elementor-element-fd881c1 elementor-widget elementor-widget-image\" data-id=\"fd881c1\" data-element_type=\"widget\" data-e-type=\"widget\" data-widget_type=\"image.default\">\n\t\t\t\t<div class=\"elementor-widget-container\">\n\t\t\t\t\t\t\t\t\t\t\t\t\t\t\t\t<a href=\"https:\/\/i0.wp.com\/amperthaler-saengerrunde.de\/wp-content\/uploads\/2022\/10\/chor2011-2.jpg?ssl=1\" data-elementor-open-lightbox=\"yes\" data-elementor-lightbox-title=\"chor2011 (2)\" data-e-action-hash=\"#elementor-action%3Aaction%3Dlightbox%26settings%3DeyJpZCI6MjYsInVybCI6Imh0dHBzOlwvXC9hbXBlcnRoYWxlci1zYWVuZ2VycnVuZGUuZGVcL3dwLWNvbnRlbnRcL3VwbG9hZHNcLzIwMjJcLzEwXC9jaG9yMjAxMS0yLmpwZyJ9\">\n\t\t\t\t\t\t\t<img fetchpriority=\"high\" decoding=\"async\" width=\"768\" height=\"430\" src=\"https:\/\/i0.wp.com\/amperthaler-saengerrunde.de\/wp-content\/uploads\/2022\/10\/chor2011-2.jpg?fit=768%2C430&amp;ssl=1\" class=\"attachment-medium_large size-medium_large wp-image-26\" alt=\"\" srcset=\"https:\/\/i0.wp.com\/amperthaler-saengerrunde.de\/wp-content\/uploads\/2022\/10\/chor2011-2.jpg?w=820&amp;ssl=1 820w, https:\/\/i0.wp.com\/amperthaler-saengerrunde.de\/wp-content\/uploads\/2022\/10\/chor2011-2.jpg?resize=300%2C168&amp;ssl=1 300w, https:\/\/i0.wp.com\/amperthaler-saengerrunde.de\/wp-content\/uploads\/2022\/10\/chor2011-2.jpg?resize=768%2C430&amp;ssl=1 768w, https:\/\/i0.wp.com\/amperthaler-saengerrunde.de\/wp-content\/uploads\/2022\/10\/chor2011-2.jpg?resize=230%2C129&amp;ssl=1 230w, https:\/\/i0.wp.com\/amperthaler-saengerrunde.de\/wp-content\/uploads\/2022\/10\/chor2011-2.jpg?resize=350%2C196&amp;ssl=1 350w, https:\/\/i0.wp.com\/amperthaler-saengerrunde.de\/wp-content\/uploads\/2022\/10\/chor2011-2.jpg?resize=480%2C269&amp;ssl=1 480w\" sizes=\"(max-width: 768px) 100vw, 768px\" \/>\t\t\t\t\t\t\t\t<\/a>\n\t\t\t\t\t\t\t\t\t\t\t\t\t\t\t<\/div>\n\t\t\t\t<\/div>\n\t\t\t\t\t<\/div>\n\t\t<\/div>\n\t\t\t\t\t<\/div>\n\t\t<\/section>\n\t\t\t\t<section class=\"elementor-section elementor-top-section elementor-element elementor-element-40227a6 elementor-section-boxed elementor-section-height-default elementor-section-height-default\" data-id=\"40227a6\" data-element_type=\"section\" data-e-type=\"section\">\n\t\t\t\t\t\t<div class=\"elementor-container elementor-column-gap-default\">\n\t\t\t\t\t<div class=\"elementor-column elementor-col-100 elementor-top-column elementor-element elementor-element-2f24b94\" data-id=\"2f24b94\" data-element_type=\"column\" data-e-type=\"column\">\n\t\t\t<div class=\"elementor-widget-wrap elementor-element-populated\">\n\t\t\t\t\t\t<div class=\"elementor-element elementor-element-a4e70f6 elementor-widget elementor-widget-text-editor\" data-id=\"a4e70f6\" data-element_type=\"widget\" data-e-type=\"widget\" data-widget_type=\"text-editor.default\">\n\t\t\t\t<div class=\"elementor-widget-container\">\n\t\t\t\t\t\t\t\t\t<p>AmS\u00e4Ru &#8211; kein mystisches Wort, sondern ganz einfach die Abk\u00fcrzung unseres Chores: Amperthaler S\u00e4ngerrunde. Der Chor wurde 1961 gegr\u00fcndet.<\/p><p>Nun fragt man sich sicherlich, warum man Amperthal mit &#8222;h&#8220; schreibt, nachdem sogar Google uns berichtet, dass es sich b<span class=\"ILfuVd\" lang=\"de\"><span class=\"hgKElc\">ei Thal um eine veraltete Schreibweise von <b>Tal <\/b>handelt, die seit der Reform 1901 nicht mehr korrekt ist.<\/span><\/span><\/p><p>Recherchen haben ergeben, dass die Vereinsgr\u00fcnder einfach die Lust hatten, etwas Besonderes zu machen, und so sei die Schreibweise mit dem &#8222;<strong>th<\/strong>&#8220; entstanden.<\/p>\t\t\t\t\t\t\t\t<\/div>\n\t\t\t\t<\/div>\n\t\t\t\t\t<\/div>\n\t\t<\/div>\n\t\t\t\t\t<\/div>\n\t\t<\/section>\n\t\t\t\t<section class=\"elementor-section elementor-top-section elementor-element elementor-element-367067a elementor-section-boxed elementor-section-height-default elementor-section-height-default\" data-id=\"367067a\" data-element_type=\"section\" data-e-type=\"section\">\n\t\t\t\t\t\t<div class=\"elementor-container elementor-column-gap-default\">\n\t\t\t\t\t<div class=\"elementor-column elementor-col-100 elementor-top-column elementor-element elementor-element-03911b7\" data-id=\"03911b7\" data-element_type=\"column\" data-e-type=\"column\">\n\t\t\t<div class=\"elementor-widget-wrap\">\n\t\t\t\t\t\t\t<\/div>\n\t\t<\/div>\n\t\t\t\t\t<\/div>\n\t\t<\/section>\n\t\t\t\t<section class=\"elementor-section elementor-top-section elementor-element elementor-element-82bd79c elementor-section-boxed elementor-section-height-default elementor-section-height-default\" data-id=\"82bd79c\" data-element_type=\"section\" data-e-type=\"section\">\n\t\t\t\t\t\t<div class=\"elementor-container elementor-column-gap-default\">\n\t\t\t\t\t<div class=\"elementor-column elementor-col-100 elementor-top-column elementor-element elementor-element-a1651fc\" data-id=\"a1651fc\" data-element_type=\"column\" data-e-type=\"column\">\n\t\t\t<div class=\"elementor-widget-wrap elementor-element-populated\">\n\t\t\t\t\t\t<div class=\"elementor-element elementor-element-0f2f509 elementor-widget elementor-widget-text-editor\" data-id=\"0f2f509\" data-element_type=\"widget\" data-e-type=\"widget\" data-widget_type=\"text-editor.default\">\n\t\t\t\t<div class=\"elementor-widget-container\">\n\t\t\t\t\t\t\t\t\t<p>Wenn alle wohlauf und gesund sind, ist eine maximale Chorst\u00e4rke von 21 Mann zu erreichen; aufgeteilt auf<\/p><p><span style=\"font-size: 12pt; font-family: arial, helvetica, sans-serif;\"><strong>Tenor I= 5\u00a0 Tenor Il= 7\u00a0 Bass I= 4 \u00a0 Bass II\u00a0 = 5<\/strong><\/span><\/p><p>Chorleiter: Jakob H\u00f6gl, Kirchenmusiker, Organist und Kirchenchorleiter der Pfarrei Rudelzhausen, privater Musiklehrer f\u00fcr Keybord und Gitarre<\/p><h4><strong>Tenor I:<\/strong><\/h4><p>Max Zirngibl, Franz Haller, Sepp Mertl, Anton Felsner, Benedikt Fleckenstein<\/p><h4><strong>Tenor II:<\/strong><\/h4><p>Hans Maier, Elmar Thalhammer (2.ChL), Josef Hadler, Peter Wondra, Hans Pfeiffer, Martin Bauer, Josef Gerbl<\/p><h4><strong>Bass I:<\/strong><\/h4><p>Hans Wastl, Albert Reichart, G\u00fcnther Frank, Franz Geltermeier\u00a0<\/p><h4><strong>Bass II:<\/strong><\/h4><p>Hans Prell, Albert Kuch, Sepp Schott, Ulrich Landes, Konrad Obermayr<\/p><p>Mit Chorleiter Jagge H\u00f6gl ist unser Chor zu h\u00f6ren bei Konzerten, Gottesdiensten, kulturellen Veranstaltungen und Feierlichkeiten jeglicher Art mit einem Liedgut querbeet von weltlichen, geistlichen, heimatbezogenen und humorigen Liedern in allen Stilrichtungen.<\/p><p>(Stand M\u00e4rz 2026)<\/p>\t\t\t\t\t\t\t\t<\/div>\n\t\t\t\t<\/div>\n\t\t\t\t\t<\/div>\n\t\t<\/div>\n\t\t\t\t\t<\/div>\n\t\t<\/section>\n\t\t\t\t<section class=\"elementor-section elementor-top-section elementor-element elementor-element-32edbc3 elementor-section-boxed elementor-section-height-default elementor-section-height-default\" data-id=\"32edbc3\" data-element_type=\"section\" data-e-type=\"section\">\n\t\t\t\t\t\t<div class=\"elementor-container elementor-column-gap-default\">\n\t\t\t\t\t<div class=\"elementor-column elementor-col-100 elementor-top-column elementor-element elementor-element-9adf059\" data-id=\"9adf059\" data-element_type=\"column\" data-e-type=\"column\">\n\t\t\t<div class=\"elementor-widget-wrap elementor-element-populated\">\n\t\t\t\t\t\t<div class=\"elementor-element elementor-element-0ec8ca9 elementor-widget elementor-widget-text-editor\" data-id=\"0ec8ca9\" data-element_type=\"widget\" data-e-type=\"widget\" data-widget_type=\"text-editor.default\">\n\t\t\t\t<div class=\"elementor-widget-container\">\n\t\t\t\t\t\t\t\t\t<h4>Durchschnittsalter (Stand Okt. 2025):\u00a0 ca. 67 Jahre<\/h4>\t\t\t\t\t\t\t\t<\/div>\n\t\t\t\t<\/div>\n\t\t\t\t\t<\/div>\n\t\t<\/div>\n\t\t\t\t\t<\/div>\n\t\t<\/section>\n\t\t\t\t<\/div>\n\t\t","protected":false},"excerpt":{"rendered":"<p>Am-S\u00e4-Ru Chor AmS\u00e4Ru &#8211; kein mystisches Wort, sondern ganz einfach die Abk\u00fcrzung unseres Chores: Amperthaler S\u00e4ngerrunde. Der Chor wurde 1961 gegr\u00fcndet. Nun fragt man sich sicherlich, warum man Amperthal mit &#8222;h&#8220; schreibt, nachdem sogar Google uns berichtet, dass es sich <a class=\"more-link\" href=\"https:\/\/amperthaler-saengerrunde.de\/?page_id=134\">weiterlesen&#8230;<\/a><\/p>\n","protected":false},"author":1,"featured_media":0,"parent":0,"menu_order":410,"comment_status":"closed","ping_status":"closed","template":"elementor_header_footer","meta":{"footnotes":""},"class_list":["post-134","page","type-page","status-publish","hentry"],"jetpack_sharing_enabled":true,"_links":{"self":[{"href":"https:\/\/amperthaler-saengerrunde.de\/index.php?rest_route=\/wp\/v2\/pages\/134","targetHints":{"allow":["GET"]}}],"collection":[{"href":"https:\/\/amperthaler-saengerrunde.de\/index.php?rest_route=\/wp\/v2\/pages"}],"about":[{"href":"https:\/\/amperthaler-saengerrunde.de\/index.php?rest_route=\/wp\/v2\/types\/page"}],"author":[{"embeddable":true,"href":"https:\/\/amperthaler-saengerrunde.de\/index.php?rest_route=\/wp\/v2\/users\/1"}],"replies":[{"embeddable":true,"href":"https:\/\/amperthaler-saengerrunde.de\/index.php?rest_route=%2Fwp%2Fv2%2Fcomments&post=134"}],"version-history":[{"count":65,"href":"https:\/\/amperthaler-saengerrunde.de\/index.php?rest_route=\/wp\/v2\/pages\/134\/revisions"}],"predecessor-version":[{"id":5775,"href":"https:\/\/amperthaler-saengerrunde.de\/index.php?rest_route=\/wp\/v2\/pages\/134\/revisions\/5775"}],"wp:attachment":[{"href":"https:\/\/amperthaler-saengerrunde.de\/index.php?rest_route=%2Fwp%2Fv2%2Fmedia&parent=134"}],"curies":[{"name":"wp","href":"https:\/\/api.w.org\/{rel}","templated":true}]}}