{"id":1597,"date":"2022-10-20T15:18:49","date_gmt":"2022-10-20T15:18:49","guid":{"rendered":"https:\/\/amperthaler-saengerrunde.de\/?page_id=1597"},"modified":"2023-05-04T14:52:05","modified_gmt":"2023-05-04T14:52:05","slug":"wirtshaussingen","status":"publish","type":"page","link":"https:\/\/amperthaler-saengerrunde.de\/?page_id=1597","title":{"rendered":"Wirtshaussingen"},"content":{"rendered":"\t\t<div data-elementor-type=\"wp-page\" data-elementor-id=\"1597\" class=\"elementor elementor-1597\">\n\t\t\t\t\t\t<section class=\"elementor-section elementor-top-section elementor-element elementor-element-448b157 elementor-section-boxed elementor-section-height-default elementor-section-height-default\" data-id=\"448b157\" data-element_type=\"section\" data-e-type=\"section\">\n\t\t\t\t\t\t<div class=\"elementor-container elementor-column-gap-default\">\n\t\t\t\t\t<div class=\"elementor-column elementor-col-100 elementor-top-column elementor-element elementor-element-2b37bed\" data-id=\"2b37bed\" data-element_type=\"column\" data-e-type=\"column\">\n\t\t\t<div class=\"elementor-widget-wrap elementor-element-populated\">\n\t\t\t\t\t\t<div class=\"elementor-element elementor-element-20f2e92 elementor-widget elementor-widget-image\" data-id=\"20f2e92\" data-element_type=\"widget\" data-e-type=\"widget\" data-widget_type=\"image.default\">\n\t\t\t\t<div class=\"elementor-widget-container\">\n\t\t\t\t\t\t\t\t\t\t\t\t\t\t\t\t<a href=\"https:\/\/i0.wp.com\/amperthaler-saengerrunde.de\/wp-content\/uploads\/2022\/10\/2018_wirtshaussingen-1.jpg?ssl=1\" data-elementor-open-lightbox=\"yes\" data-elementor-lightbox-title=\"2018_wirtshaussingen\" data-e-action-hash=\"#elementor-action%3Aaction%3Dlightbox%26settings%3DeyJpZCI6MTU5OSwidXJsIjoiaHR0cHM6XC9cL2FtcGVydGhhbGVyLXNhZW5nZXJydW5kZS5kZVwvd3AtY29udGVudFwvdXBsb2Fkc1wvMjAyMlwvMTBcLzIwMThfd2lydHNoYXVzc2luZ2VuLTEuanBnIn0%3D\">\n\t\t\t\t\t\t\t<img fetchpriority=\"high\" decoding=\"async\" width=\"768\" height=\"432\" src=\"https:\/\/i0.wp.com\/amperthaler-saengerrunde.de\/wp-content\/uploads\/2022\/10\/2018_wirtshaussingen-1.jpg?fit=768%2C432&amp;ssl=1\" class=\"attachment-medium_large size-medium_large wp-image-1599\" alt=\"\" srcset=\"https:\/\/i0.wp.com\/amperthaler-saengerrunde.de\/wp-content\/uploads\/2022\/10\/2018_wirtshaussingen-1.jpg?w=1408&amp;ssl=1 1408w, https:\/\/i0.wp.com\/amperthaler-saengerrunde.de\/wp-content\/uploads\/2022\/10\/2018_wirtshaussingen-1.jpg?resize=300%2C169&amp;ssl=1 300w, https:\/\/i0.wp.com\/amperthaler-saengerrunde.de\/wp-content\/uploads\/2022\/10\/2018_wirtshaussingen-1.jpg?resize=1024%2C576&amp;ssl=1 1024w, https:\/\/i0.wp.com\/amperthaler-saengerrunde.de\/wp-content\/uploads\/2022\/10\/2018_wirtshaussingen-1.jpg?resize=768%2C432&amp;ssl=1 768w, https:\/\/i0.wp.com\/amperthaler-saengerrunde.de\/wp-content\/uploads\/2022\/10\/2018_wirtshaussingen-1.jpg?resize=400%2C225&amp;ssl=1 400w, https:\/\/i0.wp.com\/amperthaler-saengerrunde.de\/wp-content\/uploads\/2022\/10\/2018_wirtshaussingen-1.jpg?resize=780%2C439&amp;ssl=1 780w\" sizes=\"(max-width: 768px) 100vw, 768px\" \/>\t\t\t\t\t\t\t\t<\/a>\n\t\t\t\t\t\t\t\t\t\t\t\t\t\t\t<\/div>\n\t\t\t\t<\/div>\n\t\t\t\t\t<\/div>\n\t\t<\/div>\n\t\t\t\t\t<\/div>\n\t\t<\/section>\n\t\t\t\t<section class=\"elementor-section elementor-top-section elementor-element elementor-element-b8c527e elementor-section-boxed elementor-section-height-default elementor-section-height-default\" data-id=\"b8c527e\" data-element_type=\"section\" data-e-type=\"section\">\n\t\t\t\t\t\t<div class=\"elementor-container elementor-column-gap-default\">\n\t\t\t\t\t<div class=\"elementor-column elementor-col-100 elementor-top-column elementor-element elementor-element-fa928e6\" data-id=\"fa928e6\" data-element_type=\"column\" data-e-type=\"column\">\n\t\t\t<div class=\"elementor-widget-wrap elementor-element-populated\">\n\t\t\t\t\t\t<div class=\"elementor-element elementor-element-b7587c0 elementor-widget elementor-widget-text-editor\" data-id=\"b7587c0\" data-element_type=\"widget\" data-e-type=\"widget\" data-widget_type=\"text-editor.default\">\n\t\t\t\t<div class=\"elementor-widget-container\">\n\t\t\t\t\t\t\t\t\t<p>Seit 2016 veranstalteten die S\u00e4nger in der Wirtsstuben beim Benedikt ein Singen f\u00fcr die Bev\u00f6lkerung, das gerne angenommen wurde. Die Wirtsstube war immer voll, bisweilen mussten Leute wegen \u00dcberf\u00fcllung abgewiesen werden.<\/p><p>Der Krahl Doni hat Berichte und Bilder \u00fcber die Veranstaltungen &#8211; Gott sei Dank &#8211; archiviert, und ich hoffe, ich mache Euch eine Freude, wenn ich die &#8222;Protokolle&#8220; wieder ausgrabe und auf die Homepage stelle.<\/p><p>Mit der Coronazeit war es leider nicht mehr m\u00f6glich, sich zum gemeinsamen Singen zu treffen.<\/p>\t\t\t\t\t\t\t\t<\/div>\n\t\t\t\t<\/div>\n\t\t\t\t\t<\/div>\n\t\t<\/div>\n\t\t\t\t\t<\/div>\n\t\t<\/section>\n\t\t\t\t<section class=\"elementor-section elementor-top-section elementor-element elementor-element-0dd4898 elementor-section-boxed elementor-section-height-default elementor-section-height-default\" data-id=\"0dd4898\" data-element_type=\"section\" data-e-type=\"section\">\n\t\t\t\t\t\t<div class=\"elementor-container elementor-column-gap-default\">\n\t\t\t\t\t<div class=\"elementor-column elementor-col-20 elementor-top-column elementor-element elementor-element-3ac2655\" data-id=\"3ac2655\" data-element_type=\"column\" data-e-type=\"column\">\n\t\t\t<div class=\"elementor-widget-wrap elementor-element-populated\">\n\t\t\t\t\t\t<div class=\"elementor-element elementor-element-f866adc elementor-align-center elementor-widget elementor-widget-button\" data-id=\"f866adc\" data-element_type=\"widget\" data-e-type=\"widget\" data-widget_type=\"button.default\">\n\t\t\t\t<div class=\"elementor-widget-container\">\n\t\t\t\t\t\t\t\t\t<div class=\"elementor-button-wrapper\">\n\t\t\t\t\t<a class=\"elementor-button elementor-button-link elementor-size-sm\" href=\"https:\/\/amperthaler-saengerrunde.de\/?page_id=1609\">\n\t\t\t\t\t\t<span class=\"elementor-button-content-wrapper\">\n\t\t\t\t\t\t\t\t\t<span class=\"elementor-button-text\">2016<\/span>\n\t\t\t\t\t<\/span>\n\t\t\t\t\t<\/a>\n\t\t\t\t<\/div>\n\t\t\t\t\t\t\t\t<\/div>\n\t\t\t\t<\/div>\n\t\t\t\t\t<\/div>\n\t\t<\/div>\n\t\t\t\t<div class=\"elementor-column elementor-col-20 elementor-top-column elementor-element elementor-element-5135214\" data-id=\"5135214\" data-element_type=\"column\" data-e-type=\"column\">\n\t\t\t<div class=\"elementor-widget-wrap elementor-element-populated\">\n\t\t\t\t\t\t<div class=\"elementor-element elementor-element-071a3f6 elementor-widget elementor-widget-button\" data-id=\"071a3f6\" data-element_type=\"widget\" data-e-type=\"widget\" data-widget_type=\"button.default\">\n\t\t\t\t<div class=\"elementor-widget-container\">\n\t\t\t\t\t\t\t\t\t<div class=\"elementor-button-wrapper\">\n\t\t\t\t\t<a class=\"elementor-button elementor-button-link elementor-size-sm\" href=\"https:\/\/amperthaler-saengerrunde.de\/?page_id=1646\">\n\t\t\t\t\t\t<span class=\"elementor-button-content-wrapper\">\n\t\t\t\t\t\t\t\t\t<span class=\"elementor-button-text\">2017 M\u00e4rz<\/span>\n\t\t\t\t\t<\/span>\n\t\t\t\t\t<\/a>\n\t\t\t\t<\/div>\n\t\t\t\t\t\t\t\t<\/div>\n\t\t\t\t<\/div>\n\t\t\t\t\t<\/div>\n\t\t<\/div>\n\t\t\t\t<div class=\"elementor-column elementor-col-20 elementor-top-column elementor-element elementor-element-a479ef6\" data-id=\"a479ef6\" data-element_type=\"column\" data-e-type=\"column\">\n\t\t\t<div class=\"elementor-widget-wrap elementor-element-populated\">\n\t\t\t\t\t\t<div class=\"elementor-element elementor-element-0c77960 elementor-align-center elementor-widget elementor-widget-button\" data-id=\"0c77960\" data-element_type=\"widget\" data-e-type=\"widget\" data-widget_type=\"button.default\">\n\t\t\t\t<div class=\"elementor-widget-container\">\n\t\t\t\t\t\t\t\t\t<div class=\"elementor-button-wrapper\">\n\t\t\t\t\t<a class=\"elementor-button elementor-button-link elementor-size-sm\" href=\"https:\/\/amperthaler-saengerrunde.de\/?page_id=1665\">\n\t\t\t\t\t\t<span class=\"elementor-button-content-wrapper\">\n\t\t\t\t\t\t\t\t\t<span class=\"elementor-button-text\">2017 Nov<\/span>\n\t\t\t\t\t<\/span>\n\t\t\t\t\t<\/a>\n\t\t\t\t<\/div>\n\t\t\t\t\t\t\t\t<\/div>\n\t\t\t\t<\/div>\n\t\t\t\t\t<\/div>\n\t\t<\/div>\n\t\t\t\t<div class=\"elementor-column elementor-col-20 elementor-top-column elementor-element elementor-element-42d13a7\" data-id=\"42d13a7\" data-element_type=\"column\" data-e-type=\"column\">\n\t\t\t<div class=\"elementor-widget-wrap elementor-element-populated\">\n\t\t\t\t\t\t<div class=\"elementor-element elementor-element-306c1ab elementor-align-center elementor-widget elementor-widget-button\" data-id=\"306c1ab\" data-element_type=\"widget\" data-e-type=\"widget\" data-widget_type=\"button.default\">\n\t\t\t\t<div class=\"elementor-widget-container\">\n\t\t\t\t\t\t\t\t\t<div class=\"elementor-button-wrapper\">\n\t\t\t\t\t<a class=\"elementor-button elementor-button-link elementor-size-sm\" href=\"https:\/\/amperthaler-saengerrunde.de\/?page_id=1537\">\n\t\t\t\t\t\t<span class=\"elementor-button-content-wrapper\">\n\t\t\t\t\t\t\t\t\t<span class=\"elementor-button-text\">2018<\/span>\n\t\t\t\t\t<\/span>\n\t\t\t\t\t<\/a>\n\t\t\t\t<\/div>\n\t\t\t\t\t\t\t\t<\/div>\n\t\t\t\t<\/div>\n\t\t\t\t\t<\/div>\n\t\t<\/div>\n\t\t\t\t<div class=\"elementor-column elementor-col-20 elementor-top-column elementor-element elementor-element-573585d\" data-id=\"573585d\" data-element_type=\"column\" data-e-type=\"column\">\n\t\t\t<div class=\"elementor-widget-wrap elementor-element-populated\">\n\t\t\t\t\t\t<div class=\"elementor-element elementor-element-592c5d9 elementor-align-center elementor-widget elementor-widget-button\" data-id=\"592c5d9\" data-element_type=\"widget\" data-e-type=\"widget\" data-widget_type=\"button.default\">\n\t\t\t\t<div class=\"elementor-widget-container\">\n\t\t\t\t\t\t\t\t\t<div class=\"elementor-button-wrapper\">\n\t\t\t\t\t<a class=\"elementor-button elementor-button-link elementor-size-sm\" href=\"https:\/\/amperthaler-saengerrunde.de\/?page_id=1539#\">\n\t\t\t\t\t\t<span class=\"elementor-button-content-wrapper\">\n\t\t\t\t\t\t\t\t\t<span class=\"elementor-button-text\">2019<\/span>\n\t\t\t\t\t<\/span>\n\t\t\t\t\t<\/a>\n\t\t\t\t<\/div>\n\t\t\t\t\t\t\t\t<\/div>\n\t\t\t\t<\/div>\n\t\t\t\t\t<\/div>\n\t\t<\/div>\n\t\t\t\t\t<\/div>\n\t\t<\/section>\n\t\t\t\t<section class=\"elementor-section elementor-top-section elementor-element elementor-element-774089a elementor-section-boxed elementor-section-height-default elementor-section-height-default\" data-id=\"774089a\" data-element_type=\"section\" data-e-type=\"section\">\n\t\t\t\t\t\t<div class=\"elementor-container elementor-column-gap-default\">\n\t\t\t\t\t<div class=\"elementor-column elementor-col-100 elementor-top-column elementor-element elementor-element-7a61765\" data-id=\"7a61765\" data-element_type=\"column\" data-e-type=\"column\">\n\t\t\t<div class=\"elementor-widget-wrap elementor-element-populated\">\n\t\t\t\t\t\t<div class=\"elementor-element elementor-element-7543240 elementor-widget elementor-widget-image\" data-id=\"7543240\" data-element_type=\"widget\" data-e-type=\"widget\" data-widget_type=\"image.default\">\n\t\t\t\t<div class=\"elementor-widget-container\">\n\t\t\t\t\t\t\t\t\t\t\t\t\t\t\t\t<a href=\"https:\/\/i0.wp.com\/amperthaler-saengerrunde.de\/wp-content\/uploads\/2022\/10\/liedermappe_ws.jpg?ssl=1\" data-elementor-open-lightbox=\"yes\" data-elementor-lightbox-title=\"liedermappe_ws\" data-e-action-hash=\"#elementor-action%3Aaction%3Dlightbox%26settings%3DeyJpZCI6MTYwMCwidXJsIjoiaHR0cHM6XC9cL2FtcGVydGhhbGVyLXNhZW5nZXJydW5kZS5kZVwvd3AtY29udGVudFwvdXBsb2Fkc1wvMjAyMlwvMTBcL2xpZWRlcm1hcHBlX3dzLmpwZyJ9\">\n\t\t\t\t\t\t\t<img decoding=\"async\" width=\"768\" height=\"432\" src=\"https:\/\/i0.wp.com\/amperthaler-saengerrunde.de\/wp-content\/uploads\/2022\/10\/liedermappe_ws.jpg?fit=768%2C432&amp;ssl=1\" class=\"attachment-medium_large size-medium_large wp-image-1600\" alt=\"\" srcset=\"https:\/\/i0.wp.com\/amperthaler-saengerrunde.de\/wp-content\/uploads\/2022\/10\/liedermappe_ws.jpg?w=910&amp;ssl=1 910w, https:\/\/i0.wp.com\/amperthaler-saengerrunde.de\/wp-content\/uploads\/2022\/10\/liedermappe_ws.jpg?resize=300%2C169&amp;ssl=1 300w, https:\/\/i0.wp.com\/amperthaler-saengerrunde.de\/wp-content\/uploads\/2022\/10\/liedermappe_ws.jpg?resize=768%2C432&amp;ssl=1 768w, https:\/\/i0.wp.com\/amperthaler-saengerrunde.de\/wp-content\/uploads\/2022\/10\/liedermappe_ws.jpg?resize=400%2C225&amp;ssl=1 400w, https:\/\/i0.wp.com\/amperthaler-saengerrunde.de\/wp-content\/uploads\/2022\/10\/liedermappe_ws.jpg?resize=780%2C439&amp;ssl=1 780w\" sizes=\"(max-width: 768px) 100vw, 768px\" \/>\t\t\t\t\t\t\t\t<\/a>\n\t\t\t\t\t\t\t\t\t\t\t\t\t\t\t<\/div>\n\t\t\t\t<\/div>\n\t\t\t\t\t<\/div>\n\t\t<\/div>\n\t\t\t\t\t<\/div>\n\t\t<\/section>\n\t\t\t\t<section class=\"elementor-section elementor-top-section elementor-element elementor-element-d6eed88 elementor-section-boxed elementor-section-height-default elementor-section-height-default\" data-id=\"d6eed88\" data-element_type=\"section\" data-e-type=\"section\">\n\t\t\t\t\t\t<div class=\"elementor-container elementor-column-gap-default\">\n\t\t\t\t\t<div class=\"elementor-column elementor-col-100 elementor-top-column elementor-element elementor-element-0c64e9c\" data-id=\"0c64e9c\" data-element_type=\"column\" data-e-type=\"column\">\n\t\t\t<div class=\"elementor-widget-wrap elementor-element-populated\">\n\t\t\t\t\t\t<div class=\"elementor-element elementor-element-70a11d1 elementor-widget elementor-widget-text-editor\" data-id=\"70a11d1\" data-element_type=\"widget\" data-e-type=\"widget\" data-widget_type=\"text-editor.default\">\n\t\t\t\t<div class=\"elementor-widget-container\">\n\t\t\t\t\t\t\t\t\t<p>Um euch in Erinnerung zu rufen, aus welchem Liederrepertoire wir sch\u00f6pfen konnten, hier eine alphabetische Auflistung aus Peter Wondras Gesangsmappen, die er an die 60x aufgelegt hat<\/p><p>Aber dich gibt\u2019s nur einmal f\u00fcr mich<br \/>Aus grauer St\u00e4dte Mauern<br \/>Bergvagabunden<br \/>Blowing in the wind<br \/>Bubi Bubi noch einmal<br \/>Burgenlandlied<br \/>Caprifischer<br \/>Chianti Wein<br \/>Country Roads<br \/>Der Mond h\u00e4lt seine Wacht<br \/>Die blauen Dragoner<br \/>Die Gamserl schwarz und braun<br \/>Die Gedanken sind frei<br \/>Die Getr\u00e4nke sind frei<br \/>Die kleine Kneipe<br \/>Es gibt kein Bier auf Hawaii<br \/>Es h\u00e4ngt ein Pferdehalfter an der Wand<br \/>Es scheint der Mond so hell<br \/>Fliege mit mir in die Heimat<br \/>Gefangen in Maurischer W\u00fcste<br \/>Gott mit dir du Land der Bayern<br \/>Guten Abend gut Nacht<br \/>Hoch auf dem gelben Wagen<br \/>Hohe Tannen<br \/>Ich will nen Cowboy als Mann<br \/>Im gr\u00fcnen Wald<br \/>In der Nacht um halbe Zehne<br \/>In einem Polenst\u00e4dtchen<br \/>In einer Bar in Mexiko<br \/>In Junkers Kneipe<br \/>Jenseits des Tales<br \/>Junge komm bald wieder<br \/>Kein sch\u00f6ner Land<br \/>Kimmt sche hoamli die Nacht<br \/>Kufsteinlied<br \/>Lili Marleen<br \/>Lustig ist das Zigeunerleben<br \/>Marina Marina<br \/>Marmorstein und Eisen bricht<br \/>Mein Vater war ein Wandersmann<br \/>Mir san vom Woid dahoam<br \/>Mir san zwoa Holledauer<br \/>My bonny is over the ocean<br \/>Nehmt Abschied Br\u00fcder<br \/>Perle vom Ampertal<br \/>Rote Lippen soll man k\u00fcssen<br \/>S Dirndl hat gsagt<br \/>Sch\u00f6n ist die Liebe im Hafen<br \/>Sch\u00f6n war die Zeit (Heimweh)<br \/>Schwarzbraun ist die Haselnuss<br \/>Schwer mit den Sch\u00e4tzen des Orients beladen<br \/>Seemann, deine Heimat ist das Meer<br \/>Sierra Madre<br \/>Skandal im Sperrbezirk<br \/>So ein Tag so wundersch\u00f6n wie heute<br \/>Steig in das Traumboot der Liebe<br \/>Tief drin im B\u00f6hmerwald<br \/>Tom Dooley<br \/>Tulpen aus Amsterdam<br \/>\u00dcber den Wolken<br \/>Unter fremden Sternen<br \/>Wahre Freundschaft<br \/>Wenn die bunten Fahnen wehen<br \/>Westerwaldlied<br \/>Wildsch\u00fctz Jennerwein<br \/>Wir lagen vor Madagaskar<br \/>Wir lieben die St\u00fcrme<br \/>Wohl ist die Welt so gro\u00df und rein<br \/>Wolgalied<br \/>Zwei kleine Italiener<br \/>Zwei rehbraune Augen<\/p>\t\t\t\t\t\t\t\t<\/div>\n\t\t\t\t<\/div>\n\t\t\t\t\t<\/div>\n\t\t<\/div>\n\t\t\t\t\t<\/div>\n\t\t<\/section>\n\t\t\t\t<\/div>\n\t\t","protected":false},"excerpt":{"rendered":"<p>Seit 2016 veranstalteten die S\u00e4nger in der Wirtsstuben beim Benedikt ein Singen f\u00fcr die Bev\u00f6lkerung, das gerne angenommen wurde. Die Wirtsstube war immer voll, bisweilen mussten Leute wegen \u00dcberf\u00fcllung abgewiesen werden. Der Krahl Doni hat Berichte und Bilder \u00fcber die <a class=\"more-link\" href=\"https:\/\/amperthaler-saengerrunde.de\/?page_id=1597\">weiterlesen&#8230;<\/a><\/p>\n","protected":false},"author":1,"featured_media":0,"parent":0,"menu_order":520,"comment_status":"closed","ping_status":"closed","template":"elementor_header_footer","meta":{"footnotes":""},"class_list":["post-1597","page","type-page","status-publish","hentry"],"jetpack_sharing_enabled":true,"_links":{"self":[{"href":"https:\/\/amperthaler-saengerrunde.de\/index.php?rest_route=\/wp\/v2\/pages\/1597","targetHints":{"allow":["GET"]}}],"collection":[{"href":"https:\/\/amperthaler-saengerrunde.de\/index.php?rest_route=\/wp\/v2\/pages"}],"about":[{"href":"https:\/\/amperthaler-saengerrunde.de\/index.php?rest_route=\/wp\/v2\/types\/page"}],"author":[{"embeddable":true,"href":"https:\/\/amperthaler-saengerrunde.de\/index.php?rest_route=\/wp\/v2\/users\/1"}],"replies":[{"embeddable":true,"href":"https:\/\/amperthaler-saengerrunde.de\/index.php?rest_route=%2Fwp%2Fv2%2Fcomments&post=1597"}],"version-history":[{"count":24,"href":"https:\/\/amperthaler-saengerrunde.de\/index.php?rest_route=\/wp\/v2\/pages\/1597\/revisions"}],"predecessor-version":[{"id":1804,"href":"https:\/\/amperthaler-saengerrunde.de\/index.php?rest_route=\/wp\/v2\/pages\/1597\/revisions\/1804"}],"wp:attachment":[{"href":"https:\/\/amperthaler-saengerrunde.de\/index.php?rest_route=%2Fwp%2Fv2%2Fmedia&parent=1597"}],"curies":[{"name":"wp","href":"https:\/\/api.w.org\/{rel}","templated":true}]}}