{"id":2148,"date":"2022-12-27T12:06:31","date_gmt":"2022-12-27T12:06:31","guid":{"rendered":"https:\/\/amperthaler-saengerrunde.de\/?page_id=2148"},"modified":"2023-05-04T06:47:20","modified_gmt":"2023-05-04T06:47:20","slug":"nachruf-fuer-josef-frank","status":"publish","type":"page","link":"https:\/\/amperthaler-saengerrunde.de\/?page_id=2148","title":{"rendered":"Nachruf f\u00fcr Josef Frank"},"content":{"rendered":"\t\t<div data-elementor-type=\"wp-page\" data-elementor-id=\"2148\" class=\"elementor elementor-2148\">\n\t\t\t\t\t\t<section class=\"elementor-section elementor-top-section elementor-element elementor-element-ecaad43 elementor-section-boxed elementor-section-height-default elementor-section-height-default\" data-id=\"ecaad43\" data-element_type=\"section\" data-e-type=\"section\">\n\t\t\t\t\t\t<div class=\"elementor-container elementor-column-gap-default\">\n\t\t\t\t\t<div class=\"elementor-column elementor-col-100 elementor-top-column elementor-element elementor-element-bd74bad\" data-id=\"bd74bad\" data-element_type=\"column\" data-e-type=\"column\">\n\t\t\t<div class=\"elementor-widget-wrap elementor-element-populated\">\n\t\t\t\t\t\t<div class=\"elementor-element elementor-element-4361745 elementor-widget elementor-widget-image\" data-id=\"4361745\" data-element_type=\"widget\" data-e-type=\"widget\" data-widget_type=\"image.default\">\n\t\t\t\t<div class=\"elementor-widget-container\">\n\t\t\t\t\t\t\t\t\t\t\t\t\t\t\t\t<a href=\"https:\/\/i0.wp.com\/amperthaler-saengerrunde.de\/wp-content\/uploads\/2022\/12\/todesanzeige.jpg?ssl=1\" data-elementor-open-lightbox=\"yes\" data-elementor-lightbox-title=\"todesanzeige\" data-e-action-hash=\"#elementor-action%3Aaction%3Dlightbox%26settings%3DeyJpZCI6MjIyOCwidXJsIjoiaHR0cHM6XC9cL2FtcGVydGhhbGVyLXNhZW5nZXJydW5kZS5kZVwvd3AtY29udGVudFwvdXBsb2Fkc1wvMjAyMlwvMTJcL3RvZGVzYW56ZWlnZS5qcGcifQ%3D%3D\">\n\t\t\t\t\t\t\t<img fetchpriority=\"high\" decoding=\"async\" width=\"768\" height=\"510\" src=\"https:\/\/i0.wp.com\/amperthaler-saengerrunde.de\/wp-content\/uploads\/2022\/12\/todesanzeige.jpg?fit=768%2C510&amp;ssl=1\" class=\"attachment-medium_large size-medium_large wp-image-2228\" alt=\"\" srcset=\"https:\/\/i0.wp.com\/amperthaler-saengerrunde.de\/wp-content\/uploads\/2022\/12\/todesanzeige.jpg?w=975&amp;ssl=1 975w, https:\/\/i0.wp.com\/amperthaler-saengerrunde.de\/wp-content\/uploads\/2022\/12\/todesanzeige.jpg?resize=300%2C199&amp;ssl=1 300w, https:\/\/i0.wp.com\/amperthaler-saengerrunde.de\/wp-content\/uploads\/2022\/12\/todesanzeige.jpg?resize=768%2C510&amp;ssl=1 768w\" sizes=\"(max-width: 768px) 100vw, 768px\" \/>\t\t\t\t\t\t\t\t<\/a>\n\t\t\t\t\t\t\t\t\t\t\t\t\t\t\t<\/div>\n\t\t\t\t<\/div>\n\t\t\t\t\t<\/div>\n\t\t<\/div>\n\t\t\t\t\t<\/div>\n\t\t<\/section>\n\t\t\t\t<section class=\"elementor-section elementor-top-section elementor-element elementor-element-6090b5f elementor-section-boxed elementor-section-height-default elementor-section-height-default\" data-id=\"6090b5f\" data-element_type=\"section\" data-e-type=\"section\">\n\t\t\t\t\t\t<div class=\"elementor-container elementor-column-gap-default\">\n\t\t\t\t\t<div class=\"elementor-column elementor-col-50 elementor-top-column elementor-element elementor-element-4da9248\" data-id=\"4da9248\" data-element_type=\"column\" data-e-type=\"column\">\n\t\t\t<div class=\"elementor-widget-wrap elementor-element-populated\">\n\t\t\t\t\t\t<div class=\"elementor-element elementor-element-218ee07 elementor-widget elementor-widget-image\" data-id=\"218ee07\" data-element_type=\"widget\" data-e-type=\"widget\" data-widget_type=\"image.default\">\n\t\t\t\t<div class=\"elementor-widget-container\">\n\t\t\t\t\t\t\t\t\t\t\t\t\t\t\t\t<a href=\"https:\/\/i0.wp.com\/amperthaler-saengerrunde.de\/wp-content\/uploads\/2022\/12\/sepp2.jpg?ssl=1\" data-elementor-open-lightbox=\"yes\" data-elementor-lightbox-title=\"sepp2\" data-e-action-hash=\"#elementor-action%3Aaction%3Dlightbox%26settings%3DeyJpZCI6MjE2NiwidXJsIjoiaHR0cHM6XC9cL2FtcGVydGhhbGVyLXNhZW5nZXJydW5kZS5kZVwvd3AtY29udGVudFwvdXBsb2Fkc1wvMjAyMlwvMTJcL3NlcHAyLmpwZyJ9\">\n\t\t\t\t\t\t\t<img decoding=\"async\" width=\"768\" height=\"466\" src=\"https:\/\/i0.wp.com\/amperthaler-saengerrunde.de\/wp-content\/uploads\/2022\/12\/sepp2.jpg?fit=768%2C466&amp;ssl=1\" class=\"attachment-medium_large size-medium_large wp-image-2166\" alt=\"\" srcset=\"https:\/\/i0.wp.com\/amperthaler-saengerrunde.de\/wp-content\/uploads\/2022\/12\/sepp2.jpg?w=800&amp;ssl=1 800w, https:\/\/i0.wp.com\/amperthaler-saengerrunde.de\/wp-content\/uploads\/2022\/12\/sepp2.jpg?resize=300%2C182&amp;ssl=1 300w, https:\/\/i0.wp.com\/amperthaler-saengerrunde.de\/wp-content\/uploads\/2022\/12\/sepp2.jpg?resize=768%2C466&amp;ssl=1 768w\" sizes=\"(max-width: 768px) 100vw, 768px\" \/>\t\t\t\t\t\t\t\t<\/a>\n\t\t\t\t\t\t\t\t\t\t\t\t\t\t\t<\/div>\n\t\t\t\t<\/div>\n\t\t\t\t\t<\/div>\n\t\t<\/div>\n\t\t\t\t<div class=\"elementor-column elementor-col-50 elementor-top-column elementor-element elementor-element-5e88e15\" data-id=\"5e88e15\" data-element_type=\"column\" data-e-type=\"column\">\n\t\t\t<div class=\"elementor-widget-wrap elementor-element-populated\">\n\t\t\t\t\t\t<div class=\"elementor-element elementor-element-3670cb0 elementor-widget elementor-widget-image\" data-id=\"3670cb0\" data-element_type=\"widget\" data-e-type=\"widget\" data-widget_type=\"image.default\">\n\t\t\t\t<div class=\"elementor-widget-container\">\n\t\t\t\t\t\t\t\t\t\t\t\t\t\t\t\t<a href=\"https:\/\/i0.wp.com\/amperthaler-saengerrunde.de\/wp-content\/uploads\/2022\/12\/chor2011-2.webp?ssl=1\" data-elementor-open-lightbox=\"yes\" data-elementor-lightbox-title=\"chor2011-2\" data-e-action-hash=\"#elementor-action%3Aaction%3Dlightbox%26settings%3DeyJpZCI6MjE2NCwidXJsIjoiaHR0cHM6XC9cL2FtcGVydGhhbGVyLXNhZW5nZXJydW5kZS5kZVwvd3AtY29udGVudFwvdXBsb2Fkc1wvMjAyMlwvMTJcL2Nob3IyMDExLTIud2VicCJ9\">\n\t\t\t\t\t\t\t<img decoding=\"async\" width=\"768\" height=\"430\" src=\"https:\/\/i0.wp.com\/amperthaler-saengerrunde.de\/wp-content\/uploads\/2022\/12\/chor2011-2.webp?fit=768%2C430&amp;ssl=1\" class=\"attachment-medium_large size-medium_large wp-image-2164\" alt=\"\" srcset=\"https:\/\/i0.wp.com\/amperthaler-saengerrunde.de\/wp-content\/uploads\/2022\/12\/chor2011-2.webp?w=768&amp;ssl=1 768w, https:\/\/i0.wp.com\/amperthaler-saengerrunde.de\/wp-content\/uploads\/2022\/12\/chor2011-2.webp?resize=300%2C168&amp;ssl=1 300w, https:\/\/i0.wp.com\/amperthaler-saengerrunde.de\/wp-content\/uploads\/2022\/12\/chor2011-2.webp?resize=400%2C225&amp;ssl=1 400w\" sizes=\"(max-width: 768px) 100vw, 768px\" \/>\t\t\t\t\t\t\t\t<\/a>\n\t\t\t\t\t\t\t\t\t\t\t\t\t\t\t<\/div>\n\t\t\t\t<\/div>\n\t\t\t\t\t<\/div>\n\t\t<\/div>\n\t\t\t\t\t<\/div>\n\t\t<\/section>\n\t\t\t\t<section class=\"elementor-section elementor-top-section elementor-element elementor-element-57164ba elementor-section-boxed elementor-section-height-default elementor-section-height-default\" data-id=\"57164ba\" data-element_type=\"section\" data-e-type=\"section\">\n\t\t\t\t\t\t<div class=\"elementor-container elementor-column-gap-default\">\n\t\t\t\t\t<div class=\"elementor-column elementor-col-100 elementor-top-column elementor-element elementor-element-7f406fb\" data-id=\"7f406fb\" data-element_type=\"column\" data-e-type=\"column\">\n\t\t\t<div class=\"elementor-widget-wrap elementor-element-populated\">\n\t\t\t\t\t\t<div class=\"elementor-element elementor-element-55729e6 elementor-widget elementor-widget-text-editor\" data-id=\"55729e6\" data-element_type=\"widget\" data-e-type=\"widget\" data-widget_type=\"text-editor.default\">\n\t\t\t\t<div class=\"elementor-widget-container\">\n\t\t\t\t\t\t\t\t\t<p><strong>\u00a0<\/strong>Die Amperthaler S\u00e4ngerrunde trauert um ihren treuen S\u00e4nger, Gr\u00fcndungs- und Ehrenmitglied Josef Frank, der im Alter von 94 Jahren am 17.Dezember 2022 im Kreise seiner Familie einschlafen durfte.<\/p><p>Sein Leben war der Gesang, den er schon in jungen Jahren pflegte. So ist es auch nicht erstaunlich, dass der Sepp schon bei der Gr\u00fcndung des M\u00e4nnerchores 1961 in der K\u00fcche beim Oberwirt mit dabei war (siehe <a href=\"https:\/\/amperthaler-saengerrunde.de\/?page_id=157\">&#8222;Geschichte der S\u00e4ngerrunde&#8220;<\/a>)<\/p><p>Er war mit Leib und Seele dem Verein verbunden und auch einige Zeit im Vereinsvorstand vertreten.<\/p><p>Von 1976 \u2013 1987 als Notenwart ; 1980 \u2013 1987 als 2.Vorstand ;\u00a0 1987 \u2013 1988 als 1.Vorstand.<\/p><p>Von Anfang an sang der Sepp im 1. Bass. Es gab nur wenige Proben, Auftritte oder Veranstaltungen an denen er nicht mit dabei war.<\/p><p>Er war eine feste Gr\u00f6\u00dfe \u2013 auf ihn konnten sich alle verlassen.<\/p><p>Mit seiner kr\u00e4ftigen Stimme war er auch sehr oft eine St\u00fctze f\u00fcr neue S\u00e4nger, um ihnen den Einstieg in den Chorgesang zu erleichtern. Auch wenn es manchmal einen strengen Blick \u00fcber die Brillengl\u00e4ser vom Sepp gab und \u201e habt\u00b4s wieda ned aufba\u00dfd\u201c.<\/p><p>Schweren Herzens beendete Sepp sein S\u00e4ngerlaufbahn 2020, was ihn aber nicht abhielt, soweit es seine Kr\u00e4fte erlaubten, den Kontakt mit dem M\u00e4nnerchor aufrecht zu erhalten.<\/p><p>Eine besondere Freude war es, als der Sepp noch einmal beim Kirchweihsingen am 16.Oktober 2022 als Zuh\u00f6rer mit dabei war und mit gro\u00dfer Freude die Veranstaltung bis zum Ende genoss.<\/p><p>Nat\u00fcrlich \u2013 wie k\u00f6nnte es auch anders sein \u2013 im \u201eVereinsgwandl\u201c.<\/p><p>Im Sommer 2022 wurde er, wegen Corona ein Jahr sp\u00e4ter, f\u00fcr seine 60-j\u00e4hrige Vereinstreue besonders geehrt.<\/p><p>Wir sprechen bestimmt noch oft \u00fcber unseren Sepp, seine Sangesfreude und seinen pfiffigen Humor.<\/p><p>Der M\u00e4nnerchor Amperthaler S\u00e4ngerrunde verneigt sich vor seinem treuen S\u00e4nger und Wegbegleiter und wird ihm ein ehrendes Andenken bewahren.<\/p><p>Unsere aufrichtige Anteilnahme gilt seinen S\u00f6hnen mit Familien, seinen Enkeln und Urenkeln.<\/p><p>Sepp, Du wirst uns fehlen. Schee, dass Du bei uns warst. Danke f\u00fcr Deine Treue und Freundschaft zur Amperthaler S\u00e4ngerrunde.<\/p><p>Wir werden oft an dich denken.<\/p><p><em>Renate Stiebing im Namen der Amperthaler S\u00e4ngerrunde<\/em><\/p>\t\t\t\t\t\t\t\t<\/div>\n\t\t\t\t<\/div>\n\t\t\t\t\t<\/div>\n\t\t<\/div>\n\t\t\t\t\t<\/div>\n\t\t<\/section>\n\t\t\t\t<section class=\"elementor-section elementor-top-section elementor-element elementor-element-2bc33a0 elementor-section-boxed elementor-section-height-default elementor-section-height-default\" data-id=\"2bc33a0\" data-element_type=\"section\" data-e-type=\"section\">\n\t\t\t\t\t\t<div class=\"elementor-container elementor-column-gap-default\">\n\t\t\t\t\t<div class=\"elementor-column elementor-col-100 elementor-top-column elementor-element elementor-element-0fc90a2\" data-id=\"0fc90a2\" data-element_type=\"column\" data-e-type=\"column\">\n\t\t\t<div class=\"elementor-widget-wrap elementor-element-populated\">\n\t\t\t\t\t\t<div class=\"elementor-element elementor-element-5e381c1 elementor-widget elementor-widget-text-editor\" data-id=\"5e381c1\" data-element_type=\"widget\" data-e-type=\"widget\" data-widget_type=\"text-editor.default\">\n\t\t\t\t<div class=\"elementor-widget-container\">\n\t\t\t\t\t\t\t\t\t<h3 style=\"text-align: center;\"><strong>Pfiade\u00a0 und ruhe in Fried\u00b4n.<\/strong><\/h3>\t\t\t\t\t\t\t\t<\/div>\n\t\t\t\t<\/div>\n\t\t\t\t\t<\/div>\n\t\t<\/div>\n\t\t\t\t\t<\/div>\n\t\t<\/section>\n\t\t\t\t<section class=\"elementor-section elementor-top-section elementor-element elementor-element-9ca16eb elementor-section-boxed elementor-section-height-default elementor-section-height-default\" data-id=\"9ca16eb\" data-element_type=\"section\" data-e-type=\"section\">\n\t\t\t\t\t\t<div class=\"elementor-container elementor-column-gap-default\">\n\t\t\t\t\t<div class=\"elementor-column elementor-col-50 elementor-top-column elementor-element elementor-element-0de0029\" data-id=\"0de0029\" data-element_type=\"column\" data-e-type=\"column\">\n\t\t\t<div class=\"elementor-widget-wrap elementor-element-populated\">\n\t\t\t\t\t\t<div class=\"elementor-element elementor-element-f357acb elementor-widget elementor-widget-image\" data-id=\"f357acb\" data-element_type=\"widget\" data-e-type=\"widget\" data-widget_type=\"image.default\">\n\t\t\t\t<div class=\"elementor-widget-container\">\n\t\t\t\t\t\t\t\t\t\t\t\t\t\t\t<img loading=\"lazy\" decoding=\"async\" width=\"780\" height=\"585\" src=\"https:\/\/i0.wp.com\/amperthaler-saengerrunde.de\/wp-content\/uploads\/2022\/12\/Saengerjubilaeum-2011-177-scaled.jpg?fit=780%2C585&amp;ssl=1\" class=\"attachment-large size-large wp-image-2152\" alt=\"\" srcset=\"https:\/\/i0.wp.com\/amperthaler-saengerrunde.de\/wp-content\/uploads\/2022\/12\/Saengerjubilaeum-2011-177-scaled.jpg?w=2560&amp;ssl=1 2560w, https:\/\/i0.wp.com\/amperthaler-saengerrunde.de\/wp-content\/uploads\/2022\/12\/Saengerjubilaeum-2011-177-scaled.jpg?resize=300%2C225&amp;ssl=1 300w, https:\/\/i0.wp.com\/amperthaler-saengerrunde.de\/wp-content\/uploads\/2022\/12\/Saengerjubilaeum-2011-177-scaled.jpg?resize=1024%2C768&amp;ssl=1 1024w, https:\/\/i0.wp.com\/amperthaler-saengerrunde.de\/wp-content\/uploads\/2022\/12\/Saengerjubilaeum-2011-177-scaled.jpg?resize=768%2C576&amp;ssl=1 768w, https:\/\/i0.wp.com\/amperthaler-saengerrunde.de\/wp-content\/uploads\/2022\/12\/Saengerjubilaeum-2011-177-scaled.jpg?resize=1536%2C1152&amp;ssl=1 1536w, https:\/\/i0.wp.com\/amperthaler-saengerrunde.de\/wp-content\/uploads\/2022\/12\/Saengerjubilaeum-2011-177-scaled.jpg?resize=2048%2C1536&amp;ssl=1 2048w, https:\/\/i0.wp.com\/amperthaler-saengerrunde.de\/wp-content\/uploads\/2022\/12\/Saengerjubilaeum-2011-177-scaled.jpg?w=2340&amp;ssl=1 2340w\" sizes=\"(max-width: 780px) 100vw, 780px\" \/>\t\t\t\t\t\t\t\t\t\t\t\t\t\t\t<\/div>\n\t\t\t\t<\/div>\n\t\t\t\t\t<\/div>\n\t\t<\/div>\n\t\t\t\t<div class=\"elementor-column elementor-col-50 elementor-top-column elementor-element elementor-element-d248601\" data-id=\"d248601\" data-element_type=\"column\" data-e-type=\"column\">\n\t\t\t<div class=\"elementor-widget-wrap elementor-element-populated\">\n\t\t\t\t\t\t<div class=\"elementor-element elementor-element-67a0d14 elementor-widget elementor-widget-image\" data-id=\"67a0d14\" data-element_type=\"widget\" data-e-type=\"widget\" data-widget_type=\"image.default\">\n\t\t\t\t<div class=\"elementor-widget-container\">\n\t\t\t\t\t\t\t\t\t\t\t\t\t\t\t<img loading=\"lazy\" decoding=\"async\" width=\"756\" height=\"518\" src=\"https:\/\/i0.wp.com\/amperthaler-saengerrunde.de\/wp-content\/uploads\/2022\/12\/sepp3-1.jpg?fit=756%2C518&amp;ssl=1\" class=\"attachment-large size-large wp-image-2168\" alt=\"\" srcset=\"https:\/\/i0.wp.com\/amperthaler-saengerrunde.de\/wp-content\/uploads\/2022\/12\/sepp3-1.jpg?w=756&amp;ssl=1 756w, https:\/\/i0.wp.com\/amperthaler-saengerrunde.de\/wp-content\/uploads\/2022\/12\/sepp3-1.jpg?resize=300%2C206&amp;ssl=1 300w\" sizes=\"(max-width: 756px) 100vw, 756px\" \/>\t\t\t\t\t\t\t\t\t\t\t\t\t\t\t<\/div>\n\t\t\t\t<\/div>\n\t\t\t\t\t<\/div>\n\t\t<\/div>\n\t\t\t\t\t<\/div>\n\t\t<\/section>\n\t\t\t\t<section class=\"elementor-section elementor-top-section elementor-element elementor-element-2ec2fb8 elementor-section-boxed elementor-section-height-default elementor-section-height-default\" data-id=\"2ec2fb8\" data-element_type=\"section\" data-e-type=\"section\">\n\t\t\t\t\t\t<div class=\"elementor-container elementor-column-gap-default\">\n\t\t\t\t\t<div class=\"elementor-column elementor-col-100 elementor-top-column elementor-element elementor-element-6207dce\" data-id=\"6207dce\" data-element_type=\"column\" data-e-type=\"column\">\n\t\t\t<div class=\"elementor-widget-wrap\">\n\t\t\t\t\t\t\t<\/div>\n\t\t<\/div>\n\t\t\t\t\t<\/div>\n\t\t<\/section>\n\t\t\t\t<\/div>\n\t\t","protected":false},"excerpt":{"rendered":"<p>\u00a0Die Amperthaler S\u00e4ngerrunde trauert um ihren treuen S\u00e4nger, Gr\u00fcndungs- und Ehrenmitglied Josef Frank, der im Alter von 94 Jahren am 17.Dezember 2022 im Kreise seiner Familie einschlafen durfte. Sein Leben war der Gesang, den er schon in jungen Jahren pflegte. <a class=\"more-link\" href=\"https:\/\/amperthaler-saengerrunde.de\/?page_id=2148\">weiterlesen&#8230;<\/a><\/p>\n","protected":false},"author":1,"featured_media":2154,"parent":0,"menu_order":321,"comment_status":"closed","ping_status":"closed","template":"elementor_header_footer","meta":{"footnotes":""},"class_list":["post-2148","page","type-page","status-publish","has-post-thumbnail","hentry"],"jetpack_sharing_enabled":true,"_links":{"self":[{"href":"https:\/\/amperthaler-saengerrunde.de\/index.php?rest_route=\/wp\/v2\/pages\/2148","targetHints":{"allow":["GET"]}}],"collection":[{"href":"https:\/\/amperthaler-saengerrunde.de\/index.php?rest_route=\/wp\/v2\/pages"}],"about":[{"href":"https:\/\/amperthaler-saengerrunde.de\/index.php?rest_route=\/wp\/v2\/types\/page"}],"author":[{"embeddable":true,"href":"https:\/\/amperthaler-saengerrunde.de\/index.php?rest_route=\/wp\/v2\/users\/1"}],"replies":[{"embeddable":true,"href":"https:\/\/amperthaler-saengerrunde.de\/index.php?rest_route=%2Fwp%2Fv2%2Fcomments&post=2148"}],"version-history":[{"count":35,"href":"https:\/\/amperthaler-saengerrunde.de\/index.php?rest_route=\/wp\/v2\/pages\/2148\/revisions"}],"predecessor-version":[{"id":2231,"href":"https:\/\/amperthaler-saengerrunde.de\/index.php?rest_route=\/wp\/v2\/pages\/2148\/revisions\/2231"}],"wp:featuredmedia":[{"embeddable":true,"href":"https:\/\/amperthaler-saengerrunde.de\/index.php?rest_route=\/wp\/v2\/media\/2154"}],"wp:attachment":[{"href":"https:\/\/amperthaler-saengerrunde.de\/index.php?rest_route=%2Fwp%2Fv2%2Fmedia&parent=2148"}],"curies":[{"name":"wp","href":"https:\/\/api.w.org\/{rel}","templated":true}]}}