{"id":2215,"date":"2022-12-27T15:34:45","date_gmt":"2022-12-27T15:34:45","guid":{"rendered":"https:\/\/amperthaler-saengerrunde.de\/?page_id=2215"},"modified":"2023-05-04T14:45:56","modified_gmt":"2023-05-04T14:45:56","slug":"singen-unterm-christbaum-2022","status":"publish","type":"page","link":"https:\/\/amperthaler-saengerrunde.de\/?page_id=2215","title":{"rendered":"Singen unterm Christbaum 2022"},"content":{"rendered":"\t\t<div data-elementor-type=\"wp-page\" data-elementor-id=\"2215\" class=\"elementor elementor-2215\">\n\t\t\t\t\t\t<section class=\"elementor-section elementor-top-section elementor-element elementor-element-34c5f72 elementor-section-boxed elementor-section-height-default elementor-section-height-default\" data-id=\"34c5f72\" data-element_type=\"section\" data-e-type=\"section\">\n\t\t\t\t\t\t<div class=\"elementor-container elementor-column-gap-default\">\n\t\t\t\t\t<div class=\"elementor-column elementor-col-100 elementor-top-column elementor-element elementor-element-a24fd71\" data-id=\"a24fd71\" data-element_type=\"column\" data-e-type=\"column\">\n\t\t\t<div class=\"elementor-widget-wrap elementor-element-populated\">\n\t\t\t\t\t\t<div class=\"elementor-element elementor-element-4c3e879 elementor-widget elementor-widget-text-editor\" data-id=\"4c3e879\" data-element_type=\"widget\" data-e-type=\"widget\" data-widget_type=\"text-editor.default\">\n\t\t\t\t<div class=\"elementor-widget-container\">\n\t\t\t\t\t\t\t\t\t<h3>Singen unterm Christbaum 2022<\/h3><p>Wie traditionell jedes Jahr gab die S\u00e4ngerrunde nach der Christmette unter Chorleiter Elmar Thalhammer vor dem\u00a0 hell erleuchteten Christbaum ein kurzes St\u00e4ndchen, w\u00e4hrend die Mettenbesucher den Heiligen Abend bei Gl\u00fchwein ausklingen lie\u00dfen.<\/p><p><span style=\"font-size: 8pt;\">(Die Videoaufnahme leidet leider unter Dunkelheit und Unsch\u00e4rfe)<\/span><\/p>\t\t\t\t\t\t\t\t<\/div>\n\t\t\t\t<\/div>\n\t\t\t\t\t<\/div>\n\t\t<\/div>\n\t\t\t\t\t<\/div>\n\t\t<\/section>\n\t\t\t\t<section class=\"elementor-section elementor-top-section elementor-element elementor-element-b75ee9b elementor-section-boxed elementor-section-height-default elementor-section-height-default\" data-id=\"b75ee9b\" data-element_type=\"section\" data-e-type=\"section\">\n\t\t\t\t\t\t<div class=\"elementor-container elementor-column-gap-default\">\n\t\t\t\t\t<div class=\"elementor-column elementor-col-100 elementor-top-column elementor-element elementor-element-33686c1\" data-id=\"33686c1\" data-element_type=\"column\" data-e-type=\"column\">\n\t\t\t<div class=\"elementor-widget-wrap elementor-element-populated\">\n\t\t\t\t\t\t<div class=\"elementor-element elementor-element-83b6a38 elementor-widget elementor-widget-video\" data-id=\"83b6a38\" data-element_type=\"widget\" data-e-type=\"widget\" data-settings=\"{&quot;youtube_url&quot;:&quot;https:\\\/\\\/youtu.be\\\/inu9JC2QxcE&quot;,&quot;video_type&quot;:&quot;youtube&quot;,&quot;controls&quot;:&quot;yes&quot;}\" data-widget_type=\"video.default\">\n\t\t\t\t<div class=\"elementor-widget-container\">\n\t\t\t\t\t\t\t<div class=\"elementor-wrapper elementor-open-inline\">\n\t\t\t<div class=\"elementor-video\"><\/div>\t\t<\/div>\n\t\t\t\t\t\t<\/div>\n\t\t\t\t<\/div>\n\t\t\t\t\t<\/div>\n\t\t<\/div>\n\t\t\t\t\t<\/div>\n\t\t<\/section>\n\t\t\t\t<\/div>\n\t\t","protected":false},"excerpt":{"rendered":"<p>Singen unterm Christbaum 2022 Wie traditionell jedes Jahr gab die S\u00e4ngerrunde nach der Christmette unter Chorleiter Elmar Thalhammer vor dem\u00a0 hell erleuchteten Christbaum ein kurzes St\u00e4ndchen, w\u00e4hrend die Mettenbesucher den Heiligen Abend bei Gl\u00fchwein ausklingen lie\u00dfen. (Die Videoaufnahme leidet leider <a class=\"more-link\" href=\"https:\/\/amperthaler-saengerrunde.de\/?page_id=2215\">weiterlesen&#8230;<\/a><\/p>\n","protected":false},"author":1,"featured_media":0,"parent":0,"menu_order":519,"comment_status":"closed","ping_status":"closed","template":"elementor_header_footer","meta":{"footnotes":""},"class_list":["post-2215","page","type-page","status-publish","hentry"],"jetpack_sharing_enabled":true,"_links":{"self":[{"href":"https:\/\/amperthaler-saengerrunde.de\/index.php?rest_route=\/wp\/v2\/pages\/2215","targetHints":{"allow":["GET"]}}],"collection":[{"href":"https:\/\/amperthaler-saengerrunde.de\/index.php?rest_route=\/wp\/v2\/pages"}],"about":[{"href":"https:\/\/amperthaler-saengerrunde.de\/index.php?rest_route=\/wp\/v2\/types\/page"}],"author":[{"embeddable":true,"href":"https:\/\/amperthaler-saengerrunde.de\/index.php?rest_route=\/wp\/v2\/users\/1"}],"replies":[{"embeddable":true,"href":"https:\/\/amperthaler-saengerrunde.de\/index.php?rest_route=%2Fwp%2Fv2%2Fcomments&post=2215"}],"version-history":[{"count":8,"href":"https:\/\/amperthaler-saengerrunde.de\/index.php?rest_route=\/wp\/v2\/pages\/2215\/revisions"}],"predecessor-version":[{"id":2227,"href":"https:\/\/amperthaler-saengerrunde.de\/index.php?rest_route=\/wp\/v2\/pages\/2215\/revisions\/2227"}],"wp:attachment":[{"href":"https:\/\/amperthaler-saengerrunde.de\/index.php?rest_route=%2Fwp%2Fv2%2Fmedia&parent=2215"}],"curies":[{"name":"wp","href":"https:\/\/api.w.org\/{rel}","templated":true}]}}