{"id":2283,"date":"2023-01-10T09:16:41","date_gmt":"2023-01-10T09:16:41","guid":{"rendered":"https:\/\/amperthaler-saengerrunde.de\/?page_id=2283"},"modified":"2023-05-04T06:47:35","modified_gmt":"2023-05-04T06:47:35","slug":"nachruf-fuer-josef-ostermayer","status":"publish","type":"page","link":"https:\/\/amperthaler-saengerrunde.de\/?page_id=2283","title":{"rendered":"Nachruf f\u00fcr Josef Ostermayer"},"content":{"rendered":"\t\t<div data-elementor-type=\"wp-page\" data-elementor-id=\"2283\" class=\"elementor elementor-2283\">\n\t\t\t\t\t\t<section class=\"elementor-section elementor-top-section elementor-element elementor-element-c986bbc elementor-section-boxed elementor-section-height-default elementor-section-height-default\" data-id=\"c986bbc\" data-element_type=\"section\" data-e-type=\"section\">\n\t\t\t\t\t\t<div class=\"elementor-container elementor-column-gap-default\">\n\t\t\t\t\t<div class=\"elementor-column elementor-col-100 elementor-top-column elementor-element elementor-element-ee3be7a\" data-id=\"ee3be7a\" data-element_type=\"column\" data-e-type=\"column\">\n\t\t\t<div class=\"elementor-widget-wrap elementor-element-populated\">\n\t\t\t\t\t\t<div class=\"elementor-element elementor-element-7e1a4d3 elementor-widget elementor-widget-image\" data-id=\"7e1a4d3\" data-element_type=\"widget\" data-e-type=\"widget\" data-widget_type=\"image.default\">\n\t\t\t\t<div class=\"elementor-widget-container\">\n\t\t\t\t\t\t\t\t\t\t\t\t\t\t\t<img decoding=\"async\" width=\"80\" height=\"82\" src=\"https:\/\/i0.wp.com\/amperthaler-saengerrunde.de\/wp-content\/uploads\/2022\/10\/chor_logo-e1664661213718.jpg?fit=80%2C82&amp;ssl=1\" class=\"attachment-1536x1536 size-1536x1536 wp-image-22\" alt=\"\" \/>\t\t\t\t\t\t\t\t\t\t\t\t\t\t\t<\/div>\n\t\t\t\t<\/div>\n\t\t\t\t\t<\/div>\n\t\t<\/div>\n\t\t\t\t\t<\/div>\n\t\t<\/section>\n\t\t\t\t<section class=\"elementor-section elementor-top-section elementor-element elementor-element-6a034ae elementor-section-boxed elementor-section-height-default elementor-section-height-default\" data-id=\"6a034ae\" data-element_type=\"section\" data-e-type=\"section\">\n\t\t\t\t\t\t<div class=\"elementor-container elementor-column-gap-default\">\n\t\t\t\t\t<div class=\"elementor-column elementor-col-100 elementor-top-column elementor-element elementor-element-f20d6da\" data-id=\"f20d6da\" data-element_type=\"column\" data-e-type=\"column\">\n\t\t\t<div class=\"elementor-widget-wrap elementor-element-populated\">\n\t\t\t\t\t\t<div class=\"elementor-element elementor-element-c0ab6ce elementor-widget elementor-widget-image\" data-id=\"c0ab6ce\" data-element_type=\"widget\" data-e-type=\"widget\" data-widget_type=\"image.default\">\n\t\t\t\t<div class=\"elementor-widget-container\">\n\t\t\t\t\t\t\t\t\t\t\t\t\t\t\t\t<a href=\"https:\/\/i0.wp.com\/amperthaler-saengerrunde.de\/wp-content\/uploads\/2023\/01\/bauw_1-1.jpg?ssl=1\" data-elementor-open-lightbox=\"yes\" data-elementor-lightbox-title=\"OLYMPUS DIGITAL CAMERA\" data-e-action-hash=\"#elementor-action%3Aaction%3Dlightbox%26settings%3DeyJpZCI6MjI5MywidXJsIjoiaHR0cHM6XC9cL2FtcGVydGhhbGVyLXNhZW5nZXJydW5kZS5kZVwvd3AtY29udGVudFwvdXBsb2Fkc1wvMjAyM1wvMDFcL2JhdXdfMS0xLmpwZyJ9\">\n\t\t\t\t\t\t\t<img fetchpriority=\"high\" decoding=\"async\" width=\"323\" height=\"847\" src=\"https:\/\/i0.wp.com\/amperthaler-saengerrunde.de\/wp-content\/uploads\/2023\/01\/bauw_1-1.jpg?fit=323%2C847&amp;ssl=1\" class=\"attachment-large size-large wp-image-2293\" alt=\"\" srcset=\"https:\/\/i0.wp.com\/amperthaler-saengerrunde.de\/wp-content\/uploads\/2023\/01\/bauw_1-1.jpg?w=323&amp;ssl=1 323w, https:\/\/i0.wp.com\/amperthaler-saengerrunde.de\/wp-content\/uploads\/2023\/01\/bauw_1-1.jpg?resize=114%2C300&amp;ssl=1 114w\" sizes=\"(max-width: 323px) 100vw, 323px\" \/>\t\t\t\t\t\t\t\t<\/a>\n\t\t\t\t\t\t\t\t\t\t\t\t\t\t\t<\/div>\n\t\t\t\t<\/div>\n\t\t\t\t\t<\/div>\n\t\t<\/div>\n\t\t\t\t\t<\/div>\n\t\t<\/section>\n\t\t\t\t<section class=\"elementor-section elementor-top-section elementor-element elementor-element-132547a elementor-section-boxed elementor-section-height-default elementor-section-height-default\" data-id=\"132547a\" data-element_type=\"section\" data-e-type=\"section\">\n\t\t\t\t\t\t<div class=\"elementor-container elementor-column-gap-default\">\n\t\t\t\t\t<div class=\"elementor-column elementor-col-100 elementor-top-column elementor-element elementor-element-fb4ad0b\" data-id=\"fb4ad0b\" data-element_type=\"column\" data-e-type=\"column\">\n\t\t\t<div class=\"elementor-widget-wrap elementor-element-populated\">\n\t\t\t\t\t\t<div class=\"elementor-element elementor-element-2d61c04 elementor-widget elementor-widget-text-editor\" data-id=\"2d61c04\" data-element_type=\"widget\" data-e-type=\"widget\" data-widget_type=\"text-editor.default\">\n\t\t\t\t<div class=\"elementor-widget-container\">\n\t\t\t\t\t\t\t\t\t<h3>Nachruf f\u00fcr Josef Ostermayer\u00a0 &#8211; \u201eda Bauwagner Sepp\u201c<br \/>\u00a0<\/h3><p>Traurig mussten wir am vergangenen Sonntagmorgen erfahren, dass unser treues Mitglied und langj\u00e4hriger aktiver S\u00e4nger Josef Ostermayer am Samstag, den\u00a0 07.01.2023 verstorben ist.<\/p><p>Am Samstagabend durfte er zu Hause im Kreise seiner Familie ruhig einschlafen.<\/p><p>Der Sepp war seit 1978 Mitglied der Amperthaler S\u00e4ngerrunde und bis 2020 als 1.Bass ein zuverl\u00e4ssiger aktiver S\u00e4nger im M\u00e4nnerchor.<\/p><p>Bei der Jahreshauptversammlung 2019 wurde er mit einer Urkunde f\u00fcr 40 Jahre Mitgliedschaft beim M\u00e4nnerchor besonders geehrt.<\/p><p>Gerne denken wir an die Zeiten zur\u00fcck, in denen im Bauwanger-Garten die Sommer- und Saisonabschlussfeste gefeiert wurden.<\/p><p>Es war f\u00fcr Sepp eine Selbstverst\u00e4ndlichkeit, seine Maschinenhalle auszur\u00e4umen und f\u00fcrs Sommerfest zur Verf\u00fcgung zu stellen.<\/p><p>Auch war er immer einer zuverl\u00e4ssiger Helfer, wenn es anstand, f\u00fcr die verschiedenen S\u00e4ngerfeste und Jubil\u00e4en beim Herrichten der Tenne tatkr\u00e4ftig mitzuhelfen. Wenn es schwere, sperrige Teile zu bewegen gab, holte der Sepp seinen Bulldog raus, und schon war das Problem gel\u00f6st.<\/p><p>Vom Anfang bis zum Ende konnte man mit seiner Unterst\u00fctzung rechnen, und auch beim gem\u00fctlichen Abschluss bei einer \u201eFeierabend-Hoibe\u201c war er mit von der Partie.<\/p><p>Unvergessen auch die Feier zu seinem 90.Geburtstag, die ihm seine Kinder auf dem Bauwangerhof ausgerichtet haben. Der M\u00e4nnerchor war mit voller St\u00e4rke vertreten, um dem Sepp die musikalischen Gl\u00fcckwunsche zu \u00fcberbringen.<\/p><p>Unsere aufrichtige Anteilnahme gilt seinen Kindern, Enkeln und Urenkeln mit Familien. Wir werden den Sepp mit seiner ruhigen und zugleich humorigen Art vermissen, sind dankbar f\u00fcr seine langj\u00e4hrige Freundschaft und werden ihm ein ehrendes Andenken bewahren.<\/p><h3>Ruhe in Frieden<\/h3><p><em>Renate Stiebing<\/em><\/p>\t\t\t\t\t\t\t\t<\/div>\n\t\t\t\t<\/div>\n\t\t\t\t\t<\/div>\n\t\t<\/div>\n\t\t\t\t\t<\/div>\n\t\t<\/section>\n\t\t\t\t<section class=\"elementor-section elementor-top-section elementor-element elementor-element-6097bc7 elementor-section-boxed elementor-section-height-default elementor-section-height-default\" data-id=\"6097bc7\" data-element_type=\"section\" data-e-type=\"section\">\n\t\t\t\t\t\t<div class=\"elementor-container elementor-column-gap-default\">\n\t\t\t\t\t<div class=\"elementor-column elementor-col-50 elementor-top-column elementor-element elementor-element-f1a2d73\" data-id=\"f1a2d73\" data-element_type=\"column\" data-e-type=\"column\">\n\t\t\t<div class=\"elementor-widget-wrap elementor-element-populated\">\n\t\t\t\t\t\t<div class=\"elementor-element elementor-element-a203525 elementor-widget elementor-widget-image\" data-id=\"a203525\" data-element_type=\"widget\" data-e-type=\"widget\" data-widget_type=\"image.default\">\n\t\t\t\t<div class=\"elementor-widget-container\">\n\t\t\t\t\t\t\t\t\t\t\t\t\t\t\t<img decoding=\"async\" width=\"768\" height=\"422\" src=\"https:\/\/i0.wp.com\/amperthaler-saengerrunde.de\/wp-content\/uploads\/2023\/01\/bauw_2b.jpg?fit=768%2C422&amp;ssl=1\" class=\"attachment-medium_large size-medium_large wp-image-2294\" alt=\"\" srcset=\"https:\/\/i0.wp.com\/amperthaler-saengerrunde.de\/wp-content\/uploads\/2023\/01\/bauw_2b.jpg?w=1881&amp;ssl=1 1881w, https:\/\/i0.wp.com\/amperthaler-saengerrunde.de\/wp-content\/uploads\/2023\/01\/bauw_2b.jpg?resize=300%2C165&amp;ssl=1 300w, https:\/\/i0.wp.com\/amperthaler-saengerrunde.de\/wp-content\/uploads\/2023\/01\/bauw_2b.jpg?resize=1024%2C563&amp;ssl=1 1024w, https:\/\/i0.wp.com\/amperthaler-saengerrunde.de\/wp-content\/uploads\/2023\/01\/bauw_2b.jpg?resize=768%2C422&amp;ssl=1 768w, https:\/\/i0.wp.com\/amperthaler-saengerrunde.de\/wp-content\/uploads\/2023\/01\/bauw_2b.jpg?resize=1536%2C844&amp;ssl=1 1536w\" sizes=\"(max-width: 768px) 100vw, 768px\" \/>\t\t\t\t\t\t\t\t\t\t\t\t\t\t\t<\/div>\n\t\t\t\t<\/div>\n\t\t\t\t\t<\/div>\n\t\t<\/div>\n\t\t\t\t<div class=\"elementor-column elementor-col-50 elementor-top-column elementor-element elementor-element-be6b52d\" data-id=\"be6b52d\" data-element_type=\"column\" data-e-type=\"column\">\n\t\t\t<div class=\"elementor-widget-wrap elementor-element-populated\">\n\t\t\t\t\t\t<div class=\"elementor-element elementor-element-2f6de37 elementor-widget elementor-widget-image\" data-id=\"2f6de37\" data-element_type=\"widget\" data-e-type=\"widget\" data-widget_type=\"image.default\">\n\t\t\t\t<div class=\"elementor-widget-container\">\n\t\t\t\t\t\t\t\t\t\t\t\t\t\t\t\t<a href=\"https:\/\/i0.wp.com\/amperthaler-saengerrunde.de\/wp-content\/uploads\/2023\/01\/bauw_7-1.jpg?ssl=1\" data-elementor-open-lightbox=\"yes\" data-elementor-lightbox-title=\"bauw_7+\" data-e-action-hash=\"#elementor-action%3Aaction%3Dlightbox%26settings%3DeyJpZCI6MjI5MiwidXJsIjoiaHR0cHM6XC9cL2FtcGVydGhhbGVyLXNhZW5nZXJydW5kZS5kZVwvd3AtY29udGVudFwvdXBsb2Fkc1wvMjAyM1wvMDFcL2JhdXdfNy0xLmpwZyJ9\">\n\t\t\t\t\t\t\t<img loading=\"lazy\" decoding=\"async\" width=\"768\" height=\"422\" src=\"https:\/\/i0.wp.com\/amperthaler-saengerrunde.de\/wp-content\/uploads\/2023\/01\/bauw_7-1.jpg?fit=768%2C422&amp;ssl=1\" class=\"attachment-medium_large size-medium_large wp-image-2292\" alt=\"\" srcset=\"https:\/\/i0.wp.com\/amperthaler-saengerrunde.de\/wp-content\/uploads\/2023\/01\/bauw_7-1.jpg?w=1881&amp;ssl=1 1881w, https:\/\/i0.wp.com\/amperthaler-saengerrunde.de\/wp-content\/uploads\/2023\/01\/bauw_7-1.jpg?resize=300%2C165&amp;ssl=1 300w, https:\/\/i0.wp.com\/amperthaler-saengerrunde.de\/wp-content\/uploads\/2023\/01\/bauw_7-1.jpg?resize=1024%2C563&amp;ssl=1 1024w, https:\/\/i0.wp.com\/amperthaler-saengerrunde.de\/wp-content\/uploads\/2023\/01\/bauw_7-1.jpg?resize=768%2C422&amp;ssl=1 768w, https:\/\/i0.wp.com\/amperthaler-saengerrunde.de\/wp-content\/uploads\/2023\/01\/bauw_7-1.jpg?resize=1536%2C844&amp;ssl=1 1536w\" sizes=\"(max-width: 768px) 100vw, 768px\" \/>\t\t\t\t\t\t\t\t<\/a>\n\t\t\t\t\t\t\t\t\t\t\t\t\t\t\t<\/div>\n\t\t\t\t<\/div>\n\t\t\t\t\t<\/div>\n\t\t<\/div>\n\t\t\t\t\t<\/div>\n\t\t<\/section>\n\t\t\t\t<section class=\"elementor-section elementor-top-section elementor-element elementor-element-4a2b720 elementor-section-boxed elementor-section-height-default elementor-section-height-default\" data-id=\"4a2b720\" data-element_type=\"section\" data-e-type=\"section\">\n\t\t\t\t\t\t<div class=\"elementor-container elementor-column-gap-default\">\n\t\t\t\t\t<div class=\"elementor-column elementor-col-100 elementor-top-column elementor-element elementor-element-0bfa94f\" data-id=\"0bfa94f\" data-element_type=\"column\" data-e-type=\"column\">\n\t\t\t<div class=\"elementor-widget-wrap elementor-element-populated\">\n\t\t\t\t\t\t<div class=\"elementor-element elementor-element-2374492 elementor-widget elementor-widget-image\" data-id=\"2374492\" data-element_type=\"widget\" data-e-type=\"widget\" data-widget_type=\"image.default\">\n\t\t\t\t<div class=\"elementor-widget-container\">\n\t\t\t\t\t\t\t\t\t\t\t\t\t\t\t\t<a href=\"https:\/\/i0.wp.com\/amperthaler-saengerrunde.de\/wp-content\/uploads\/2023\/01\/todesanzeige1.jpg?ssl=1\" data-elementor-open-lightbox=\"yes\" data-elementor-lightbox-title=\"todesanzeige1\" data-e-action-hash=\"#elementor-action%3Aaction%3Dlightbox%26settings%3DeyJpZCI6MjMzMCwidXJsIjoiaHR0cHM6XC9cL2FtcGVydGhhbGVyLXNhZW5nZXJydW5kZS5kZVwvd3AtY29udGVudFwvdXBsb2Fkc1wvMjAyM1wvMDFcL3RvZGVzYW56ZWlnZTEuanBnIn0%3D\">\n\t\t\t\t\t\t\t<img loading=\"lazy\" decoding=\"async\" width=\"778\" height=\"531\" src=\"https:\/\/i0.wp.com\/amperthaler-saengerrunde.de\/wp-content\/uploads\/2023\/01\/todesanzeige1.jpg?fit=778%2C531&amp;ssl=1\" class=\"attachment-large size-large wp-image-2330\" alt=\"\" srcset=\"https:\/\/i0.wp.com\/amperthaler-saengerrunde.de\/wp-content\/uploads\/2023\/01\/todesanzeige1.jpg?w=778&amp;ssl=1 778w, https:\/\/i0.wp.com\/amperthaler-saengerrunde.de\/wp-content\/uploads\/2023\/01\/todesanzeige1.jpg?resize=300%2C205&amp;ssl=1 300w, https:\/\/i0.wp.com\/amperthaler-saengerrunde.de\/wp-content\/uploads\/2023\/01\/todesanzeige1.jpg?resize=768%2C524&amp;ssl=1 768w\" sizes=\"(max-width: 778px) 100vw, 778px\" \/>\t\t\t\t\t\t\t\t<\/a>\n\t\t\t\t\t\t\t\t\t\t\t\t\t\t\t<\/div>\n\t\t\t\t<\/div>\n\t\t\t\t\t<\/div>\n\t\t<\/div>\n\t\t\t\t\t<\/div>\n\t\t<\/section>\n\t\t\t\t<section class=\"elementor-section elementor-top-section elementor-element elementor-element-93689a0 elementor-section-boxed elementor-section-height-default elementor-section-height-default\" data-id=\"93689a0\" data-element_type=\"section\" data-e-type=\"section\">\n\t\t\t\t\t\t<div class=\"elementor-container elementor-column-gap-default\">\n\t\t\t\t\t<div class=\"elementor-column elementor-col-100 elementor-top-column elementor-element elementor-element-12db1f0\" data-id=\"12db1f0\" data-element_type=\"column\" data-e-type=\"column\">\n\t\t\t<div class=\"elementor-widget-wrap elementor-element-populated\">\n\t\t\t\t\t\t<div class=\"elementor-element elementor-element-ac01040 elementor-widget elementor-widget-image\" data-id=\"ac01040\" data-element_type=\"widget\" data-e-type=\"widget\" data-widget_type=\"image.default\">\n\t\t\t\t<div class=\"elementor-widget-container\">\n\t\t\t\t\t\t\t\t\t\t\t\t\t\t\t\t<a href=\"https:\/\/i0.wp.com\/amperthaler-saengerrunde.de\/wp-content\/uploads\/2023\/01\/beisetzung.jpg?ssl=1\" data-elementor-open-lightbox=\"yes\" data-elementor-lightbox-title=\"beisetzung\" data-e-action-hash=\"#elementor-action%3Aaction%3Dlightbox%26settings%3DeyJpZCI6MjMzNSwidXJsIjoiaHR0cHM6XC9cL2FtcGVydGhhbGVyLXNhZW5nZXJydW5kZS5kZVwvd3AtY29udGVudFwvdXBsb2Fkc1wvMjAyM1wvMDFcL2JlaXNldHp1bmcuanBnIn0%3D\">\n\t\t\t\t\t\t\t<img loading=\"lazy\" decoding=\"async\" width=\"768\" height=\"512\" src=\"https:\/\/i0.wp.com\/amperthaler-saengerrunde.de\/wp-content\/uploads\/2023\/01\/beisetzung.jpg?fit=768%2C512&amp;ssl=1\" class=\"attachment-medium_large size-medium_large wp-image-2335\" alt=\"\" srcset=\"https:\/\/i0.wp.com\/amperthaler-saengerrunde.de\/wp-content\/uploads\/2023\/01\/beisetzung.jpg?w=2189&amp;ssl=1 2189w, https:\/\/i0.wp.com\/amperthaler-saengerrunde.de\/wp-content\/uploads\/2023\/01\/beisetzung.jpg?resize=300%2C200&amp;ssl=1 300w, https:\/\/i0.wp.com\/amperthaler-saengerrunde.de\/wp-content\/uploads\/2023\/01\/beisetzung.jpg?resize=1024%2C683&amp;ssl=1 1024w, https:\/\/i0.wp.com\/amperthaler-saengerrunde.de\/wp-content\/uploads\/2023\/01\/beisetzung.jpg?resize=768%2C512&amp;ssl=1 768w, https:\/\/i0.wp.com\/amperthaler-saengerrunde.de\/wp-content\/uploads\/2023\/01\/beisetzung.jpg?resize=1536%2C1024&amp;ssl=1 1536w, https:\/\/i0.wp.com\/amperthaler-saengerrunde.de\/wp-content\/uploads\/2023\/01\/beisetzung.jpg?resize=2048%2C1365&amp;ssl=1 2048w\" sizes=\"(max-width: 768px) 100vw, 768px\" \/>\t\t\t\t\t\t\t\t<\/a>\n\t\t\t\t\t\t\t\t\t\t\t\t\t\t\t<\/div>\n\t\t\t\t<\/div>\n\t\t\t\t\t<\/div>\n\t\t<\/div>\n\t\t\t\t\t<\/div>\n\t\t<\/section>\n\t\t\t\t<\/div>\n\t\t","protected":false},"excerpt":{"rendered":"<p>Nachruf f\u00fcr Josef Ostermayer\u00a0 &#8211; \u201eda Bauwagner Sepp\u201c\u00a0 Traurig mussten wir am vergangenen Sonntagmorgen erfahren, dass unser treues Mitglied und langj\u00e4hriger aktiver S\u00e4nger Josef Ostermayer am Samstag, den\u00a0 07.01.2023 verstorben ist. Am Samstagabend durfte er zu Hause im Kreise seiner <a class=\"more-link\" href=\"https:\/\/amperthaler-saengerrunde.de\/?page_id=2283\">weiterlesen&#8230;<\/a><\/p>\n","protected":false},"author":1,"featured_media":0,"parent":0,"menu_order":331,"comment_status":"closed","ping_status":"closed","template":"elementor_header_footer","meta":{"footnotes":""},"class_list":["post-2283","page","type-page","status-publish","hentry"],"jetpack_sharing_enabled":true,"_links":{"self":[{"href":"https:\/\/amperthaler-saengerrunde.de\/index.php?rest_route=\/wp\/v2\/pages\/2283","targetHints":{"allow":["GET"]}}],"collection":[{"href":"https:\/\/amperthaler-saengerrunde.de\/index.php?rest_route=\/wp\/v2\/pages"}],"about":[{"href":"https:\/\/amperthaler-saengerrunde.de\/index.php?rest_route=\/wp\/v2\/types\/page"}],"author":[{"embeddable":true,"href":"https:\/\/amperthaler-saengerrunde.de\/index.php?rest_route=\/wp\/v2\/users\/1"}],"replies":[{"embeddable":true,"href":"https:\/\/amperthaler-saengerrunde.de\/index.php?rest_route=%2Fwp%2Fv2%2Fcomments&post=2283"}],"version-history":[{"count":31,"href":"https:\/\/amperthaler-saengerrunde.de\/index.php?rest_route=\/wp\/v2\/pages\/2283\/revisions"}],"predecessor-version":[{"id":2338,"href":"https:\/\/amperthaler-saengerrunde.de\/index.php?rest_route=\/wp\/v2\/pages\/2283\/revisions\/2338"}],"wp:attachment":[{"href":"https:\/\/amperthaler-saengerrunde.de\/index.php?rest_route=%2Fwp%2Fv2%2Fmedia&parent=2283"}],"curies":[{"name":"wp","href":"https:\/\/api.w.org\/{rel}","templated":true}]}}