{"id":2916,"date":"2023-06-14T13:59:10","date_gmt":"2023-06-14T13:59:10","guid":{"rendered":"https:\/\/amperthaler-saengerrunde.de\/?page_id=2916"},"modified":"2023-06-14T19:46:06","modified_gmt":"2023-06-14T19:46:06","slug":"beerdigung-karin-krahl","status":"publish","type":"page","link":"https:\/\/amperthaler-saengerrunde.de\/?page_id=2916","title":{"rendered":"Beerdigung von Karin Krahl"},"content":{"rendered":"\t\t<div data-elementor-type=\"wp-page\" data-elementor-id=\"2916\" class=\"elementor elementor-2916\">\n\t\t\t\t\t\t<section class=\"elementor-section elementor-top-section elementor-element elementor-element-7cf7711 elementor-section-boxed elementor-section-height-default elementor-section-height-default\" data-id=\"7cf7711\" data-element_type=\"section\" data-e-type=\"section\">\n\t\t\t\t\t\t<div class=\"elementor-container elementor-column-gap-default\">\n\t\t\t\t\t<div class=\"elementor-column elementor-col-100 elementor-top-column elementor-element elementor-element-8619894\" data-id=\"8619894\" data-element_type=\"column\" data-e-type=\"column\">\n\t\t\t<div class=\"elementor-widget-wrap elementor-element-populated\">\n\t\t\t\t\t\t<div class=\"elementor-element elementor-element-ec00153 elementor-widget elementor-widget-text-editor\" data-id=\"ec00153\" data-element_type=\"widget\" data-e-type=\"widget\" data-widget_type=\"text-editor.default\">\n\t\t\t\t<div class=\"elementor-widget-container\">\n\t\t\t\t\t\t\t\t\t<h2><strong>Beerdigung von Karin Krahl<\/strong><\/h2>\t\t\t\t\t\t\t\t<\/div>\n\t\t\t\t<\/div>\n\t\t\t\t\t<\/div>\n\t\t<\/div>\n\t\t\t\t\t<\/div>\n\t\t<\/section>\n\t\t\t\t<section class=\"elementor-section elementor-top-section elementor-element elementor-element-ee5ce52 elementor-section-boxed elementor-section-height-default elementor-section-height-default\" data-id=\"ee5ce52\" data-element_type=\"section\" data-e-type=\"section\">\n\t\t\t\t\t\t<div class=\"elementor-container elementor-column-gap-default\">\n\t\t\t\t\t<div class=\"elementor-column elementor-col-100 elementor-top-column elementor-element elementor-element-5950696\" data-id=\"5950696\" data-element_type=\"column\" data-e-type=\"column\">\n\t\t\t<div class=\"elementor-widget-wrap elementor-element-populated\">\n\t\t\t\t\t\t<div class=\"elementor-element elementor-element-7c3587c elementor-widget elementor-widget-image\" data-id=\"7c3587c\" data-element_type=\"widget\" data-e-type=\"widget\" data-widget_type=\"image.default\">\n\t\t\t\t<div class=\"elementor-widget-container\">\n\t\t\t\t\t\t\t\t\t\t\t\t\t\t\t\t<a href=\"https:\/\/i0.wp.com\/amperthaler-saengerrunde.de\/wp-content\/uploads\/2023\/06\/beerdigung-krahl07.jpg?ssl=1\" data-elementor-open-lightbox=\"yes\" data-elementor-lightbox-title=\"beerdigung krahl07\" data-e-action-hash=\"#elementor-action%3Aaction%3Dlightbox%26settings%3DeyJpZCI6MjkyMywidXJsIjoiaHR0cHM6XC9cL2FtcGVydGhhbGVyLXNhZW5nZXJydW5kZS5kZVwvd3AtY29udGVudFwvdXBsb2Fkc1wvMjAyM1wvMDZcL2JlZXJkaWd1bmcta3JhaGwwNy5qcGcifQ%3D%3D\">\n\t\t\t\t\t\t\t<img fetchpriority=\"high\" decoding=\"async\" width=\"540\" height=\"720\" src=\"https:\/\/i0.wp.com\/amperthaler-saengerrunde.de\/wp-content\/uploads\/2023\/06\/beerdigung-krahl07.jpg?fit=540%2C720&amp;ssl=1\" class=\"attachment-medium_large size-medium_large wp-image-2923\" alt=\"\" srcset=\"https:\/\/i0.wp.com\/amperthaler-saengerrunde.de\/wp-content\/uploads\/2023\/06\/beerdigung-krahl07.jpg?w=1536&amp;ssl=1 1536w, https:\/\/i0.wp.com\/amperthaler-saengerrunde.de\/wp-content\/uploads\/2023\/06\/beerdigung-krahl07.jpg?resize=225%2C300&amp;ssl=1 225w, https:\/\/i0.wp.com\/amperthaler-saengerrunde.de\/wp-content\/uploads\/2023\/06\/beerdigung-krahl07.jpg?resize=768%2C1024&amp;ssl=1 768w, https:\/\/i0.wp.com\/amperthaler-saengerrunde.de\/wp-content\/uploads\/2023\/06\/beerdigung-krahl07.jpg?resize=1152%2C1536&amp;ssl=1 1152w, https:\/\/i0.wp.com\/amperthaler-saengerrunde.de\/wp-content\/uploads\/2023\/06\/beerdigung-krahl07.jpg?w=1080&amp;ssl=1 1080w\" sizes=\"(max-width: 540px) 100vw, 540px\" \/>\t\t\t\t\t\t\t\t<\/a>\n\t\t\t\t\t\t\t\t\t\t\t\t\t\t\t<\/div>\n\t\t\t\t<\/div>\n\t\t\t\t\t<\/div>\n\t\t<\/div>\n\t\t\t\t\t<\/div>\n\t\t<\/section>\n\t\t\t\t<section class=\"elementor-section elementor-top-section elementor-element elementor-element-2b1f0e4 elementor-section-boxed elementor-section-height-default elementor-section-height-default\" data-id=\"2b1f0e4\" data-element_type=\"section\" data-e-type=\"section\">\n\t\t\t\t\t\t<div class=\"elementor-container elementor-column-gap-default\">\n\t\t\t\t\t<div class=\"elementor-column elementor-col-100 elementor-top-column elementor-element elementor-element-bef4e5f\" data-id=\"bef4e5f\" data-element_type=\"column\" data-e-type=\"column\">\n\t\t\t<div class=\"elementor-widget-wrap elementor-element-populated\">\n\t\t\t\t\t\t<div class=\"elementor-element elementor-element-aae6400 elementor-widget elementor-widget-text-editor\" data-id=\"aae6400\" data-element_type=\"widget\" data-e-type=\"widget\" data-widget_type=\"text-editor.default\">\n\t\t\t\t<div class=\"elementor-widget-container\">\n\t\t\t\t\t\t\t\t\t<p>Auf Wunsch von Ehemann Krahl Anton, unserm langj\u00e4hrigen aktiven S\u00e4nger und Betreuer der Homepage, umrahmte die Amperthaler S\u00e4ngerrunde unter der Leitung von unserem Chorleiter Jakob H\u00f6gl die Verabschiedungsfeier seiner Frau Karin in der St. Martins Kirche in Kirchdorf (am 14. Juni 2023 um 11:00 Uhr) musikalisch mit Ausz\u00fcgen aus der \u201eWaldlermesse\u201c und zwei weiteren Liedern.<\/p>\t\t\t\t\t\t\t\t<\/div>\n\t\t\t\t<\/div>\n\t\t\t\t\t<\/div>\n\t\t<\/div>\n\t\t\t\t\t<\/div>\n\t\t<\/section>\n\t\t\t\t<section class=\"elementor-section elementor-top-section elementor-element elementor-element-7cea870 elementor-section-boxed elementor-section-height-default elementor-section-height-default\" data-id=\"7cea870\" data-element_type=\"section\" data-e-type=\"section\">\n\t\t\t\t\t\t<div class=\"elementor-container elementor-column-gap-default\">\n\t\t\t\t\t<div class=\"elementor-column elementor-col-50 elementor-top-column elementor-element elementor-element-d5f83f7\" data-id=\"d5f83f7\" data-element_type=\"column\" data-e-type=\"column\">\n\t\t\t<div class=\"elementor-widget-wrap elementor-element-populated\">\n\t\t\t\t\t\t<div class=\"elementor-element elementor-element-bbb61b0 elementor-widget elementor-widget-image\" data-id=\"bbb61b0\" data-element_type=\"widget\" data-e-type=\"widget\" data-widget_type=\"image.default\">\n\t\t\t\t<div class=\"elementor-widget-container\">\n\t\t\t\t\t\t\t\t\t\t\t\t\t\t\t\t<a href=\"https:\/\/i0.wp.com\/amperthaler-saengerrunde.de\/wp-content\/uploads\/2023\/06\/beerdigung-krahl06.jpg?ssl=1\" data-elementor-open-lightbox=\"yes\" data-elementor-lightbox-title=\"beerdigung krahl06\" data-e-action-hash=\"#elementor-action%3Aaction%3Dlightbox%26settings%3DeyJpZCI6MjkyMiwidXJsIjoiaHR0cHM6XC9cL2FtcGVydGhhbGVyLXNhZW5nZXJydW5kZS5kZVwvd3AtY29udGVudFwvdXBsb2Fkc1wvMjAyM1wvMDZcL2JlZXJkaWd1bmcta3JhaGwwNi5qcGcifQ%3D%3D\">\n\t\t\t\t\t\t\t<img decoding=\"async\" width=\"540\" height=\"405\" src=\"https:\/\/i0.wp.com\/amperthaler-saengerrunde.de\/wp-content\/uploads\/2023\/06\/beerdigung-krahl06.jpg?fit=540%2C405&amp;ssl=1\" class=\"attachment-medium_large size-medium_large wp-image-2922\" alt=\"\" srcset=\"https:\/\/i0.wp.com\/amperthaler-saengerrunde.de\/wp-content\/uploads\/2023\/06\/beerdigung-krahl06.jpg?w=2048&amp;ssl=1 2048w, https:\/\/i0.wp.com\/amperthaler-saengerrunde.de\/wp-content\/uploads\/2023\/06\/beerdigung-krahl06.jpg?resize=300%2C225&amp;ssl=1 300w, https:\/\/i0.wp.com\/amperthaler-saengerrunde.de\/wp-content\/uploads\/2023\/06\/beerdigung-krahl06.jpg?resize=1024%2C768&amp;ssl=1 1024w, https:\/\/i0.wp.com\/amperthaler-saengerrunde.de\/wp-content\/uploads\/2023\/06\/beerdigung-krahl06.jpg?resize=768%2C576&amp;ssl=1 768w, https:\/\/i0.wp.com\/amperthaler-saengerrunde.de\/wp-content\/uploads\/2023\/06\/beerdigung-krahl06.jpg?resize=1536%2C1152&amp;ssl=1 1536w, https:\/\/i0.wp.com\/amperthaler-saengerrunde.de\/wp-content\/uploads\/2023\/06\/beerdigung-krahl06.jpg?w=1080&amp;ssl=1 1080w, https:\/\/i0.wp.com\/amperthaler-saengerrunde.de\/wp-content\/uploads\/2023\/06\/beerdigung-krahl06.jpg?w=1620&amp;ssl=1 1620w\" sizes=\"(max-width: 540px) 100vw, 540px\" \/>\t\t\t\t\t\t\t\t<\/a>\n\t\t\t\t\t\t\t\t\t\t\t\t\t\t\t<\/div>\n\t\t\t\t<\/div>\n\t\t\t\t\t<\/div>\n\t\t<\/div>\n\t\t\t\t<div class=\"elementor-column elementor-col-50 elementor-top-column elementor-element elementor-element-6409e2e\" data-id=\"6409e2e\" data-element_type=\"column\" data-e-type=\"column\">\n\t\t\t<div class=\"elementor-widget-wrap elementor-element-populated\">\n\t\t\t\t\t\t<div class=\"elementor-element elementor-element-133dde0 elementor-widget elementor-widget-image\" data-id=\"133dde0\" data-element_type=\"widget\" data-e-type=\"widget\" data-widget_type=\"image.default\">\n\t\t\t\t<div class=\"elementor-widget-container\">\n\t\t\t\t\t\t\t\t\t\t\t\t\t\t\t\t<a href=\"https:\/\/i0.wp.com\/amperthaler-saengerrunde.de\/wp-content\/uploads\/2023\/06\/beerdigung-krahl03.jpg?ssl=1\" data-elementor-open-lightbox=\"yes\" data-elementor-lightbox-title=\"beerdigung krahl03\" data-e-action-hash=\"#elementor-action%3Aaction%3Dlightbox%26settings%3DeyJpZCI6MjkyMCwidXJsIjoiaHR0cHM6XC9cL2FtcGVydGhhbGVyLXNhZW5nZXJydW5kZS5kZVwvd3AtY29udGVudFwvdXBsb2Fkc1wvMjAyM1wvMDZcL2JlZXJkaWd1bmcta3JhaGwwMy5qcGcifQ%3D%3D\">\n\t\t\t\t\t\t\t<img decoding=\"async\" width=\"540\" height=\"405\" src=\"https:\/\/i0.wp.com\/amperthaler-saengerrunde.de\/wp-content\/uploads\/2023\/06\/beerdigung-krahl03.jpg?fit=540%2C405&amp;ssl=1\" class=\"attachment-medium_large size-medium_large wp-image-2920\" alt=\"\" srcset=\"https:\/\/i0.wp.com\/amperthaler-saengerrunde.de\/wp-content\/uploads\/2023\/06\/beerdigung-krahl03.jpg?w=2048&amp;ssl=1 2048w, https:\/\/i0.wp.com\/amperthaler-saengerrunde.de\/wp-content\/uploads\/2023\/06\/beerdigung-krahl03.jpg?resize=300%2C225&amp;ssl=1 300w, https:\/\/i0.wp.com\/amperthaler-saengerrunde.de\/wp-content\/uploads\/2023\/06\/beerdigung-krahl03.jpg?resize=1024%2C768&amp;ssl=1 1024w, https:\/\/i0.wp.com\/amperthaler-saengerrunde.de\/wp-content\/uploads\/2023\/06\/beerdigung-krahl03.jpg?resize=768%2C576&amp;ssl=1 768w, https:\/\/i0.wp.com\/amperthaler-saengerrunde.de\/wp-content\/uploads\/2023\/06\/beerdigung-krahl03.jpg?resize=1536%2C1152&amp;ssl=1 1536w, https:\/\/i0.wp.com\/amperthaler-saengerrunde.de\/wp-content\/uploads\/2023\/06\/beerdigung-krahl03.jpg?w=1080&amp;ssl=1 1080w, https:\/\/i0.wp.com\/amperthaler-saengerrunde.de\/wp-content\/uploads\/2023\/06\/beerdigung-krahl03.jpg?w=1620&amp;ssl=1 1620w\" sizes=\"(max-width: 540px) 100vw, 540px\" \/>\t\t\t\t\t\t\t\t<\/a>\n\t\t\t\t\t\t\t\t\t\t\t\t\t\t\t<\/div>\n\t\t\t\t<\/div>\n\t\t\t\t\t<\/div>\n\t\t<\/div>\n\t\t\t\t\t<\/div>\n\t\t<\/section>\n\t\t\t\t<section class=\"elementor-section elementor-top-section elementor-element elementor-element-ab2d2ff elementor-section-boxed elementor-section-height-default elementor-section-height-default\" data-id=\"ab2d2ff\" data-element_type=\"section\" data-e-type=\"section\">\n\t\t\t\t\t\t<div class=\"elementor-container elementor-column-gap-default\">\n\t\t\t\t\t<div class=\"elementor-column elementor-col-100 elementor-top-column elementor-element elementor-element-4d73bdb\" data-id=\"4d73bdb\" data-element_type=\"column\" data-e-type=\"column\">\n\t\t\t<div class=\"elementor-widget-wrap elementor-element-populated\">\n\t\t\t\t\t\t<div class=\"elementor-element elementor-element-5e15e3b elementor-widget elementor-widget-text-editor\" data-id=\"5e15e3b\" data-element_type=\"widget\" data-e-type=\"widget\" data-widget_type=\"text-editor.default\">\n\t\t\t\t<div class=\"elementor-widget-container\">\n\t\t\t\t\t\t\t\t\t<p>Die Lieder waren:<\/p><p>\u201eOh Herr i foi auf meine Knia\u201c (Kyrie)<\/p><p>\u201eSo nimm denn meine H\u00e4nde\u201c<\/p><p>\u201eDer Woid brausd\u201c \u00a0(Gloria)<\/p><p>\u201eEs glanzt a jetz St\u00e4uberl\u201c (Benediktus)<\/p><p>\u201eJetz geh i voll Frieden\u201c \u00a0(Ite missa est)<\/p><p>Am Grab:<\/p><p>\u201e\u2018s is Feieromd\u201c<\/p><p>Anschlie\u00dfend lud die Familie zur Gremess zum Burgerwirt\u00a0in\u00a0Helfenbrunn<\/p>\t\t\t\t\t\t\t\t<\/div>\n\t\t\t\t<\/div>\n\t\t\t\t\t<\/div>\n\t\t<\/div>\n\t\t\t\t\t<\/div>\n\t\t<\/section>\n\t\t\t\t<section class=\"elementor-section elementor-top-section elementor-element elementor-element-cd52119 elementor-section-boxed elementor-section-height-default elementor-section-height-default\" data-id=\"cd52119\" data-element_type=\"section\" data-e-type=\"section\">\n\t\t\t\t\t\t<div class=\"elementor-container elementor-column-gap-default\">\n\t\t\t\t\t<div class=\"elementor-column elementor-col-50 elementor-top-column elementor-element elementor-element-d060194\" data-id=\"d060194\" data-element_type=\"column\" data-e-type=\"column\">\n\t\t\t<div class=\"elementor-widget-wrap elementor-element-populated\">\n\t\t\t\t\t\t<div class=\"elementor-element elementor-element-21f133d elementor-widget elementor-widget-image\" data-id=\"21f133d\" data-element_type=\"widget\" data-e-type=\"widget\" data-widget_type=\"image.default\">\n\t\t\t\t<div class=\"elementor-widget-container\">\n\t\t\t\t\t\t\t\t\t\t\t\t\t\t\t\t<a href=\"https:\/\/i0.wp.com\/amperthaler-saengerrunde.de\/wp-content\/uploads\/2023\/06\/beerdigung-krahl01a.jpg?ssl=1\" data-elementor-open-lightbox=\"yes\" data-elementor-lightbox-title=\"beerdigung krahl01a\" data-e-action-hash=\"#elementor-action%3Aaction%3Dlightbox%26settings%3DeyJpZCI6MjkxOCwidXJsIjoiaHR0cHM6XC9cL2FtcGVydGhhbGVyLXNhZW5nZXJydW5kZS5kZVwvd3AtY29udGVudFwvdXBsb2Fkc1wvMjAyM1wvMDZcL2JlZXJkaWd1bmcta3JhaGwwMWEuanBnIn0%3D\">\n\t\t\t\t\t\t\t<img loading=\"lazy\" decoding=\"async\" width=\"540\" height=\"384\" src=\"https:\/\/i0.wp.com\/amperthaler-saengerrunde.de\/wp-content\/uploads\/2023\/06\/beerdigung-krahl01a.jpg?fit=540%2C384&amp;ssl=1\" class=\"attachment-medium_large size-medium_large wp-image-2918\" alt=\"\" srcset=\"https:\/\/i0.wp.com\/amperthaler-saengerrunde.de\/wp-content\/uploads\/2023\/06\/beerdigung-krahl01a.jpg?w=1652&amp;ssl=1 1652w, https:\/\/i0.wp.com\/amperthaler-saengerrunde.de\/wp-content\/uploads\/2023\/06\/beerdigung-krahl01a.jpg?resize=300%2C213&amp;ssl=1 300w, https:\/\/i0.wp.com\/amperthaler-saengerrunde.de\/wp-content\/uploads\/2023\/06\/beerdigung-krahl01a.jpg?resize=1024%2C728&amp;ssl=1 1024w, https:\/\/i0.wp.com\/amperthaler-saengerrunde.de\/wp-content\/uploads\/2023\/06\/beerdigung-krahl01a.jpg?resize=768%2C546&amp;ssl=1 768w, https:\/\/i0.wp.com\/amperthaler-saengerrunde.de\/wp-content\/uploads\/2023\/06\/beerdigung-krahl01a.jpg?resize=1536%2C1092&amp;ssl=1 1536w, https:\/\/i0.wp.com\/amperthaler-saengerrunde.de\/wp-content\/uploads\/2023\/06\/beerdigung-krahl01a.jpg?w=1080&amp;ssl=1 1080w\" sizes=\"(max-width: 540px) 100vw, 540px\" \/>\t\t\t\t\t\t\t\t<\/a>\n\t\t\t\t\t\t\t\t\t\t\t\t\t\t\t<\/div>\n\t\t\t\t<\/div>\n\t\t\t\t\t<\/div>\n\t\t<\/div>\n\t\t\t\t<div class=\"elementor-column elementor-col-50 elementor-top-column elementor-element elementor-element-aaaae2f\" data-id=\"aaaae2f\" data-element_type=\"column\" data-e-type=\"column\">\n\t\t\t<div class=\"elementor-widget-wrap elementor-element-populated\">\n\t\t\t\t\t\t<div class=\"elementor-element elementor-element-96d23ff elementor-widget elementor-widget-image\" data-id=\"96d23ff\" data-element_type=\"widget\" data-e-type=\"widget\" data-widget_type=\"image.default\">\n\t\t\t\t<div class=\"elementor-widget-container\">\n\t\t\t\t\t\t\t\t\t\t\t\t\t\t\t\t<a href=\"https:\/\/i0.wp.com\/amperthaler-saengerrunde.de\/wp-content\/uploads\/2023\/06\/beerdigung-krahl02a.jpg?ssl=1\" data-elementor-open-lightbox=\"yes\" data-elementor-lightbox-title=\"beerdigung krahl02a\" data-e-action-hash=\"#elementor-action%3Aaction%3Dlightbox%26settings%3DeyJpZCI6MjkyNywidXJsIjoiaHR0cHM6XC9cL2FtcGVydGhhbGVyLXNhZW5nZXJydW5kZS5kZVwvd3AtY29udGVudFwvdXBsb2Fkc1wvMjAyM1wvMDZcL2JlZXJkaWd1bmcta3JhaGwwMmEuanBnIn0%3D\">\n\t\t\t\t\t\t\t<img loading=\"lazy\" decoding=\"async\" width=\"540\" height=\"384\" src=\"https:\/\/i0.wp.com\/amperthaler-saengerrunde.de\/wp-content\/uploads\/2023\/06\/beerdigung-krahl02a.jpg?fit=540%2C384&amp;ssl=1\" class=\"attachment-medium_large size-medium_large wp-image-2927\" alt=\"\" srcset=\"https:\/\/i0.wp.com\/amperthaler-saengerrunde.de\/wp-content\/uploads\/2023\/06\/beerdigung-krahl02a.jpg?w=1652&amp;ssl=1 1652w, https:\/\/i0.wp.com\/amperthaler-saengerrunde.de\/wp-content\/uploads\/2023\/06\/beerdigung-krahl02a.jpg?resize=300%2C213&amp;ssl=1 300w, https:\/\/i0.wp.com\/amperthaler-saengerrunde.de\/wp-content\/uploads\/2023\/06\/beerdigung-krahl02a.jpg?resize=1024%2C728&amp;ssl=1 1024w, https:\/\/i0.wp.com\/amperthaler-saengerrunde.de\/wp-content\/uploads\/2023\/06\/beerdigung-krahl02a.jpg?resize=768%2C546&amp;ssl=1 768w, https:\/\/i0.wp.com\/amperthaler-saengerrunde.de\/wp-content\/uploads\/2023\/06\/beerdigung-krahl02a.jpg?resize=1536%2C1092&amp;ssl=1 1536w, https:\/\/i0.wp.com\/amperthaler-saengerrunde.de\/wp-content\/uploads\/2023\/06\/beerdigung-krahl02a.jpg?w=1080&amp;ssl=1 1080w\" sizes=\"(max-width: 540px) 100vw, 540px\" \/>\t\t\t\t\t\t\t\t<\/a>\n\t\t\t\t\t\t\t\t\t\t\t\t\t\t\t<\/div>\n\t\t\t\t<\/div>\n\t\t\t\t\t<\/div>\n\t\t<\/div>\n\t\t\t\t\t<\/div>\n\t\t<\/section>\n\t\t\t\t<section class=\"elementor-section elementor-top-section elementor-element elementor-element-57852c5 elementor-section-boxed elementor-section-height-default elementor-section-height-default\" data-id=\"57852c5\" data-element_type=\"section\" data-e-type=\"section\">\n\t\t\t\t\t\t<div class=\"elementor-container elementor-column-gap-default\">\n\t\t\t\t\t<div class=\"elementor-column elementor-col-100 elementor-top-column elementor-element elementor-element-45abda5\" data-id=\"45abda5\" data-element_type=\"column\" data-e-type=\"column\">\n\t\t\t<div class=\"elementor-widget-wrap elementor-element-populated\">\n\t\t\t\t\t\t<div class=\"elementor-element elementor-element-62af0f3 elementor-widget elementor-widget-text-editor\" data-id=\"62af0f3\" data-element_type=\"widget\" data-e-type=\"widget\" data-widget_type=\"text-editor.default\">\n\t\t\t\t<div class=\"elementor-widget-container\">\n\t\t\t\t\t\t\t\t\t<p><strong>Auf diesem Weg m\u00f6chte sich die Amperthaler S\u00e4ngerrunde f\u00fcr die Einladung bei der Familie Krahl sehr herzlich bedanken und w\u00fcnschen ihnen viel Kraft, diesen schmerzlichen Verlust zu \u00fcberwinden.<\/strong><\/p>\t\t\t\t\t\t\t\t<\/div>\n\t\t\t\t<\/div>\n\t\t\t\t\t<\/div>\n\t\t<\/div>\n\t\t\t\t\t<\/div>\n\t\t<\/section>\n\t\t\t\t<section class=\"elementor-section elementor-top-section elementor-element elementor-element-58d1f89 elementor-section-boxed elementor-section-height-default elementor-section-height-default\" data-id=\"58d1f89\" data-element_type=\"section\" data-e-type=\"section\">\n\t\t\t\t\t\t<div class=\"elementor-container elementor-column-gap-default\">\n\t\t\t\t\t<div class=\"elementor-column elementor-col-100 elementor-top-column elementor-element elementor-element-ce3e18c\" data-id=\"ce3e18c\" data-element_type=\"column\" data-e-type=\"column\">\n\t\t\t<div class=\"elementor-widget-wrap elementor-element-populated\">\n\t\t\t\t\t\t<div class=\"elementor-element elementor-element-ee83811 elementor-widget elementor-widget-text-editor\" data-id=\"ee83811\" data-element_type=\"widget\" data-e-type=\"widget\" data-widget_type=\"text-editor.default\">\n\t\t\t\t<div class=\"elementor-widget-container\">\n\t\t\t\t\t\t\t\t\t<p><span style=\"font-size: 8pt;\">Text und Bilder von G\u00fcnther Frank<\/span><\/p>\t\t\t\t\t\t\t\t<\/div>\n\t\t\t\t<\/div>\n\t\t\t\t\t<\/div>\n\t\t<\/div>\n\t\t\t\t\t<\/div>\n\t\t<\/section>\n\t\t\t\t<\/div>\n\t\t","protected":false},"excerpt":{"rendered":"<p>Beerdigung von Karin Krahl Auf Wunsch von Ehemann Krahl Anton, unserm langj\u00e4hrigen aktiven S\u00e4nger und Betreuer der Homepage, umrahmte die Amperthaler S\u00e4ngerrunde unter der Leitung von unserem Chorleiter Jakob H\u00f6gl die Verabschiedungsfeier seiner Frau Karin in der St. Martins Kirche <a class=\"more-link\" href=\"https:\/\/amperthaler-saengerrunde.de\/?page_id=2916\">weiterlesen&#8230;<\/a><\/p>\n","protected":false},"author":1,"featured_media":0,"parent":0,"menu_order":0,"comment_status":"closed","ping_status":"closed","template":"elementor_header_footer","meta":{"footnotes":""},"class_list":["post-2916","page","type-page","status-publish","hentry"],"jetpack_sharing_enabled":true,"_links":{"self":[{"href":"https:\/\/amperthaler-saengerrunde.de\/index.php?rest_route=\/wp\/v2\/pages\/2916","targetHints":{"allow":["GET"]}}],"collection":[{"href":"https:\/\/amperthaler-saengerrunde.de\/index.php?rest_route=\/wp\/v2\/pages"}],"about":[{"href":"https:\/\/amperthaler-saengerrunde.de\/index.php?rest_route=\/wp\/v2\/types\/page"}],"author":[{"embeddable":true,"href":"https:\/\/amperthaler-saengerrunde.de\/index.php?rest_route=\/wp\/v2\/users\/1"}],"replies":[{"embeddable":true,"href":"https:\/\/amperthaler-saengerrunde.de\/index.php?rest_route=%2Fwp%2Fv2%2Fcomments&post=2916"}],"version-history":[{"count":32,"href":"https:\/\/amperthaler-saengerrunde.de\/index.php?rest_route=\/wp\/v2\/pages\/2916\/revisions"}],"predecessor-version":[{"id":2956,"href":"https:\/\/amperthaler-saengerrunde.de\/index.php?rest_route=\/wp\/v2\/pages\/2916\/revisions\/2956"}],"wp:attachment":[{"href":"https:\/\/amperthaler-saengerrunde.de\/index.php?rest_route=%2Fwp%2Fv2%2Fmedia&parent=2916"}],"curies":[{"name":"wp","href":"https:\/\/api.w.org\/{rel}","templated":true}]}}