{"id":3385,"date":"2023-10-12T08:43:15","date_gmt":"2023-10-12T08:43:15","guid":{"rendered":"https:\/\/amperthaler-saengerrunde.de\/?page_id=3385"},"modified":"2023-10-12T09:03:23","modified_gmt":"2023-10-12T09:03:23","slug":"begraebnis-von-norbert-ostermeier","status":"publish","type":"page","link":"https:\/\/amperthaler-saengerrunde.de\/?page_id=3385","title":{"rendered":"Begr\u00e4bnis von Norbert Ostermeier"},"content":{"rendered":"\t\t<div data-elementor-type=\"wp-page\" data-elementor-id=\"3385\" class=\"elementor elementor-3385\">\n\t\t\t\t\t\t<section class=\"elementor-section elementor-top-section elementor-element elementor-element-a573fed elementor-section-boxed elementor-section-height-default elementor-section-height-default\" data-id=\"a573fed\" data-element_type=\"section\" data-e-type=\"section\">\n\t\t\t\t\t\t<div class=\"elementor-container elementor-column-gap-default\">\n\t\t\t\t\t<div class=\"elementor-column elementor-col-100 elementor-top-column elementor-element elementor-element-e1f3200\" data-id=\"e1f3200\" data-element_type=\"column\" data-e-type=\"column\">\n\t\t\t<div class=\"elementor-widget-wrap elementor-element-populated\">\n\t\t\t\t\t\t<div class=\"elementor-element elementor-element-66a06ea elementor-widget elementor-widget-image\" data-id=\"66a06ea\" data-element_type=\"widget\" data-e-type=\"widget\" data-widget_type=\"image.default\">\n\t\t\t\t<div class=\"elementor-widget-container\">\n\t\t\t\t\t\t\t\t\t\t\t\t\t\t\t\t<a href=\"https:\/\/i0.wp.com\/amperthaler-saengerrunde.de\/wp-content\/uploads\/2023\/10\/WhatsApp-Bild-2023-10-12-um-10.38.02_05f43e33.jpg?ssl=1\" data-elementor-open-lightbox=\"yes\" data-elementor-lightbox-title=\"WhatsApp Bild 2023-10-12 um 10.38.02_05f43e33\" data-e-action-hash=\"#elementor-action%3Aaction%3Dlightbox%26settings%3DeyJpZCI6MzM4NiwidXJsIjoiaHR0cHM6XC9cL2FtcGVydGhhbGVyLXNhZW5nZXJydW5kZS5kZVwvd3AtY29udGVudFwvdXBsb2Fkc1wvMjAyM1wvMTBcL1doYXRzQXBwLUJpbGQtMjAyMy0xMC0xMi11bS0xMC4zOC4wMl8wNWY0M2UzMy5qcGcifQ%3D%3D\">\n\t\t\t\t\t\t\t<img fetchpriority=\"high\" decoding=\"async\" width=\"768\" height=\"1024\" src=\"https:\/\/i0.wp.com\/amperthaler-saengerrunde.de\/wp-content\/uploads\/2023\/10\/WhatsApp-Bild-2023-10-12-um-10.38.02_05f43e33.jpg?fit=768%2C1024&amp;ssl=1\" class=\"attachment-large size-large wp-image-3386\" alt=\"\" srcset=\"https:\/\/i0.wp.com\/amperthaler-saengerrunde.de\/wp-content\/uploads\/2023\/10\/WhatsApp-Bild-2023-10-12-um-10.38.02_05f43e33.jpg?w=1536&amp;ssl=1 1536w, https:\/\/i0.wp.com\/amperthaler-saengerrunde.de\/wp-content\/uploads\/2023\/10\/WhatsApp-Bild-2023-10-12-um-10.38.02_05f43e33.jpg?resize=225%2C300&amp;ssl=1 225w, https:\/\/i0.wp.com\/amperthaler-saengerrunde.de\/wp-content\/uploads\/2023\/10\/WhatsApp-Bild-2023-10-12-um-10.38.02_05f43e33.jpg?resize=768%2C1024&amp;ssl=1 768w, https:\/\/i0.wp.com\/amperthaler-saengerrunde.de\/wp-content\/uploads\/2023\/10\/WhatsApp-Bild-2023-10-12-um-10.38.02_05f43e33.jpg?resize=1152%2C1536&amp;ssl=1 1152w\" sizes=\"(max-width: 768px) 100vw, 768px\" \/>\t\t\t\t\t\t\t\t<\/a>\n\t\t\t\t\t\t\t\t\t\t\t\t\t\t\t<\/div>\n\t\t\t\t<\/div>\n\t\t\t\t\t<\/div>\n\t\t<\/div>\n\t\t\t\t\t<\/div>\n\t\t<\/section>\n\t\t\t\t<section class=\"elementor-section elementor-top-section elementor-element elementor-element-a6ad06b elementor-section-boxed elementor-section-height-default elementor-section-height-default\" data-id=\"a6ad06b\" data-element_type=\"section\" data-e-type=\"section\">\n\t\t\t\t\t\t<div class=\"elementor-container elementor-column-gap-default\">\n\t\t\t\t\t<div class=\"elementor-column elementor-col-100 elementor-top-column elementor-element elementor-element-c03885a\" data-id=\"c03885a\" data-element_type=\"column\" data-e-type=\"column\">\n\t\t\t<div class=\"elementor-widget-wrap elementor-element-populated\">\n\t\t\t\t\t\t<div class=\"elementor-element elementor-element-800b1d1 elementor-widget elementor-widget-text-editor\" data-id=\"800b1d1\" data-element_type=\"widget\" data-e-type=\"widget\" data-widget_type=\"text-editor.default\">\n\t\t\t\t<div class=\"elementor-widget-container\">\n\t\t\t\t\t\t\t\t\t<h3>Beerdigung von Norbert Ostermeier am Fr., den 06.10.2023, in Kirchdorf St. Martin um 14:30 Uhr<\/h3><p>Verstorb. Mittwoch, 20.09.2023<\/p>\t\t\t\t\t\t\t\t<\/div>\n\t\t\t\t<\/div>\n\t\t\t\t\t<\/div>\n\t\t<\/div>\n\t\t\t\t\t<\/div>\n\t\t<\/section>\n\t\t\t\t<section class=\"elementor-section elementor-top-section elementor-element elementor-element-be1183b elementor-section-boxed elementor-section-height-default elementor-section-height-default\" data-id=\"be1183b\" data-element_type=\"section\" data-e-type=\"section\">\n\t\t\t\t\t\t<div class=\"elementor-container elementor-column-gap-default\">\n\t\t\t\t\t<div class=\"elementor-column elementor-col-100 elementor-top-column elementor-element elementor-element-c3fef78\" data-id=\"c3fef78\" data-element_type=\"column\" data-e-type=\"column\">\n\t\t\t<div class=\"elementor-widget-wrap elementor-element-populated\">\n\t\t\t\t\t\t<div class=\"elementor-element elementor-element-e069638 elementor-widget elementor-widget-text-editor\" data-id=\"e069638\" data-element_type=\"widget\" data-e-type=\"widget\" data-widget_type=\"text-editor.default\">\n\t\t\t\t<div class=\"elementor-widget-container\">\n\t\t\t\t\t\t\t\t\t<p><strong><em>Liaba Siegfried, liaba Daniel, liaba Ralph mit Familien .<\/em><\/strong><\/p><p><em>Die Amperthaler S\u00e4ngerrunde trauert um sein langj\u00e4hriges\u00a0 Mitglied Norbert Ostermeier. Da Norbert war ein treuer Freund und G\u00f6nner der AS, seit 1991 war er dabei, 32 Jahre. Er hod ned leicht eine Veranstaltung der AS auslassn. Seine freundliche, angenehme und herzliche Art werd uns in bester Erinnerung bleibm. Er hod einfach unsare Gsangl, unsare Liada gern ghead.<\/em><\/p><p><em>\u201c In der Kirch dee \u201eWaidlamess\u201c und ein letzter Gru\u00df am offenen Grab vo da AS mit dem Lied\u00a0 \u201eSis Feieromd\u201c und unser Vereinshymne \u201e Glaube nicht ans Rehbocknest\u201c, des dad i gern hom,\u201c hod er gsagt, und a so hamm seine Buam den Wunsch vo eahm an uns weidagehm. <\/em><\/p><p><em>Danke f\u00fcr 32 Jahre Treue und Freundschaft zur AS.<\/em><\/p><p><em>Unser tiefes Mitgef\u00fchl gilt eich drei Buam und euren Familien &#8211; die AS w\u00fcnscht eich vui Kraft diese H\u00fcrde zu meistern. <\/em><\/p><p><em>Die Amperthaler S\u00e4ngerrunde werd dem Norbert ein ehrendes Gedenken bewahren.<\/em><\/p><p><strong><em>Norbert ruhe in Frieden!<\/em><\/strong><\/p><p><span style=\"font-size: 8pt;\">G\u00fcnther Frank<\/span><\/p>\t\t\t\t\t\t\t\t<\/div>\n\t\t\t\t<\/div>\n\t\t\t\t\t<\/div>\n\t\t<\/div>\n\t\t\t\t\t<\/div>\n\t\t<\/section>\n\t\t\t\t<section class=\"elementor-section elementor-top-section elementor-element elementor-element-8b2de75 elementor-section-boxed elementor-section-height-default elementor-section-height-default\" data-id=\"8b2de75\" data-element_type=\"section\" data-e-type=\"section\">\n\t\t\t\t\t\t<div class=\"elementor-container elementor-column-gap-default\">\n\t\t\t\t\t<div class=\"elementor-column elementor-col-50 elementor-top-column elementor-element elementor-element-293c0d2\" data-id=\"293c0d2\" data-element_type=\"column\" data-e-type=\"column\">\n\t\t\t<div class=\"elementor-widget-wrap elementor-element-populated\">\n\t\t\t\t\t\t<div class=\"elementor-element elementor-element-6a64b53 elementor-widget elementor-widget-image\" data-id=\"6a64b53\" data-element_type=\"widget\" data-e-type=\"widget\" data-widget_type=\"image.default\">\n\t\t\t\t<div class=\"elementor-widget-container\">\n\t\t\t\t\t\t\t\t\t\t\t\t\t\t\t\t<a href=\"https:\/\/i0.wp.com\/amperthaler-saengerrunde.de\/wp-content\/uploads\/2023\/10\/sterbebild1_res.jpg?ssl=1\" data-elementor-open-lightbox=\"yes\" data-elementor-lightbox-title=\"sterbebild1_res\" data-e-action-hash=\"#elementor-action%3Aaction%3Dlightbox%26settings%3DeyJpZCI6MzM5MywidXJsIjoiaHR0cHM6XC9cL2FtcGVydGhhbGVyLXNhZW5nZXJydW5kZS5kZVwvd3AtY29udGVudFwvdXBsb2Fkc1wvMjAyM1wvMTBcL3N0ZXJiZWJpbGQxX3Jlcy5qcGcifQ%3D%3D\">\n\t\t\t\t\t\t\t<img decoding=\"async\" width=\"503\" height=\"364\" src=\"https:\/\/i0.wp.com\/amperthaler-saengerrunde.de\/wp-content\/uploads\/2023\/10\/sterbebild1_res.jpg?fit=503%2C364&amp;ssl=1\" class=\"attachment-medium_large size-medium_large wp-image-3393\" alt=\"\" srcset=\"https:\/\/i0.wp.com\/amperthaler-saengerrunde.de\/wp-content\/uploads\/2023\/10\/sterbebild1_res.jpg?w=503&amp;ssl=1 503w, https:\/\/i0.wp.com\/amperthaler-saengerrunde.de\/wp-content\/uploads\/2023\/10\/sterbebild1_res.jpg?resize=300%2C217&amp;ssl=1 300w\" sizes=\"(max-width: 503px) 100vw, 503px\" \/>\t\t\t\t\t\t\t\t<\/a>\n\t\t\t\t\t\t\t\t\t\t\t\t\t\t\t<\/div>\n\t\t\t\t<\/div>\n\t\t\t\t\t<\/div>\n\t\t<\/div>\n\t\t\t\t<div class=\"elementor-column elementor-col-50 elementor-top-column elementor-element elementor-element-ad7e051\" data-id=\"ad7e051\" data-element_type=\"column\" data-e-type=\"column\">\n\t\t\t<div class=\"elementor-widget-wrap elementor-element-populated\">\n\t\t\t\t\t\t<div class=\"elementor-element elementor-element-b298074 elementor-widget elementor-widget-image\" data-id=\"b298074\" data-element_type=\"widget\" data-e-type=\"widget\" data-widget_type=\"image.default\">\n\t\t\t\t<div class=\"elementor-widget-container\">\n\t\t\t\t\t\t\t\t\t\t\t\t\t\t\t\t<a href=\"https:\/\/i0.wp.com\/amperthaler-saengerrunde.de\/wp-content\/uploads\/2023\/10\/sterbebild2_res.jpg?ssl=1\" data-elementor-open-lightbox=\"yes\" data-elementor-lightbox-title=\"sterbebild2_res\" data-e-action-hash=\"#elementor-action%3Aaction%3Dlightbox%26settings%3DeyJpZCI6MzM5NCwidXJsIjoiaHR0cHM6XC9cL2FtcGVydGhhbGVyLXNhZW5nZXJydW5kZS5kZVwvd3AtY29udGVudFwvdXBsb2Fkc1wvMjAyM1wvMTBcL3N0ZXJiZWJpbGQyX3Jlcy5qcGcifQ%3D%3D\">\n\t\t\t\t\t\t\t<img decoding=\"async\" width=\"488\" height=\"362\" src=\"https:\/\/i0.wp.com\/amperthaler-saengerrunde.de\/wp-content\/uploads\/2023\/10\/sterbebild2_res.jpg?fit=488%2C362&amp;ssl=1\" class=\"attachment-medium_large size-medium_large wp-image-3394\" alt=\"\" srcset=\"https:\/\/i0.wp.com\/amperthaler-saengerrunde.de\/wp-content\/uploads\/2023\/10\/sterbebild2_res.jpg?w=488&amp;ssl=1 488w, https:\/\/i0.wp.com\/amperthaler-saengerrunde.de\/wp-content\/uploads\/2023\/10\/sterbebild2_res.jpg?resize=300%2C223&amp;ssl=1 300w\" sizes=\"(max-width: 488px) 100vw, 488px\" \/>\t\t\t\t\t\t\t\t<\/a>\n\t\t\t\t\t\t\t\t\t\t\t\t\t\t\t<\/div>\n\t\t\t\t<\/div>\n\t\t\t\t\t<\/div>\n\t\t<\/div>\n\t\t\t\t\t<\/div>\n\t\t<\/section>\n\t\t\t\t<\/div>\n\t\t","protected":false},"excerpt":{"rendered":"<p>Beerdigung von Norbert Ostermeier am Fr., den 06.10.2023, in Kirchdorf St. Martin um 14:30 Uhr Verstorb. Mittwoch, 20.09.2023 Liaba Siegfried, liaba Daniel, liaba Ralph mit Familien . Die Amperthaler S\u00e4ngerrunde trauert um sein langj\u00e4hriges\u00a0 Mitglied Norbert Ostermeier. Da Norbert war <a class=\"more-link\" href=\"https:\/\/amperthaler-saengerrunde.de\/?page_id=3385\">weiterlesen&#8230;<\/a><\/p>\n","protected":false},"author":1,"featured_media":0,"parent":0,"menu_order":0,"comment_status":"closed","ping_status":"closed","template":"elementor_header_footer","meta":{"footnotes":""},"class_list":["post-3385","page","type-page","status-publish","hentry"],"jetpack_sharing_enabled":true,"_links":{"self":[{"href":"https:\/\/amperthaler-saengerrunde.de\/index.php?rest_route=\/wp\/v2\/pages\/3385","targetHints":{"allow":["GET"]}}],"collection":[{"href":"https:\/\/amperthaler-saengerrunde.de\/index.php?rest_route=\/wp\/v2\/pages"}],"about":[{"href":"https:\/\/amperthaler-saengerrunde.de\/index.php?rest_route=\/wp\/v2\/types\/page"}],"author":[{"embeddable":true,"href":"https:\/\/amperthaler-saengerrunde.de\/index.php?rest_route=\/wp\/v2\/users\/1"}],"replies":[{"embeddable":true,"href":"https:\/\/amperthaler-saengerrunde.de\/index.php?rest_route=%2Fwp%2Fv2%2Fcomments&post=3385"}],"version-history":[{"count":7,"href":"https:\/\/amperthaler-saengerrunde.de\/index.php?rest_route=\/wp\/v2\/pages\/3385\/revisions"}],"predecessor-version":[{"id":3398,"href":"https:\/\/amperthaler-saengerrunde.de\/index.php?rest_route=\/wp\/v2\/pages\/3385\/revisions\/3398"}],"wp:attachment":[{"href":"https:\/\/amperthaler-saengerrunde.de\/index.php?rest_route=%2Fwp%2Fv2%2Fmedia&parent=3385"}],"curies":[{"name":"wp","href":"https:\/\/api.w.org\/{rel}","templated":true}]}}