{"id":4662,"date":"2024-11-18T14:45:35","date_gmt":"2024-11-18T14:45:35","guid":{"rendered":"https:\/\/amperthaler-saengerrunde.de\/?page_id=4662"},"modified":"2024-11-18T15:00:53","modified_gmt":"2024-11-18T15:00:53","slug":"volkstrauertag-2024","status":"publish","type":"page","link":"https:\/\/amperthaler-saengerrunde.de\/?page_id=4662","title":{"rendered":"Volkstrauertag 2024"},"content":{"rendered":"\t\t<div data-elementor-type=\"wp-page\" data-elementor-id=\"4662\" class=\"elementor elementor-4662\">\n\t\t\t\t\t\t<section class=\"elementor-section elementor-top-section elementor-element elementor-element-1a0341a elementor-section-boxed elementor-section-height-default elementor-section-height-default\" data-id=\"1a0341a\" data-element_type=\"section\" data-e-type=\"section\">\n\t\t\t\t\t\t<div class=\"elementor-container elementor-column-gap-default\">\n\t\t\t\t\t<div class=\"elementor-column elementor-col-100 elementor-top-column elementor-element elementor-element-8692f0c\" data-id=\"8692f0c\" data-element_type=\"column\" data-e-type=\"column\">\n\t\t\t<div class=\"elementor-widget-wrap elementor-element-populated\">\n\t\t\t\t\t\t<div class=\"elementor-element elementor-element-641d763 elementor-widget elementor-widget-heading\" data-id=\"641d763\" data-element_type=\"widget\" data-e-type=\"widget\" data-widget_type=\"heading.default\">\n\t\t\t\t<div class=\"elementor-widget-container\">\n\t\t\t\t\t<h2 class=\"elementor-heading-title elementor-size-default\">Amperthaler S\u00e4nger am Volkstrauertag<\/h2>\t\t\t\t<\/div>\n\t\t\t\t<\/div>\n\t\t\t\t\t<\/div>\n\t\t<\/div>\n\t\t\t\t\t<\/div>\n\t\t<\/section>\n\t\t\t\t<section class=\"elementor-section elementor-top-section elementor-element elementor-element-c0776e7 elementor-section-boxed elementor-section-height-default elementor-section-height-default\" data-id=\"c0776e7\" data-element_type=\"section\" data-e-type=\"section\">\n\t\t\t\t\t\t<div class=\"elementor-container elementor-column-gap-default\">\n\t\t\t\t\t<div class=\"elementor-column elementor-col-100 elementor-top-column elementor-element elementor-element-00f7b2c\" data-id=\"00f7b2c\" data-element_type=\"column\" data-e-type=\"column\">\n\t\t\t<div class=\"elementor-widget-wrap elementor-element-populated\">\n\t\t\t\t\t\t<div class=\"elementor-element elementor-element-6636221 elementor-widget elementor-widget-text-editor\" data-id=\"6636221\" data-element_type=\"widget\" data-e-type=\"widget\" data-widget_type=\"text-editor.default\">\n\t\t\t\t<div class=\"elementor-widget-container\">\n\t\t\t\t\t\t\t\t\t<h3>Sonntag, 17. November, am Kriegerdenkmal in Kirchdorf <\/h3>\t\t\t\t\t\t\t\t<\/div>\n\t\t\t\t<\/div>\n\t\t\t\t\t<\/div>\n\t\t<\/div>\n\t\t\t\t\t<\/div>\n\t\t<\/section>\n\t\t\t\t<section class=\"elementor-section elementor-top-section elementor-element elementor-element-a74f3e6 elementor-section-boxed elementor-section-height-default elementor-section-height-default\" data-id=\"a74f3e6\" data-element_type=\"section\" data-e-type=\"section\">\n\t\t\t\t\t\t<div class=\"elementor-container elementor-column-gap-default\">\n\t\t\t\t\t<div class=\"elementor-column elementor-col-100 elementor-top-column elementor-element elementor-element-3006934\" data-id=\"3006934\" data-element_type=\"column\" data-e-type=\"column\">\n\t\t\t<div class=\"elementor-widget-wrap elementor-element-populated\">\n\t\t\t\t\t\t<div class=\"elementor-element elementor-element-79f8cba elementor-widget elementor-widget-image\" data-id=\"79f8cba\" data-element_type=\"widget\" data-e-type=\"widget\" data-widget_type=\"image.default\">\n\t\t\t\t<div class=\"elementor-widget-container\">\n\t\t\t\t\t\t\t\t\t\t\t\t\t\t\t\t<a href=\"https:\/\/i0.wp.com\/amperthaler-saengerrunde.de\/wp-content\/uploads\/2024\/11\/kriegerjahrtag_4.jpg?ssl=1\" data-elementor-open-lightbox=\"yes\" data-elementor-lightbox-title=\"kriegerjahrtag_4\" data-e-action-hash=\"#elementor-action%3Aaction%3Dlightbox%26settings%3DeyJpZCI6NDY2NiwidXJsIjoiaHR0cHM6XC9cL2FtcGVydGhhbGVyLXNhZW5nZXJydW5kZS5kZVwvd3AtY29udGVudFwvdXBsb2Fkc1wvMjAyNFwvMTFcL2tyaWVnZXJqYWhydGFnXzQuanBnIn0%3D\">\n\t\t\t\t\t\t\t<img fetchpriority=\"high\" decoding=\"async\" width=\"768\" height=\"576\" src=\"https:\/\/i0.wp.com\/amperthaler-saengerrunde.de\/wp-content\/uploads\/2024\/11\/kriegerjahrtag_4.jpg?fit=768%2C576&amp;ssl=1\" class=\"attachment-medium_large size-medium_large wp-image-4666\" alt=\"\" srcset=\"https:\/\/i0.wp.com\/amperthaler-saengerrunde.de\/wp-content\/uploads\/2024\/11\/kriegerjahrtag_4.jpg?w=2000&amp;ssl=1 2000w, https:\/\/i0.wp.com\/amperthaler-saengerrunde.de\/wp-content\/uploads\/2024\/11\/kriegerjahrtag_4.jpg?resize=300%2C225&amp;ssl=1 300w, https:\/\/i0.wp.com\/amperthaler-saengerrunde.de\/wp-content\/uploads\/2024\/11\/kriegerjahrtag_4.jpg?resize=1024%2C768&amp;ssl=1 1024w, https:\/\/i0.wp.com\/amperthaler-saengerrunde.de\/wp-content\/uploads\/2024\/11\/kriegerjahrtag_4.jpg?resize=768%2C576&amp;ssl=1 768w, https:\/\/i0.wp.com\/amperthaler-saengerrunde.de\/wp-content\/uploads\/2024\/11\/kriegerjahrtag_4.jpg?resize=1536%2C1152&amp;ssl=1 1536w\" sizes=\"(max-width: 768px) 100vw, 768px\" \/>\t\t\t\t\t\t\t\t<\/a>\n\t\t\t\t\t\t\t\t\t\t\t\t\t\t\t<\/div>\n\t\t\t\t<\/div>\n\t\t\t\t\t<\/div>\n\t\t<\/div>\n\t\t\t\t\t<\/div>\n\t\t<\/section>\n\t\t\t\t<section class=\"elementor-section elementor-top-section elementor-element elementor-element-09c9786 elementor-section-boxed elementor-section-height-default elementor-section-height-default\" data-id=\"09c9786\" data-element_type=\"section\" data-e-type=\"section\">\n\t\t\t\t\t\t<div class=\"elementor-container elementor-column-gap-default\">\n\t\t\t\t\t<div class=\"elementor-column elementor-col-100 elementor-top-column elementor-element elementor-element-5813e7b\" data-id=\"5813e7b\" data-element_type=\"column\" data-e-type=\"column\">\n\t\t\t<div class=\"elementor-widget-wrap elementor-element-populated\">\n\t\t\t\t\t\t<div class=\"elementor-element elementor-element-88473ad elementor-widget elementor-widget-text-editor\" data-id=\"88473ad\" data-element_type=\"widget\" data-e-type=\"widget\" data-widget_type=\"text-editor.default\">\n\t\t\t\t<div class=\"elementor-widget-container\">\n\t\t\t\t\t\t\t\t\t<p>Es ist schon lange Jahre Tradition, dass der M\u00e4nnerchor, neben den Fahnenabordnungen der Vereine, am Volkstrauertrag zur Ehrung und Gedenken der gefallenen Soldaten am Kriegerdenkmal teilnimmt.<\/p><p>Nach dem kirchlichen Segen durch HH. Prof. Dr. Backhaus erinnerte B\u00fcrgermeister Uwe Gerlsbeck an die verstorbenen Gemeindemitglieder der vergangenen Kriege und betonte, wie wichtig es sei, in der gerade so unruhigen Zeit auf den so wertvollen Frieden zu achten. Auch an die verschiedenen Hilfsorganisationen gedachte er, bei deren Eins\u00e4tzen vielen in Notsituationen geholfen werde.<\/p><p>Zur Ehrung der Gefallen wurden drei B\u00f6llersch\u00fcsse abgegeben, und der M\u00e4nnerchor sang am Kriegerdenkmal das Lied \u201eDer gute Kamerad\u201c.<\/p><p>\u00a0<\/p>\t\t\t\t\t\t\t\t<\/div>\n\t\t\t\t<\/div>\n\t\t\t\t\t<\/div>\n\t\t<\/div>\n\t\t\t\t\t<\/div>\n\t\t<\/section>\n\t\t\t\t<section class=\"elementor-section elementor-top-section elementor-element elementor-element-01a470e elementor-section-boxed elementor-section-height-default elementor-section-height-default\" data-id=\"01a470e\" data-element_type=\"section\" data-e-type=\"section\">\n\t\t\t\t\t\t<div class=\"elementor-container elementor-column-gap-default\">\n\t\t\t\t\t<div class=\"elementor-column elementor-col-100 elementor-top-column elementor-element elementor-element-5304f62\" data-id=\"5304f62\" data-element_type=\"column\" data-e-type=\"column\">\n\t\t\t<div class=\"elementor-widget-wrap elementor-element-populated\">\n\t\t\t\t\t\t<div class=\"elementor-element elementor-element-4f64ac4 elementor-widget elementor-widget-image\" data-id=\"4f64ac4\" data-element_type=\"widget\" data-e-type=\"widget\" data-widget_type=\"image.default\">\n\t\t\t\t<div class=\"elementor-widget-container\">\n\t\t\t\t\t\t\t\t\t\t\t\t\t\t\t\t<a href=\"https:\/\/i0.wp.com\/amperthaler-saengerrunde.de\/wp-content\/uploads\/2024\/11\/kriegerjahrtag_2.jpg?ssl=1\" data-elementor-open-lightbox=\"yes\" data-elementor-lightbox-title=\"kriegerjahrtag_2\" data-e-action-hash=\"#elementor-action%3Aaction%3Dlightbox%26settings%3DeyJpZCI6NDY2NSwidXJsIjoiaHR0cHM6XC9cL2FtcGVydGhhbGVyLXNhZW5nZXJydW5kZS5kZVwvd3AtY29udGVudFwvdXBsb2Fkc1wvMjAyNFwvMTFcL2tyaWVnZXJqYWhydGFnXzIuanBnIn0%3D\">\n\t\t\t\t\t\t\t<img decoding=\"async\" width=\"768\" height=\"576\" src=\"https:\/\/i0.wp.com\/amperthaler-saengerrunde.de\/wp-content\/uploads\/2024\/11\/kriegerjahrtag_2.jpg?fit=768%2C576&amp;ssl=1\" class=\"attachment-medium_large size-medium_large wp-image-4665\" alt=\"\" srcset=\"https:\/\/i0.wp.com\/amperthaler-saengerrunde.de\/wp-content\/uploads\/2024\/11\/kriegerjahrtag_2.jpg?w=2000&amp;ssl=1 2000w, https:\/\/i0.wp.com\/amperthaler-saengerrunde.de\/wp-content\/uploads\/2024\/11\/kriegerjahrtag_2.jpg?resize=300%2C225&amp;ssl=1 300w, https:\/\/i0.wp.com\/amperthaler-saengerrunde.de\/wp-content\/uploads\/2024\/11\/kriegerjahrtag_2.jpg?resize=1024%2C768&amp;ssl=1 1024w, https:\/\/i0.wp.com\/amperthaler-saengerrunde.de\/wp-content\/uploads\/2024\/11\/kriegerjahrtag_2.jpg?resize=768%2C576&amp;ssl=1 768w, https:\/\/i0.wp.com\/amperthaler-saengerrunde.de\/wp-content\/uploads\/2024\/11\/kriegerjahrtag_2.jpg?resize=1536%2C1152&amp;ssl=1 1536w\" sizes=\"(max-width: 768px) 100vw, 768px\" \/>\t\t\t\t\t\t\t\t<\/a>\n\t\t\t\t\t\t\t\t\t\t\t\t\t\t\t<\/div>\n\t\t\t\t<\/div>\n\t\t\t\t\t<\/div>\n\t\t<\/div>\n\t\t\t\t\t<\/div>\n\t\t<\/section>\n\t\t\t\t<section class=\"elementor-section elementor-top-section elementor-element elementor-element-d6d3cf9 elementor-section-boxed elementor-section-height-default elementor-section-height-default\" data-id=\"d6d3cf9\" data-element_type=\"section\" data-e-type=\"section\">\n\t\t\t\t\t\t<div class=\"elementor-container elementor-column-gap-default\">\n\t\t\t\t\t<div class=\"elementor-column elementor-col-100 elementor-top-column elementor-element elementor-element-38ed1be\" data-id=\"38ed1be\" data-element_type=\"column\" data-e-type=\"column\">\n\t\t\t<div class=\"elementor-widget-wrap elementor-element-populated\">\n\t\t\t\t\t\t<div class=\"elementor-element elementor-element-8a870c3 elementor-widget elementor-widget-text-editor\" data-id=\"8a870c3\" data-element_type=\"widget\" data-e-type=\"widget\" data-widget_type=\"text-editor.default\">\n\t\t\t\t<div class=\"elementor-widget-container\">\n\t\t\t\t\t\t\t\t\t<p>Im Anschluss an den offiziellen Teil kamen die S\u00e4nger beim Oberwirt zum Fr\u00fchschoppen bei Wei\u00dfwurst und Brezen zusammen.<\/p>\t\t\t\t\t\t\t\t<\/div>\n\t\t\t\t<\/div>\n\t\t\t\t\t<\/div>\n\t\t<\/div>\n\t\t\t\t\t<\/div>\n\t\t<\/section>\n\t\t\t\t<section class=\"elementor-section elementor-top-section elementor-element elementor-element-3f8e243 elementor-section-boxed elementor-section-height-default elementor-section-height-default\" data-id=\"3f8e243\" data-element_type=\"section\" data-e-type=\"section\">\n\t\t\t\t\t\t<div class=\"elementor-container elementor-column-gap-default\">\n\t\t\t\t\t<div class=\"elementor-column elementor-col-50 elementor-top-column elementor-element elementor-element-68db91e\" data-id=\"68db91e\" data-element_type=\"column\" data-e-type=\"column\">\n\t\t\t<div class=\"elementor-widget-wrap elementor-element-populated\">\n\t\t\t\t\t\t<div class=\"elementor-element elementor-element-2cce57b elementor-widget elementor-widget-image\" data-id=\"2cce57b\" data-element_type=\"widget\" data-e-type=\"widget\" data-widget_type=\"image.default\">\n\t\t\t\t<div class=\"elementor-widget-container\">\n\t\t\t\t\t\t\t\t\t\t\t\t\t\t\t\t<a href=\"https:\/\/i0.wp.com\/amperthaler-saengerrunde.de\/wp-content\/uploads\/2024\/11\/kriegerjahrtag_5.jpg?ssl=1\" data-elementor-open-lightbox=\"yes\" data-elementor-lightbox-title=\"kriegerjahrtag_5\" data-e-action-hash=\"#elementor-action%3Aaction%3Dlightbox%26settings%3DeyJpZCI6NDY2NywidXJsIjoiaHR0cHM6XC9cL2FtcGVydGhhbGVyLXNhZW5nZXJydW5kZS5kZVwvd3AtY29udGVudFwvdXBsb2Fkc1wvMjAyNFwvMTFcL2tyaWVnZXJqYWhydGFnXzUuanBnIn0%3D\">\n\t\t\t\t\t\t\t<img decoding=\"async\" width=\"768\" height=\"576\" src=\"https:\/\/i0.wp.com\/amperthaler-saengerrunde.de\/wp-content\/uploads\/2024\/11\/kriegerjahrtag_5.jpg?fit=768%2C576&amp;ssl=1\" class=\"attachment-medium_large size-medium_large wp-image-4667\" alt=\"\" srcset=\"https:\/\/i0.wp.com\/amperthaler-saengerrunde.de\/wp-content\/uploads\/2024\/11\/kriegerjahrtag_5.jpg?w=1008&amp;ssl=1 1008w, https:\/\/i0.wp.com\/amperthaler-saengerrunde.de\/wp-content\/uploads\/2024\/11\/kriegerjahrtag_5.jpg?resize=300%2C225&amp;ssl=1 300w, https:\/\/i0.wp.com\/amperthaler-saengerrunde.de\/wp-content\/uploads\/2024\/11\/kriegerjahrtag_5.jpg?resize=768%2C576&amp;ssl=1 768w\" sizes=\"(max-width: 768px) 100vw, 768px\" \/>\t\t\t\t\t\t\t\t<\/a>\n\t\t\t\t\t\t\t\t\t\t\t\t\t\t\t<\/div>\n\t\t\t\t<\/div>\n\t\t\t\t\t<\/div>\n\t\t<\/div>\n\t\t\t\t<div class=\"elementor-column elementor-col-50 elementor-top-column elementor-element elementor-element-75ee1ce\" data-id=\"75ee1ce\" data-element_type=\"column\" data-e-type=\"column\">\n\t\t\t<div class=\"elementor-widget-wrap elementor-element-populated\">\n\t\t\t\t\t\t<div class=\"elementor-element elementor-element-9927eae elementor-widget elementor-widget-image\" data-id=\"9927eae\" data-element_type=\"widget\" data-e-type=\"widget\" data-widget_type=\"image.default\">\n\t\t\t\t<div class=\"elementor-widget-container\">\n\t\t\t\t\t\t\t\t\t\t\t\t\t\t\t\t<a href=\"https:\/\/i0.wp.com\/amperthaler-saengerrunde.de\/wp-content\/uploads\/2024\/11\/kriegerjahrtag_6.jpg?ssl=1\" data-elementor-open-lightbox=\"yes\" data-elementor-lightbox-title=\"kriegerjahrtag_6\" data-e-action-hash=\"#elementor-action%3Aaction%3Dlightbox%26settings%3DeyJpZCI6NDY2OCwidXJsIjoiaHR0cHM6XC9cL2FtcGVydGhhbGVyLXNhZW5nZXJydW5kZS5kZVwvd3AtY29udGVudFwvdXBsb2Fkc1wvMjAyNFwvMTFcL2tyaWVnZXJqYWhydGFnXzYuanBnIn0%3D\">\n\t\t\t\t\t\t\t<img loading=\"lazy\" decoding=\"async\" width=\"768\" height=\"576\" src=\"https:\/\/i0.wp.com\/amperthaler-saengerrunde.de\/wp-content\/uploads\/2024\/11\/kriegerjahrtag_6.jpg?fit=768%2C576&amp;ssl=1\" class=\"attachment-medium_large size-medium_large wp-image-4668\" alt=\"\" srcset=\"https:\/\/i0.wp.com\/amperthaler-saengerrunde.de\/wp-content\/uploads\/2024\/11\/kriegerjahrtag_6.jpg?w=1008&amp;ssl=1 1008w, https:\/\/i0.wp.com\/amperthaler-saengerrunde.de\/wp-content\/uploads\/2024\/11\/kriegerjahrtag_6.jpg?resize=300%2C225&amp;ssl=1 300w, https:\/\/i0.wp.com\/amperthaler-saengerrunde.de\/wp-content\/uploads\/2024\/11\/kriegerjahrtag_6.jpg?resize=768%2C576&amp;ssl=1 768w\" sizes=\"(max-width: 768px) 100vw, 768px\" \/>\t\t\t\t\t\t\t\t<\/a>\n\t\t\t\t\t\t\t\t\t\t\t\t\t\t\t<\/div>\n\t\t\t\t<\/div>\n\t\t\t\t\t<\/div>\n\t\t<\/div>\n\t\t\t\t\t<\/div>\n\t\t<\/section>\n\t\t\t\t<section class=\"elementor-section elementor-top-section elementor-element elementor-element-2fb18d0 elementor-section-boxed elementor-section-height-default elementor-section-height-default\" data-id=\"2fb18d0\" data-element_type=\"section\" data-e-type=\"section\">\n\t\t\t\t\t\t<div class=\"elementor-container elementor-column-gap-default\">\n\t\t\t\t\t<div class=\"elementor-column elementor-col-100 elementor-top-column elementor-element elementor-element-9989a33\" data-id=\"9989a33\" data-element_type=\"column\" data-e-type=\"column\">\n\t\t\t<div class=\"elementor-widget-wrap elementor-element-populated\">\n\t\t\t\t\t\t<div class=\"elementor-element elementor-element-76ec319 elementor-widget elementor-widget-text-editor\" data-id=\"76ec319\" data-element_type=\"widget\" data-e-type=\"widget\" data-widget_type=\"text-editor.default\">\n\t\t\t\t<div class=\"elementor-widget-container\">\n\t\t\t\t\t\t\t\t\t<p><span style=\"font-size: 8pt;\">Text: Renate Stiebing<\/span><\/p><p><span style=\"font-size: 8pt;\">Bilder: Renate Stiebing, Johann Pfeiffer<\/span><\/p>\t\t\t\t\t\t\t\t<\/div>\n\t\t\t\t<\/div>\n\t\t\t\t\t<\/div>\n\t\t<\/div>\n\t\t\t\t\t<\/div>\n\t\t<\/section>\n\t\t\t\t<\/div>\n\t\t","protected":false},"excerpt":{"rendered":"<p>Amperthaler S\u00e4nger am Volkstrauertag Sonntag, 17. November, am Kriegerdenkmal in Kirchdorf Es ist schon lange Jahre Tradition, dass der M\u00e4nnerchor, neben den Fahnenabordnungen der Vereine, am Volkstrauertrag zur Ehrung und Gedenken der gefallenen Soldaten am Kriegerdenkmal teilnimmt. Nach dem kirchlichen <a class=\"more-link\" href=\"https:\/\/amperthaler-saengerrunde.de\/?page_id=4662\">weiterlesen&#8230;<\/a><\/p>\n","protected":false},"author":1,"featured_media":0,"parent":0,"menu_order":0,"comment_status":"closed","ping_status":"closed","template":"elementor_header_footer","meta":{"footnotes":""},"class_list":["post-4662","page","type-page","status-publish","hentry"],"jetpack_sharing_enabled":true,"_links":{"self":[{"href":"https:\/\/amperthaler-saengerrunde.de\/index.php?rest_route=\/wp\/v2\/pages\/4662","targetHints":{"allow":["GET"]}}],"collection":[{"href":"https:\/\/amperthaler-saengerrunde.de\/index.php?rest_route=\/wp\/v2\/pages"}],"about":[{"href":"https:\/\/amperthaler-saengerrunde.de\/index.php?rest_route=\/wp\/v2\/types\/page"}],"author":[{"embeddable":true,"href":"https:\/\/amperthaler-saengerrunde.de\/index.php?rest_route=\/wp\/v2\/users\/1"}],"replies":[{"embeddable":true,"href":"https:\/\/amperthaler-saengerrunde.de\/index.php?rest_route=%2Fwp%2Fv2%2Fcomments&post=4662"}],"version-history":[{"count":4,"href":"https:\/\/amperthaler-saengerrunde.de\/index.php?rest_route=\/wp\/v2\/pages\/4662\/revisions"}],"predecessor-version":[{"id":4671,"href":"https:\/\/amperthaler-saengerrunde.de\/index.php?rest_route=\/wp\/v2\/pages\/4662\/revisions\/4671"}],"wp:attachment":[{"href":"https:\/\/amperthaler-saengerrunde.de\/index.php?rest_route=%2Fwp%2Fv2%2Fmedia&parent=4662"}],"curies":[{"name":"wp","href":"https:\/\/api.w.org\/{rel}","templated":true}]}}