{"id":4974,"date":"2025-03-01T10:33:06","date_gmt":"2025-03-01T10:33:06","guid":{"rendered":"https:\/\/amperthaler-saengerrunde.de\/?page_id=4974"},"modified":"2025-03-01T19:29:20","modified_gmt":"2025-03-01T19:29:20","slug":"danke-martin-wagner","status":"publish","type":"page","link":"https:\/\/amperthaler-saengerrunde.de\/?page_id=4974","title":{"rendered":"Danke Martin Wagner !"},"content":{"rendered":"\t\t<div data-elementor-type=\"wp-page\" data-elementor-id=\"4974\" class=\"elementor elementor-4974\">\n\t\t\t\t\t\t<section class=\"elementor-section elementor-top-section elementor-element elementor-element-71761fa elementor-section-boxed elementor-section-height-default elementor-section-height-default\" data-id=\"71761fa\" data-element_type=\"section\" data-e-type=\"section\">\n\t\t\t\t\t\t<div class=\"elementor-container elementor-column-gap-default\">\n\t\t\t\t\t<div class=\"elementor-column elementor-col-100 elementor-top-column elementor-element elementor-element-8f8c905\" data-id=\"8f8c905\" data-element_type=\"column\" data-e-type=\"column\">\n\t\t\t<div class=\"elementor-widget-wrap elementor-element-populated\">\n\t\t\t\t\t\t<div class=\"elementor-element elementor-element-bf5eb6e elementor-widget elementor-widget-text-editor\" data-id=\"bf5eb6e\" data-element_type=\"widget\" data-e-type=\"widget\" data-widget_type=\"text-editor.default\">\n\t\t\t\t<div class=\"elementor-widget-container\">\n\t\t\t\t\t\t\t\t\t<p>\u00a0<\/p><p class=\"x_MsoNormal\"><span data-olk-copy-source=\"MessageBody\">Danke Martin &#8212; unsa Internetmo hod aufgh\u00f6rt.<\/span><\/p><p class=\"x_MsoNormal\">Unsa Webseitnbetreuer da Wagner Martin hod leida aufgh\u00f6rt. Dee Webseitn vo da Amperthaler S\u00e4ngerrunde war in seina Hand vo Oktober 2022 bis zum Dezember 2024, er war da Nachfolger vom Krahl Done, der diese Internetseitn ins Lebm gruaffa hod. Dee Seitn hod a neis Gsicht griagt beim Martin, weil\u00b4s er so mit seim Programm einfach guad betreun hod kinna und ned weil\u00b4s vorher schlecht war. Es is ois subba ohglegt, leicht komma ois finden und olle Infos, warn einfach blitzschnai im Internet, wenn da Martin des Material von uns griagt hod. Am schnaistn war nad\u00fcrle ois einegstaid, wenn er saiba dabei war \u2013 Foto\u00b4s , Filme oder Tonaufnahmen gmacht hod, dann is des am gleichn Dog no drin gwen.<\/p>\t\t\t\t\t\t\t\t<\/div>\n\t\t\t\t<\/div>\n\t\t\t\t\t<\/div>\n\t\t<\/div>\n\t\t\t\t\t<\/div>\n\t\t<\/section>\n\t\t\t\t<section class=\"elementor-section elementor-top-section elementor-element elementor-element-62bc25f elementor-section-boxed elementor-section-height-default elementor-section-height-default\" data-id=\"62bc25f\" data-element_type=\"section\" data-e-type=\"section\">\n\t\t\t\t\t\t<div class=\"elementor-container elementor-column-gap-default\">\n\t\t\t\t\t<div class=\"elementor-column elementor-col-100 elementor-top-column elementor-element elementor-element-10c16ea\" data-id=\"10c16ea\" data-element_type=\"column\" data-e-type=\"column\">\n\t\t\t<div class=\"elementor-widget-wrap elementor-element-populated\">\n\t\t\t\t\t\t<div class=\"elementor-element elementor-element-2eb7fe0 elementor-widget elementor-widget-image\" data-id=\"2eb7fe0\" data-element_type=\"widget\" data-e-type=\"widget\" data-widget_type=\"image.default\">\n\t\t\t\t<div class=\"elementor-widget-container\">\n\t\t\t\t\t\t\t\t\t\t\t\t\t\t\t\t<a href=\"https:\/\/i0.wp.com\/amperthaler-saengerrunde.de\/wp-content\/uploads\/2025\/03\/Dank-MWagner1.jpg?ssl=1\" data-elementor-open-lightbox=\"yes\" data-elementor-lightbox-title=\"Dank-MWagner1\" data-e-action-hash=\"#elementor-action%3Aaction%3Dlightbox%26settings%3DeyJpZCI6NDk3NSwidXJsIjoiaHR0cHM6XC9cL2FtcGVydGhhbGVyLXNhZW5nZXJydW5kZS5kZVwvd3AtY29udGVudFwvdXBsb2Fkc1wvMjAyNVwvMDNcL0RhbmstTVdhZ25lcjEuanBnIn0%3D\">\n\t\t\t\t\t\t\t<img fetchpriority=\"high\" decoding=\"async\" width=\"571\" height=\"847\" src=\"https:\/\/i0.wp.com\/amperthaler-saengerrunde.de\/wp-content\/uploads\/2025\/03\/Dank-MWagner1.jpg?fit=571%2C847&amp;ssl=1\" class=\"attachment-medium_large size-medium_large wp-image-4975\" alt=\"\" srcset=\"https:\/\/i0.wp.com\/amperthaler-saengerrunde.de\/wp-content\/uploads\/2025\/03\/Dank-MWagner1.jpg?w=571&amp;ssl=1 571w, https:\/\/i0.wp.com\/amperthaler-saengerrunde.de\/wp-content\/uploads\/2025\/03\/Dank-MWagner1.jpg?resize=202%2C300&amp;ssl=1 202w\" sizes=\"(max-width: 571px) 100vw, 571px\" \/>\t\t\t\t\t\t\t\t<\/a>\n\t\t\t\t\t\t\t\t\t\t\t\t\t\t\t<\/div>\n\t\t\t\t<\/div>\n\t\t\t\t\t<\/div>\n\t\t<\/div>\n\t\t\t\t\t<\/div>\n\t\t<\/section>\n\t\t\t\t<section class=\"elementor-section elementor-top-section elementor-element elementor-element-bacf769 elementor-section-boxed elementor-section-height-default elementor-section-height-default\" data-id=\"bacf769\" data-element_type=\"section\" data-e-type=\"section\">\n\t\t\t\t\t\t<div class=\"elementor-container elementor-column-gap-default\">\n\t\t\t\t\t<div class=\"elementor-column elementor-col-100 elementor-top-column elementor-element elementor-element-5a6fd37\" data-id=\"5a6fd37\" data-element_type=\"column\" data-e-type=\"column\">\n\t\t\t<div class=\"elementor-widget-wrap elementor-element-populated\">\n\t\t\t\t\t\t<div class=\"elementor-element elementor-element-734ba35 elementor-widget elementor-widget-image\" data-id=\"734ba35\" data-element_type=\"widget\" data-e-type=\"widget\" data-widget_type=\"image.default\">\n\t\t\t\t<div class=\"elementor-widget-container\">\n\t\t\t\t\t\t\t\t\t\t\t\t\t\t\t<img decoding=\"async\" width=\"554\" height=\"463\" src=\"https:\/\/i0.wp.com\/amperthaler-saengerrunde.de\/wp-content\/uploads\/2025\/03\/Gruss-fuer-M-Wagner.jpg?fit=554%2C463&amp;ssl=1\" class=\"attachment-large size-large wp-image-4992\" alt=\"\" srcset=\"https:\/\/i0.wp.com\/amperthaler-saengerrunde.de\/wp-content\/uploads\/2025\/03\/Gruss-fuer-M-Wagner.jpg?w=554&amp;ssl=1 554w, https:\/\/i0.wp.com\/amperthaler-saengerrunde.de\/wp-content\/uploads\/2025\/03\/Gruss-fuer-M-Wagner.jpg?resize=300%2C251&amp;ssl=1 300w\" sizes=\"(max-width: 554px) 100vw, 554px\" \/>\t\t\t\t\t\t\t\t\t\t\t\t\t\t\t<\/div>\n\t\t\t\t<\/div>\n\t\t\t\t\t<\/div>\n\t\t<\/div>\n\t\t\t\t\t<\/div>\n\t\t<\/section>\n\t\t\t\t<section class=\"elementor-section elementor-top-section elementor-element elementor-element-e09bca6 elementor-section-boxed elementor-section-height-default elementor-section-height-default\" data-id=\"e09bca6\" data-element_type=\"section\" data-e-type=\"section\">\n\t\t\t\t\t\t<div class=\"elementor-container elementor-column-gap-default\">\n\t\t\t\t\t<div class=\"elementor-column elementor-col-100 elementor-top-column elementor-element elementor-element-c5ad008\" data-id=\"c5ad008\" data-element_type=\"column\" data-e-type=\"column\">\n\t\t\t<div class=\"elementor-widget-wrap elementor-element-populated\">\n\t\t\t\t\t\t<div class=\"elementor-element elementor-element-db22dd3 elementor-widget elementor-widget-text-editor\" data-id=\"db22dd3\" data-element_type=\"widget\" data-e-type=\"widget\" data-widget_type=\"text-editor.default\">\n\t\t\t\t<div class=\"elementor-widget-container\">\n\t\t\t\t\t\t\t\t\t<p>\u00a0 \u00a0 \u00a0 \u00a0 \u00a0 \u00a0 \u00a0 \u00a0 \u00a0 \u00a0 \u00a0 \u00a0 \u00a0 \u00a0 \u00a0 \u00a0 \u00a0 \u00a0 \u00a0 \u00a0 \u00a0 \u00a0 \u00a0 \u00a0 \u00a0 \u00a0 \u00a0 \u00a0\u00a0<\/p>\t\t\t\t\t\t\t\t<\/div>\n\t\t\t\t<\/div>\n\t\t\t\t\t<\/div>\n\t\t<\/div>\n\t\t\t\t\t<\/div>\n\t\t<\/section>\n\t\t\t\t<section class=\"elementor-section elementor-top-section elementor-element elementor-element-a346e95 elementor-section-boxed elementor-section-height-default elementor-section-height-default\" data-id=\"a346e95\" data-element_type=\"section\" data-e-type=\"section\">\n\t\t\t\t\t\t<div class=\"elementor-container elementor-column-gap-default\">\n\t\t\t\t\t<div class=\"elementor-column elementor-col-100 elementor-top-column elementor-element elementor-element-86a6b12\" data-id=\"86a6b12\" data-element_type=\"column\" data-e-type=\"column\">\n\t\t\t<div class=\"elementor-widget-wrap elementor-element-populated\">\n\t\t\t\t\t\t<div class=\"elementor-element elementor-element-6f7b118 elementor-widget elementor-widget-text-editor\" data-id=\"6f7b118\" data-element_type=\"widget\" data-e-type=\"widget\" data-widget_type=\"text-editor.default\">\n\t\t\t\t<div class=\"elementor-widget-container\">\n\t\t\t\t\t\t\t\t\t<p class=\"x_MsoNormal\"><span data-olk-copy-source=\"MessageBody\">Ja, hoid no a scheene Anmerkung:<\/span><\/p><p class=\"x_MsoNormal\">Es gehd weida mit unsra Seitn.<\/p><p class=\"x_MsoNormal\">Nooch \u00a0geduldigem suacha eines \u201aFreiwilligen , der dee Sach \u00fcbanimmt \u2013 koana hod see gmaid \u2013 is eines Tages nooch da Singprob unsa Schatzmeista , da Johann Pfeiffer , zu uns herganga und hod ganz leise gsagt:\u00a0 \u00a0 \u00a0 \u00a0 \u00a0 \u00a0 &#8222;Leid, es mua\u00df weidageh mid unsra Seitn, des is mia a Herzensangelegnheit &#8212;- i mach\u00b4s.\u00a0 \u00a0 \u00a0 \u00a0 \u00a0 \u00a0 \u00a0 \u00a0 \u00a0 \u00a0 \u00a0 \u00a0 \u00a0 \u00a0 \u00a0 \u00a0 \u00a0 \u00a0 \u00a0 I hob mit\u00b4m Martin scho vui Gespr\u00e4che ghabt, i glab i bring des hi, aba sogt\u00b4s es no koam, des mach i dann saiba. Da Martin huift mia scho, wenn i nimma weidawoa\u00df.&#8220;\u00a0 \u00a0 \u00a0 \u00a0 \u00a0 \u00a0 \u00a0 \u00a0 \u00a0 \u00a0 \u00a0 \u00a0 \u00a0 \u00a0 \u00a0 \u00a0 \u00a0 \u00a0 \u00a0 \u00a0 \u00a0 \u00a0 \u00a0 \u00a0 \u00a0 \u00a0 \u00a0 \u00a0 \u00a0 \u00a0 \u00a0 \u00a0 \u00a0 \u00a0 \u00a0 \u00a0 \u00a0 \u00a0 \u00a0 \u00a0 \u00a0 \u00a0 \u00a0 \u00a0 \u00a0 \u00a0 Und so is jetz da Pfeiffer Hans,\u00a0 unsa Schatzmeista, der neie Webmaster vo da Amperthaler S\u00e4ngerrunde.<\/p><p class=\"x_MsoNormal\">I find des subba, dass\u00b4 weida gehd.<\/p><p class=\"x_MsoNormal\">Johann vielen Dank an dera Stai vo uns olle.<\/p>\t\t\t\t\t\t\t\t<\/div>\n\t\t\t\t<\/div>\n\t\t\t\t\t<\/div>\n\t\t<\/div>\n\t\t\t\t\t<\/div>\n\t\t<\/section>\n\t\t\t\t<\/div>\n\t\t","protected":false},"excerpt":{"rendered":"<p>\u00a0 Danke Martin &#8212; unsa Internetmo hod aufgh\u00f6rt. Unsa Webseitnbetreuer da Wagner Martin hod leida aufgh\u00f6rt. Dee Webseitn vo da Amperthaler S\u00e4ngerrunde war in seina Hand vo Oktober 2022 bis zum Dezember 2024, er war da Nachfolger vom Krahl Done, <a class=\"more-link\" href=\"https:\/\/amperthaler-saengerrunde.de\/?page_id=4974\">weiterlesen&#8230;<\/a><\/p>\n","protected":false},"author":1,"featured_media":0,"parent":0,"menu_order":0,"comment_status":"closed","ping_status":"closed","template":"","meta":{"footnotes":""},"class_list":["post-4974","page","type-page","status-publish","hentry"],"jetpack_sharing_enabled":true,"_links":{"self":[{"href":"https:\/\/amperthaler-saengerrunde.de\/index.php?rest_route=\/wp\/v2\/pages\/4974","targetHints":{"allow":["GET"]}}],"collection":[{"href":"https:\/\/amperthaler-saengerrunde.de\/index.php?rest_route=\/wp\/v2\/pages"}],"about":[{"href":"https:\/\/amperthaler-saengerrunde.de\/index.php?rest_route=\/wp\/v2\/types\/page"}],"author":[{"embeddable":true,"href":"https:\/\/amperthaler-saengerrunde.de\/index.php?rest_route=\/wp\/v2\/users\/1"}],"replies":[{"embeddable":true,"href":"https:\/\/amperthaler-saengerrunde.de\/index.php?rest_route=%2Fwp%2Fv2%2Fcomments&post=4974"}],"version-history":[{"count":14,"href":"https:\/\/amperthaler-saengerrunde.de\/index.php?rest_route=\/wp\/v2\/pages\/4974\/revisions"}],"predecessor-version":[{"id":4995,"href":"https:\/\/amperthaler-saengerrunde.de\/index.php?rest_route=\/wp\/v2\/pages\/4974\/revisions\/4995"}],"wp:attachment":[{"href":"https:\/\/amperthaler-saengerrunde.de\/index.php?rest_route=%2Fwp%2Fv2%2Fmedia&parent=4974"}],"curies":[{"name":"wp","href":"https:\/\/api.w.org\/{rel}","templated":true}]}}