{"id":5170,"date":"2025-07-20T11:44:32","date_gmt":"2025-07-20T11:44:32","guid":{"rendered":"https:\/\/amperthaler-saengerrunde.de\/?page_id=5170"},"modified":"2025-07-20T12:20:44","modified_gmt":"2025-07-20T12:20:44","slug":"85-geburtstag-von-max-zirngibl","status":"publish","type":"page","link":"https:\/\/amperthaler-saengerrunde.de\/?page_id=5170","title":{"rendered":"85.Geburtstag von Max Zirngibl"},"content":{"rendered":"\t\t<div data-elementor-type=\"wp-page\" data-elementor-id=\"5170\" class=\"elementor elementor-5170\">\n\t\t\t\t\t\t<section class=\"elementor-section elementor-top-section elementor-element elementor-element-4815b82 elementor-section-boxed elementor-section-height-default elementor-section-height-default\" data-id=\"4815b82\" data-element_type=\"section\" data-e-type=\"section\">\n\t\t\t\t\t\t<div class=\"elementor-container elementor-column-gap-default\">\n\t\t\t\t\t<div class=\"elementor-column elementor-col-100 elementor-top-column elementor-element elementor-element-1ff6d33\" data-id=\"1ff6d33\" data-element_type=\"column\" data-e-type=\"column\">\n\t\t\t<div class=\"elementor-widget-wrap elementor-element-populated\">\n\t\t\t\t\t\t<div class=\"elementor-element elementor-element-de1fccb elementor-widget elementor-widget-image\" data-id=\"de1fccb\" data-element_type=\"widget\" data-e-type=\"widget\" data-widget_type=\"image.default\">\n\t\t\t\t<div class=\"elementor-widget-container\">\n\t\t\t\t\t\t\t\t\t\t\t\t\t\t\t\t<a href=\"https:\/\/i0.wp.com\/amperthaler-saengerrunde.de\/wp-content\/uploads\/2025\/07\/Singen-1.jpg?ssl=1\" data-elementor-open-lightbox=\"yes\" data-elementor-lightbox-title=\"Singen 1\" data-e-action-hash=\"#elementor-action%3Aaction%3Dlightbox%26settings%3DeyJpZCI6NTE3NCwidXJsIjoiaHR0cHM6XC9cL2FtcGVydGhhbGVyLXNhZW5nZXJydW5kZS5kZVwvd3AtY29udGVudFwvdXBsb2Fkc1wvMjAyNVwvMDdcL1Npbmdlbi0xLmpwZyJ9\">\n\t\t\t\t\t\t\t<img fetchpriority=\"high\" decoding=\"async\" width=\"300\" height=\"199\" src=\"https:\/\/i0.wp.com\/amperthaler-saengerrunde.de\/wp-content\/uploads\/2025\/07\/Singen-1.jpg?fit=300%2C199&amp;ssl=1\" class=\"attachment-medium size-medium wp-image-5174\" alt=\"\" srcset=\"https:\/\/i0.wp.com\/amperthaler-saengerrunde.de\/wp-content\/uploads\/2025\/07\/Singen-1.jpg?w=1204&amp;ssl=1 1204w, https:\/\/i0.wp.com\/amperthaler-saengerrunde.de\/wp-content\/uploads\/2025\/07\/Singen-1.jpg?resize=300%2C199&amp;ssl=1 300w, https:\/\/i0.wp.com\/amperthaler-saengerrunde.de\/wp-content\/uploads\/2025\/07\/Singen-1.jpg?resize=1024%2C679&amp;ssl=1 1024w, https:\/\/i0.wp.com\/amperthaler-saengerrunde.de\/wp-content\/uploads\/2025\/07\/Singen-1.jpg?resize=768%2C509&amp;ssl=1 768w, https:\/\/i0.wp.com\/amperthaler-saengerrunde.de\/wp-content\/uploads\/2025\/07\/Singen-1.jpg?w=1080&amp;ssl=1 1080w\" sizes=\"(max-width: 300px) 100vw, 300px\" \/>\t\t\t\t\t\t\t\t<\/a>\n\t\t\t\t\t\t\t\t\t\t\t\t\t\t\t<\/div>\n\t\t\t\t<\/div>\n\t\t\t\t\t<\/div>\n\t\t<\/div>\n\t\t\t\t\t<\/div>\n\t\t<\/section>\n\t\t\t\t<section class=\"elementor-section elementor-top-section elementor-element elementor-element-e5369d7 elementor-section-boxed elementor-section-height-default elementor-section-height-default\" data-id=\"e5369d7\" data-element_type=\"section\" data-e-type=\"section\">\n\t\t\t\t\t\t<div class=\"elementor-container elementor-column-gap-default\">\n\t\t\t\t\t<div class=\"elementor-column elementor-col-100 elementor-top-column elementor-element elementor-element-67d0b01\" data-id=\"67d0b01\" data-element_type=\"column\" data-e-type=\"column\">\n\t\t\t<div class=\"elementor-widget-wrap elementor-element-populated\">\n\t\t\t\t\t\t<div class=\"elementor-element elementor-element-38a4cb7 elementor-widget elementor-widget-image\" data-id=\"38a4cb7\" data-element_type=\"widget\" data-e-type=\"widget\" data-widget_type=\"image.default\">\n\t\t\t\t<div class=\"elementor-widget-container\">\n\t\t\t\t\t\t\t\t\t\t\t\t\t\t\t\t<a href=\"https:\/\/i0.wp.com\/amperthaler-saengerrunde.de\/wp-content\/uploads\/2025\/07\/Signet-MGV.jpg?ssl=1\" data-elementor-open-lightbox=\"yes\" data-elementor-lightbox-title=\"Signet MGV\" data-e-action-hash=\"#elementor-action%3Aaction%3Dlightbox%26settings%3DeyJpZCI6NTE4MCwidXJsIjoiaHR0cHM6XC9cL2FtcGVydGhhbGVyLXNhZW5nZXJydW5kZS5kZVwvd3AtY29udGVudFwvdXBsb2Fkc1wvMjAyNVwvMDdcL1NpZ25ldC1NR1YuanBnIn0%3D\">\n\t\t\t\t\t\t\t<img decoding=\"async\" width=\"260\" height=\"167\" src=\"https:\/\/i0.wp.com\/amperthaler-saengerrunde.de\/wp-content\/uploads\/2025\/07\/Signet-MGV.jpg?fit=260%2C167&amp;ssl=1\" class=\"attachment-medium size-medium wp-image-5180\" alt=\"\" \/>\t\t\t\t\t\t\t\t<\/a>\n\t\t\t\t\t\t\t\t\t\t\t\t\t\t\t<\/div>\n\t\t\t\t<\/div>\n\t\t\t\t\t<\/div>\n\t\t<\/div>\n\t\t\t\t\t<\/div>\n\t\t<\/section>\n\t\t\t\t<section class=\"elementor-section elementor-top-section elementor-element elementor-element-17163e6 elementor-section-boxed elementor-section-height-default elementor-section-height-default\" data-id=\"17163e6\" data-element_type=\"section\" data-e-type=\"section\">\n\t\t\t\t\t\t<div class=\"elementor-container elementor-column-gap-default\">\n\t\t\t\t\t<div class=\"elementor-column elementor-col-100 elementor-top-column elementor-element elementor-element-3eef174\" data-id=\"3eef174\" data-element_type=\"column\" data-e-type=\"column\">\n\t\t\t<div class=\"elementor-widget-wrap elementor-element-populated\">\n\t\t\t\t\t\t<div class=\"elementor-element elementor-element-1858e17 elementor-widget elementor-widget-text-editor\" data-id=\"1858e17\" data-element_type=\"widget\" data-e-type=\"widget\" data-widget_type=\"text-editor.default\">\n\t\t\t\t<div class=\"elementor-widget-container\">\n\t\t\t\t\t\t\t\t\t<p>Am 2.Mai 2025 konnte unser langj\u00e4hriger S\u00e4nger im 1.Tenor\u00a0 Max Zirngibl sein 85. Lebensjahr vollenden.<\/p><p>Nachdem sein 80.Geburtstag der damaligen Coronapandemie zum Opfer gefallen war, wollte er<\/p><p>seinen 85. geb\u00fchrend feiern und hatte dazu f\u00fcr Sonntag 4.Mai25 seine Familie, Verwandte, Nachbarn,<\/p><p>Freunde, Kirchenchor und den M\u00e4nnerchor zum Burgerwirt nach Helfenbrunn eingeladen.<\/p><p>Alle waren der Einladung gefolgt und so konnte in gem\u00fctlicher Runde gefeiert werden.<\/p><p>Es ist ja bekannt, dass der Max ein begnadeter S\u00e4nger ist und sein Leben der Chorgesang bestimmt mit regelm\u00e4\u00dfigen Proben und Auftritten mit Kirchenchor und M\u00e4nnerchor.<\/p><p>Nachdem der Jubilar seine G\u00e4steschar begr\u00fc\u00dft hatte gratulierten die beiden Ch\u00f6re mit den ersten musikalischen W\u00fcnschen.<\/p><p>Der M\u00e4nnerchor unter Leitung von Jakob H\u00f6gl war fast vollz\u00e4hlig gekommen, um seinem treuen S\u00e4nger ein St\u00e4ndchen zu bringen.<\/p><p>Der musikalische Reigen wurde er\u00f6ffnet mit seinen Wunschliedern<\/p><p>\u201eZeit ist ein Geschenk \u201e , \u201e La Montanara\u201c und \u201e im tiefen Keller sitzen wir\u201c.<\/p><p>Vorstand G\u00fcnther Frank \u00fcberbrachte die Gl\u00fcckw\u00fcnsche des Vereins und berichtete \u00fcber das jahrzehntelange Wirken im M\u00e4nnerchor. Als \u201eDanke\u201c f\u00fcr die Einladung wurde ein Geldgeschenk \u00fcbergeben, ein \u201eh\u00f6lzerner Notenschl\u00fcssel \u201e aus der Werkstatt von Albert Reichart und ein bunter<\/p><p>Blumenstrau\u00df an Rita Zirngibl.<\/p>\t\t\t\t\t\t\t\t<\/div>\n\t\t\t\t<\/div>\n\t\t\t\t\t<\/div>\n\t\t<\/div>\n\t\t\t\t\t<\/div>\n\t\t<\/section>\n\t\t\t\t<section class=\"elementor-section elementor-top-section elementor-element elementor-element-6d8c775 elementor-section-boxed elementor-section-height-default elementor-section-height-default\" data-id=\"6d8c775\" data-element_type=\"section\" data-e-type=\"section\">\n\t\t\t\t\t\t<div class=\"elementor-container elementor-column-gap-default\">\n\t\t\t\t\t<div class=\"elementor-column elementor-col-50 elementor-top-column elementor-element elementor-element-846e2d7\" data-id=\"846e2d7\" data-element_type=\"column\" data-e-type=\"column\">\n\t\t\t<div class=\"elementor-widget-wrap elementor-element-populated\">\n\t\t\t\t\t\t<div class=\"elementor-element elementor-element-c94e2e5 elementor-widget elementor-widget-image\" data-id=\"c94e2e5\" data-element_type=\"widget\" data-e-type=\"widget\" data-widget_type=\"image.default\">\n\t\t\t\t<div class=\"elementor-widget-container\">\n\t\t\t\t\t\t\t\t\t\t\t\t\t\t\t\t<a href=\"https:\/\/i0.wp.com\/amperthaler-saengerrunde.de\/wp-content\/uploads\/2025\/07\/Singen-2.jpg?ssl=1\" data-elementor-open-lightbox=\"yes\" data-elementor-lightbox-title=\"Singen 2\" data-e-action-hash=\"#elementor-action%3Aaction%3Dlightbox%26settings%3DeyJpZCI6NTE3NSwidXJsIjoiaHR0cHM6XC9cL2FtcGVydGhhbGVyLXNhZW5nZXJydW5kZS5kZVwvd3AtY29udGVudFwvdXBsb2Fkc1wvMjAyNVwvMDdcL1Npbmdlbi0yLmpwZyJ9\">\n\t\t\t\t\t\t\t<img decoding=\"async\" width=\"300\" height=\"199\" src=\"https:\/\/i0.wp.com\/amperthaler-saengerrunde.de\/wp-content\/uploads\/2025\/07\/Singen-2.jpg?fit=300%2C199&amp;ssl=1\" class=\"attachment-medium size-medium wp-image-5175\" alt=\"\" srcset=\"https:\/\/i0.wp.com\/amperthaler-saengerrunde.de\/wp-content\/uploads\/2025\/07\/Singen-2.jpg?w=1205&amp;ssl=1 1205w, https:\/\/i0.wp.com\/amperthaler-saengerrunde.de\/wp-content\/uploads\/2025\/07\/Singen-2.jpg?resize=300%2C199&amp;ssl=1 300w, https:\/\/i0.wp.com\/amperthaler-saengerrunde.de\/wp-content\/uploads\/2025\/07\/Singen-2.jpg?resize=1024%2C681&amp;ssl=1 1024w, https:\/\/i0.wp.com\/amperthaler-saengerrunde.de\/wp-content\/uploads\/2025\/07\/Singen-2.jpg?resize=768%2C511&amp;ssl=1 768w, https:\/\/i0.wp.com\/amperthaler-saengerrunde.de\/wp-content\/uploads\/2025\/07\/Singen-2.jpg?w=1080&amp;ssl=1 1080w\" sizes=\"(max-width: 300px) 100vw, 300px\" \/>\t\t\t\t\t\t\t\t<\/a>\n\t\t\t\t\t\t\t\t\t\t\t\t\t\t\t<\/div>\n\t\t\t\t<\/div>\n\t\t\t\t\t<\/div>\n\t\t<\/div>\n\t\t\t\t<div class=\"elementor-column elementor-col-50 elementor-top-column elementor-element elementor-element-0fa44fa\" data-id=\"0fa44fa\" data-element_type=\"column\" data-e-type=\"column\">\n\t\t\t<div class=\"elementor-widget-wrap elementor-element-populated\">\n\t\t\t\t\t\t<div class=\"elementor-element elementor-element-9aaf502 elementor-widget elementor-widget-image\" data-id=\"9aaf502\" data-element_type=\"widget\" data-e-type=\"widget\" data-widget_type=\"image.default\">\n\t\t\t\t<div class=\"elementor-widget-container\">\n\t\t\t\t\t\t\t\t\t\t\t\t\t\t\t<img loading=\"lazy\" decoding=\"async\" width=\"300\" height=\"203\" src=\"https:\/\/i0.wp.com\/amperthaler-saengerrunde.de\/wp-content\/uploads\/2025\/07\/Singen-3.jpg?fit=300%2C203&amp;ssl=1\" class=\"attachment-medium size-medium wp-image-5176\" alt=\"\" srcset=\"https:\/\/i0.wp.com\/amperthaler-saengerrunde.de\/wp-content\/uploads\/2025\/07\/Singen-3.jpg?w=1174&amp;ssl=1 1174w, https:\/\/i0.wp.com\/amperthaler-saengerrunde.de\/wp-content\/uploads\/2025\/07\/Singen-3.jpg?resize=300%2C203&amp;ssl=1 300w, https:\/\/i0.wp.com\/amperthaler-saengerrunde.de\/wp-content\/uploads\/2025\/07\/Singen-3.jpg?resize=1024%2C693&amp;ssl=1 1024w, https:\/\/i0.wp.com\/amperthaler-saengerrunde.de\/wp-content\/uploads\/2025\/07\/Singen-3.jpg?resize=768%2C519&amp;ssl=1 768w, https:\/\/i0.wp.com\/amperthaler-saengerrunde.de\/wp-content\/uploads\/2025\/07\/Singen-3.jpg?w=1080&amp;ssl=1 1080w\" sizes=\"(max-width: 300px) 100vw, 300px\" \/>\t\t\t\t\t\t\t\t\t\t\t\t\t\t\t<\/div>\n\t\t\t\t<\/div>\n\t\t\t\t\t<\/div>\n\t\t<\/div>\n\t\t\t\t\t<\/div>\n\t\t<\/section>\n\t\t\t\t<section class=\"elementor-section elementor-top-section elementor-element elementor-element-ad7e819 elementor-section-boxed elementor-section-height-default elementor-section-height-default\" data-id=\"ad7e819\" data-element_type=\"section\" data-e-type=\"section\">\n\t\t\t\t\t\t<div class=\"elementor-container elementor-column-gap-default\">\n\t\t\t\t\t<div class=\"elementor-column elementor-col-100 elementor-top-column elementor-element elementor-element-4258b15\" data-id=\"4258b15\" data-element_type=\"column\" data-e-type=\"column\">\n\t\t\t<div class=\"elementor-widget-wrap elementor-element-populated\">\n\t\t\t\t\t\t<div class=\"elementor-element elementor-element-27faf59 elementor-widget elementor-widget-text-editor\" data-id=\"27faf59\" data-element_type=\"widget\" data-e-type=\"widget\" data-widget_type=\"text-editor.default\">\n\t\t\t\t<div class=\"elementor-widget-container\">\n\t\t\t\t\t\t\t\t\t<p>Nach soviel Musik und Ansprachen freuten sich alle auf das gemeinsame Mittagessen.<\/p><p>Im Laufe des Nachmittags wurden dann noch die weiteren Wunschlieder gesungen<\/p><p>\u201eGern ham duad guad\u201c, \u201eWann du durchgehst durch\u00b4s Tal\u201c , \u201eBierlied\u201c , \u201eAus der Traube in die Tonne\u201c<\/p><p>und nat\u00fcrlich als kr\u00f6nenden Abschluss und auf Wunsch die Vereinshymne\u201c Glaube nicht ans Rehbocknest\u201c.<\/p><p>Mit Kaffee und einem hervorragenden Kuchenbuffet wurde dann noch lange gefeiert und geratscht.<\/p><p>Wir bedanken uns bei unserem MAX f\u00fcr die Einladung und die sch\u00f6ne Feier und w\u00fcnschen ihm beste Gesundheit und hoffen, dass wir ihn\u00a0 noch viele Jahre\u00a0 als S\u00e4nger haben d\u00fcrfen.<\/p>\t\t\t\t\t\t\t\t<\/div>\n\t\t\t\t<\/div>\n\t\t\t\t\t<\/div>\n\t\t<\/div>\n\t\t\t\t\t<\/div>\n\t\t<\/section>\n\t\t\t\t<section class=\"elementor-section elementor-top-section elementor-element elementor-element-8b987a7 elementor-section-boxed elementor-section-height-default elementor-section-height-default\" data-id=\"8b987a7\" data-element_type=\"section\" data-e-type=\"section\">\n\t\t\t\t\t\t<div class=\"elementor-container elementor-column-gap-default\">\n\t\t\t\t\t<div class=\"elementor-column elementor-col-100 elementor-top-column elementor-element elementor-element-327eb52\" data-id=\"327eb52\" data-element_type=\"column\" data-e-type=\"column\">\n\t\t\t<div class=\"elementor-widget-wrap elementor-element-populated\">\n\t\t\t\t\t\t<div class=\"elementor-element elementor-element-68aa643 elementor-widget elementor-widget-image\" data-id=\"68aa643\" data-element_type=\"widget\" data-e-type=\"widget\" data-widget_type=\"image.default\">\n\t\t\t\t<div class=\"elementor-widget-container\">\n\t\t\t\t\t\t\t\t\t\t\t\t\t\t\t\t<a href=\"https:\/\/i0.wp.com\/amperthaler-saengerrunde.de\/wp-content\/uploads\/2025\/07\/Prost.jpg?ssl=1\" data-elementor-open-lightbox=\"yes\" data-elementor-lightbox-title=\"Prost\" data-e-action-hash=\"#elementor-action%3Aaction%3Dlightbox%26settings%3DeyJpZCI6NTE3OSwidXJsIjoiaHR0cHM6XC9cL2FtcGVydGhhbGVyLXNhZW5nZXJydW5kZS5kZVwvd3AtY29udGVudFwvdXBsb2Fkc1wvMjAyNVwvMDdcL1Byb3N0LmpwZyJ9\">\n\t\t\t\t\t\t\t<img loading=\"lazy\" decoding=\"async\" width=\"297\" height=\"300\" src=\"https:\/\/i0.wp.com\/amperthaler-saengerrunde.de\/wp-content\/uploads\/2025\/07\/Prost.jpg?fit=297%2C300&amp;ssl=1\" class=\"attachment-medium size-medium wp-image-5179\" alt=\"\" srcset=\"https:\/\/i0.wp.com\/amperthaler-saengerrunde.de\/wp-content\/uploads\/2025\/07\/Prost.jpg?w=690&amp;ssl=1 690w, https:\/\/i0.wp.com\/amperthaler-saengerrunde.de\/wp-content\/uploads\/2025\/07\/Prost.jpg?resize=297%2C300&amp;ssl=1 297w\" sizes=\"(max-width: 297px) 100vw, 297px\" \/>\t\t\t\t\t\t\t\t<\/a>\n\t\t\t\t\t\t\t\t\t\t\t\t\t\t\t<\/div>\n\t\t\t\t<\/div>\n\t\t\t\t\t<\/div>\n\t\t<\/div>\n\t\t\t\t\t<\/div>\n\t\t<\/section>\n\t\t\t\t<section class=\"elementor-section elementor-top-section elementor-element elementor-element-f002d80 elementor-section-boxed elementor-section-height-default elementor-section-height-default\" data-id=\"f002d80\" data-element_type=\"section\" data-e-type=\"section\">\n\t\t\t\t\t\t<div class=\"elementor-container elementor-column-gap-default\">\n\t\t\t\t\t<div class=\"elementor-column elementor-col-100 elementor-top-column elementor-element elementor-element-eec633d\" data-id=\"eec633d\" data-element_type=\"column\" data-e-type=\"column\">\n\t\t\t<div class=\"elementor-widget-wrap elementor-element-populated\">\n\t\t\t\t\t\t<div class=\"elementor-element elementor-element-9161133 elementor-widget elementor-widget-text-editor\" data-id=\"9161133\" data-element_type=\"widget\" data-e-type=\"widget\" data-widget_type=\"text-editor.default\">\n\t\t\t\t<div class=\"elementor-widget-container\">\n\t\t\t\t\t\t\t\t\t<p style=\"text-align: center;\">Ein Prost auf den Jubilar!<\/p><p style=\"text-align: center;\">\u00a0<\/p><p style=\"text-align: center;\"><span style=\"font-size: 10pt;\">Bilder: Markus Zirngibl\u00a0 \u00a0 \u00a0 \u00a0 \u00a0 \u00a0 \u00a0 \u00a0 \u00a0 \u00a0Text: Renate Stiebing<\/span><\/p>\t\t\t\t\t\t\t\t<\/div>\n\t\t\t\t<\/div>\n\t\t\t\t\t<\/div>\n\t\t<\/div>\n\t\t\t\t\t<\/div>\n\t\t<\/section>\n\t\t\t\t<\/div>\n\t\t","protected":false},"excerpt":{"rendered":"<p>Am 2.Mai 2025 konnte unser langj\u00e4hriger S\u00e4nger im 1.Tenor\u00a0 Max Zirngibl sein 85. Lebensjahr vollenden. Nachdem sein 80.Geburtstag der damaligen Coronapandemie zum Opfer gefallen war, wollte er seinen 85. geb\u00fchrend feiern und hatte dazu f\u00fcr Sonntag 4.Mai25 seine Familie, Verwandte, <a class=\"more-link\" href=\"https:\/\/amperthaler-saengerrunde.de\/?page_id=5170\">weiterlesen&#8230;<\/a><\/p>\n","protected":false},"author":1,"featured_media":0,"parent":0,"menu_order":0,"comment_status":"closed","ping_status":"closed","template":"","meta":{"footnotes":""},"class_list":["post-5170","page","type-page","status-publish","hentry"],"jetpack_sharing_enabled":true,"_links":{"self":[{"href":"https:\/\/amperthaler-saengerrunde.de\/index.php?rest_route=\/wp\/v2\/pages\/5170","targetHints":{"allow":["GET"]}}],"collection":[{"href":"https:\/\/amperthaler-saengerrunde.de\/index.php?rest_route=\/wp\/v2\/pages"}],"about":[{"href":"https:\/\/amperthaler-saengerrunde.de\/index.php?rest_route=\/wp\/v2\/types\/page"}],"author":[{"embeddable":true,"href":"https:\/\/amperthaler-saengerrunde.de\/index.php?rest_route=\/wp\/v2\/users\/1"}],"replies":[{"embeddable":true,"href":"https:\/\/amperthaler-saengerrunde.de\/index.php?rest_route=%2Fwp%2Fv2%2Fcomments&post=5170"}],"version-history":[{"count":4,"href":"https:\/\/amperthaler-saengerrunde.de\/index.php?rest_route=\/wp\/v2\/pages\/5170\/revisions"}],"predecessor-version":[{"id":5183,"href":"https:\/\/amperthaler-saengerrunde.de\/index.php?rest_route=\/wp\/v2\/pages\/5170\/revisions\/5183"}],"wp:attachment":[{"href":"https:\/\/amperthaler-saengerrunde.de\/index.php?rest_route=%2Fwp%2Fv2%2Fmedia&parent=5170"}],"curies":[{"name":"wp","href":"https:\/\/api.w.org\/{rel}","templated":true}]}}