{"id":944,"date":"2022-10-04T07:05:25","date_gmt":"2022-10-04T07:05:25","guid":{"rendered":"https:\/\/amperthaler-saengerrunde.de\/?page_id=944"},"modified":"2022-10-04T07:11:15","modified_gmt":"2022-10-04T07:11:15","slug":"singa-am-kirtasunda-choere","status":"publish","type":"page","link":"https:\/\/amperthaler-saengerrunde.de\/?page_id=944","title":{"rendered":"Singa am Kirtasunda &#8211; Ch\u00f6re"},"content":{"rendered":"\t\t<div data-elementor-type=\"wp-page\" data-elementor-id=\"944\" class=\"elementor elementor-944\">\n\t\t\t\t\t\t<section class=\"elementor-section elementor-top-section elementor-element elementor-element-481cd38 elementor-section-boxed elementor-section-height-default elementor-section-height-default\" data-id=\"481cd38\" data-element_type=\"section\" data-e-type=\"section\">\n\t\t\t\t\t\t<div class=\"elementor-container elementor-column-gap-default\">\n\t\t\t\t\t<div class=\"elementor-column elementor-col-50 elementor-top-column elementor-element elementor-element-b04bbbc\" data-id=\"b04bbbc\" data-element_type=\"column\" data-e-type=\"column\">\n\t\t\t<div class=\"elementor-widget-wrap elementor-element-populated\">\n\t\t\t\t\t\t<div class=\"elementor-element elementor-element-5c665de elementor-widget elementor-widget-text-editor\" data-id=\"5c665de\" data-element_type=\"widget\" data-e-type=\"widget\" data-widget_type=\"text-editor.default\">\n\t\t\t\t<div class=\"elementor-widget-container\">\n\t\t\t\t\t\t\t\t\t<h3><strong>MGV Aresing<\/strong><\/h3><p><br \/>Der Chor besteht seit 1965<br \/>25 Aktive S\u00e4nger<br \/>Vorstand: Ulrich Mahl<br \/>Chorleiter: Martin Felber<\/p><p><strong>Herbstkonzert 15.10.2017<\/strong> \uf0e0 MGV Aresing zu Gast in Kirchdorf<br \/><strong>Gausingen 26.10.2019<\/strong> in Aresing \uf0e0 Amperthaler S\u00e4ngerrunde zu Gast<\/p>\t\t\t\t\t\t\t\t<\/div>\n\t\t\t\t<\/div>\n\t\t\t\t\t<\/div>\n\t\t<\/div>\n\t\t\t\t<div class=\"elementor-column elementor-col-50 elementor-top-column elementor-element elementor-element-3c6c788\" data-id=\"3c6c788\" data-element_type=\"column\" data-e-type=\"column\">\n\t\t\t<div class=\"elementor-widget-wrap elementor-element-populated\">\n\t\t\t\t\t\t<div class=\"elementor-element elementor-element-eefe144 elementor-widget elementor-widget-image\" data-id=\"eefe144\" data-element_type=\"widget\" data-e-type=\"widget\" data-widget_type=\"image.default\">\n\t\t\t\t<div class=\"elementor-widget-container\">\n\t\t\t\t\t\t\t\t\t\t\t\t\t\t\t\t<a href=\"https:\/\/i0.wp.com\/amperthaler-saengerrunde.de\/wp-content\/uploads\/2022\/10\/aresing.jpg?ssl=1\" data-elementor-open-lightbox=\"yes\" data-elementor-lightbox-title=\"aresing\" data-e-action-hash=\"#elementor-action%3Aaction%3Dlightbox%26settings%3DeyJpZCI6OTQ2LCJ1cmwiOiJodHRwczpcL1wvYW1wZXJ0aGFsZXItc2FlbmdlcnJ1bmRlLmRlXC93cC1jb250ZW50XC91cGxvYWRzXC8yMDIyXC8xMFwvYXJlc2luZy5qcGcifQ%3D%3D\">\n\t\t\t\t\t\t\t<img fetchpriority=\"high\" decoding=\"async\" width=\"540\" height=\"181\" src=\"https:\/\/i0.wp.com\/amperthaler-saengerrunde.de\/wp-content\/uploads\/2022\/10\/aresing.jpg?fit=540%2C181&amp;ssl=1\" class=\"attachment-large size-large wp-image-946\" alt=\"\" srcset=\"https:\/\/i0.wp.com\/amperthaler-saengerrunde.de\/wp-content\/uploads\/2022\/10\/aresing.jpg?w=940&amp;ssl=1 940w, https:\/\/i0.wp.com\/amperthaler-saengerrunde.de\/wp-content\/uploads\/2022\/10\/aresing.jpg?resize=300%2C101&amp;ssl=1 300w, https:\/\/i0.wp.com\/amperthaler-saengerrunde.de\/wp-content\/uploads\/2022\/10\/aresing.jpg?resize=768%2C257&amp;ssl=1 768w\" sizes=\"(max-width: 540px) 100vw, 540px\" \/>\t\t\t\t\t\t\t\t<\/a>\n\t\t\t\t\t\t\t\t\t\t\t\t\t\t\t<\/div>\n\t\t\t\t<\/div>\n\t\t\t\t\t<\/div>\n\t\t<\/div>\n\t\t\t\t\t<\/div>\n\t\t<\/section>\n\t\t\t\t<section class=\"elementor-section elementor-top-section elementor-element elementor-element-8226d4b elementor-section-boxed elementor-section-height-default elementor-section-height-default\" data-id=\"8226d4b\" data-element_type=\"section\" data-e-type=\"section\">\n\t\t\t\t\t\t<div class=\"elementor-container elementor-column-gap-default\">\n\t\t\t\t\t<div class=\"elementor-column elementor-col-50 elementor-top-column elementor-element elementor-element-48ac32b\" data-id=\"48ac32b\" data-element_type=\"column\" data-e-type=\"column\">\n\t\t\t<div class=\"elementor-widget-wrap elementor-element-populated\">\n\t\t\t\t\t\t<div class=\"elementor-element elementor-element-d4a3990 elementor-widget elementor-widget-text-editor\" data-id=\"d4a3990\" data-element_type=\"widget\" data-e-type=\"widget\" data-widget_type=\"text-editor.default\">\n\t\t\t\t<div class=\"elementor-widget-container\">\n\t\t\t\t\t\t\t\t\t<h3>MGV Eching<\/h3><p><br \/>Der MGV Harmonie Eching wurde im Jahr 1923 gegr\u00fcndet. Wir feiern also n\u00e4chstes Jahr unser 100j\u00e4hriges Jubil\u00e4um.<br \/>Damit sind wir einer der \u00e4ltesten Vereine in Eching. Wir haben dzt. noch 70 Mitglieder, davon 17 S\u00e4nger. Wir haben pro Jahr 3 &#8211; 4 Auftritte (Gedenkmesse im Jan., Palmsamstagsingen, Chorkonzert im Herbst, Adventsingen).<br \/>Nachwuchssorgen belasten uns seit einigen Jahren in allen Stimmlagen.<\/p><p>Unser Chorleiter ist Aldo Brecke, 35 Jahre alt und als Musikp\u00e4dagoge und Klavierlehrer in M\u00fcnchen unterwegs. Er kommt aus Bremen und f\u00fchlt sich bei uns ganz wohl. Auch wir sind mit seiner Art die Proben zu leiten und seine Impulse sehr zufrieden.<\/p>\t\t\t\t\t\t\t\t<\/div>\n\t\t\t\t<\/div>\n\t\t\t\t\t<\/div>\n\t\t<\/div>\n\t\t\t\t<div class=\"elementor-column elementor-col-50 elementor-top-column elementor-element elementor-element-7baaee6\" data-id=\"7baaee6\" data-element_type=\"column\" data-e-type=\"column\">\n\t\t\t<div class=\"elementor-widget-wrap elementor-element-populated\">\n\t\t\t\t\t\t<div class=\"elementor-element elementor-element-9a99c34 elementor-widget elementor-widget-image\" data-id=\"9a99c34\" data-element_type=\"widget\" data-e-type=\"widget\" data-widget_type=\"image.default\">\n\t\t\t\t<div class=\"elementor-widget-container\">\n\t\t\t\t\t\t\t\t\t\t\t\t\t\t\t\t<a href=\"https:\/\/i0.wp.com\/amperthaler-saengerrunde.de\/wp-content\/uploads\/2022\/10\/eching.jpg?ssl=1\" data-elementor-open-lightbox=\"yes\" data-elementor-lightbox-title=\"eching\" data-e-action-hash=\"#elementor-action%3Aaction%3Dlightbox%26settings%3DeyJpZCI6OTQ3LCJ1cmwiOiJodHRwczpcL1wvYW1wZXJ0aGFsZXItc2FlbmdlcnJ1bmRlLmRlXC93cC1jb250ZW50XC91cGxvYWRzXC8yMDIyXC8xMFwvZWNoaW5nLmpwZyJ9\">\n\t\t\t\t\t\t\t<img decoding=\"async\" width=\"540\" height=\"354\" src=\"https:\/\/i0.wp.com\/amperthaler-saengerrunde.de\/wp-content\/uploads\/2022\/10\/eching.jpg?fit=540%2C354&amp;ssl=1\" class=\"attachment-medium_large size-medium_large wp-image-947\" alt=\"\" srcset=\"https:\/\/i0.wp.com\/amperthaler-saengerrunde.de\/wp-content\/uploads\/2022\/10\/eching.jpg?w=1000&amp;ssl=1 1000w, https:\/\/i0.wp.com\/amperthaler-saengerrunde.de\/wp-content\/uploads\/2022\/10\/eching.jpg?resize=300%2C197&amp;ssl=1 300w, https:\/\/i0.wp.com\/amperthaler-saengerrunde.de\/wp-content\/uploads\/2022\/10\/eching.jpg?resize=768%2C504&amp;ssl=1 768w\" sizes=\"(max-width: 540px) 100vw, 540px\" \/>\t\t\t\t\t\t\t\t<\/a>\n\t\t\t\t\t\t\t\t\t\t\t\t\t\t\t<\/div>\n\t\t\t\t<\/div>\n\t\t\t\t\t<\/div>\n\t\t<\/div>\n\t\t\t\t\t<\/div>\n\t\t<\/section>\n\t\t\t\t<section class=\"elementor-section elementor-top-section elementor-element elementor-element-ea9ad0c elementor-section-boxed elementor-section-height-default elementor-section-height-default\" data-id=\"ea9ad0c\" data-element_type=\"section\" data-e-type=\"section\">\n\t\t\t\t\t\t<div class=\"elementor-container elementor-column-gap-default\">\n\t\t\t\t\t<div class=\"elementor-column elementor-col-50 elementor-top-column elementor-element elementor-element-0f6f349\" data-id=\"0f6f349\" data-element_type=\"column\" data-e-type=\"column\">\n\t\t\t<div class=\"elementor-widget-wrap elementor-element-populated\">\n\t\t\t\t\t\t<div class=\"elementor-element elementor-element-b881cec elementor-widget elementor-widget-text-editor\" data-id=\"b881cec\" data-element_type=\"widget\" data-e-type=\"widget\" data-widget_type=\"text-editor.default\">\n\t\t\t\t<div class=\"elementor-widget-container\">\n\t\t\t\t\t\t\t\t\t<h3>MGV Ismaning<\/h3><p><br \/>Gr\u00fcndung 1896<br \/>Vorstand : Franz Weisl<br \/>Chorleitung : Michael Clemens Frey<br \/>Besonderheit : gemischtes Programm : Bayrisch, Trinklieder, Liebeslieder <\/p>\t\t\t\t\t\t\t\t<\/div>\n\t\t\t\t<\/div>\n\t\t\t\t\t<\/div>\n\t\t<\/div>\n\t\t\t\t<div class=\"elementor-column elementor-col-50 elementor-top-column elementor-element elementor-element-c8e4799\" data-id=\"c8e4799\" data-element_type=\"column\" data-e-type=\"column\">\n\t\t\t<div class=\"elementor-widget-wrap elementor-element-populated\">\n\t\t\t\t\t\t<div class=\"elementor-element elementor-element-6e91c8a elementor-widget elementor-widget-image\" data-id=\"6e91c8a\" data-element_type=\"widget\" data-e-type=\"widget\" data-widget_type=\"image.default\">\n\t\t\t\t<div class=\"elementor-widget-container\">\n\t\t\t\t\t\t\t\t\t\t\t\t\t\t\t\t<a href=\"https:\/\/i0.wp.com\/amperthaler-saengerrunde.de\/wp-content\/uploads\/2022\/10\/ismaning.jpg?ssl=1\" data-elementor-open-lightbox=\"yes\" data-elementor-lightbox-title=\"ismaning\" data-e-action-hash=\"#elementor-action%3Aaction%3Dlightbox%26settings%3DeyJpZCI6OTQ4LCJ1cmwiOiJodHRwczpcL1wvYW1wZXJ0aGFsZXItc2FlbmdlcnJ1bmRlLmRlXC93cC1jb250ZW50XC91cGxvYWRzXC8yMDIyXC8xMFwvaXNtYW5pbmcuanBnIn0%3D\">\n\t\t\t\t\t\t\t<img decoding=\"async\" width=\"540\" height=\"360\" src=\"https:\/\/i0.wp.com\/amperthaler-saengerrunde.de\/wp-content\/uploads\/2022\/10\/ismaning.jpg?fit=540%2C360&amp;ssl=1\" class=\"attachment-medium_large size-medium_large wp-image-948\" alt=\"\" srcset=\"https:\/\/i0.wp.com\/amperthaler-saengerrunde.de\/wp-content\/uploads\/2022\/10\/ismaning.jpg?w=1280&amp;ssl=1 1280w, https:\/\/i0.wp.com\/amperthaler-saengerrunde.de\/wp-content\/uploads\/2022\/10\/ismaning.jpg?resize=300%2C200&amp;ssl=1 300w, https:\/\/i0.wp.com\/amperthaler-saengerrunde.de\/wp-content\/uploads\/2022\/10\/ismaning.jpg?resize=1024%2C682&amp;ssl=1 1024w, https:\/\/i0.wp.com\/amperthaler-saengerrunde.de\/wp-content\/uploads\/2022\/10\/ismaning.jpg?resize=768%2C512&amp;ssl=1 768w, https:\/\/i0.wp.com\/amperthaler-saengerrunde.de\/wp-content\/uploads\/2022\/10\/ismaning.jpg?w=1080&amp;ssl=1 1080w\" sizes=\"(max-width: 540px) 100vw, 540px\" \/>\t\t\t\t\t\t\t\t<\/a>\n\t\t\t\t\t\t\t\t\t\t\t\t\t\t\t<\/div>\n\t\t\t\t<\/div>\n\t\t\t\t\t<\/div>\n\t\t<\/div>\n\t\t\t\t\t<\/div>\n\t\t<\/section>\n\t\t\t\t<section class=\"elementor-section elementor-top-section elementor-element elementor-element-42039ff elementor-section-boxed elementor-section-height-default elementor-section-height-default\" data-id=\"42039ff\" data-element_type=\"section\" data-e-type=\"section\">\n\t\t\t\t\t\t<div class=\"elementor-container elementor-column-gap-default\">\n\t\t\t\t\t<div class=\"elementor-column elementor-col-50 elementor-top-column elementor-element elementor-element-2e2b83e\" data-id=\"2e2b83e\" data-element_type=\"column\" data-e-type=\"column\">\n\t\t\t<div class=\"elementor-widget-wrap\">\n\t\t\t\t\t\t\t<\/div>\n\t\t<\/div>\n\t\t\t\t<div class=\"elementor-column elementor-col-50 elementor-top-column elementor-element elementor-element-495a82d\" data-id=\"495a82d\" data-element_type=\"column\" data-e-type=\"column\">\n\t\t\t<div class=\"elementor-widget-wrap\">\n\t\t\t\t\t\t\t<\/div>\n\t\t<\/div>\n\t\t\t\t\t<\/div>\n\t\t<\/section>\n\t\t\t\t<\/div>\n\t\t","protected":false},"excerpt":{"rendered":"<p>MGV Aresing Der Chor besteht seit 1965 25 Aktive S\u00e4nger Vorstand: Ulrich Mahl Chorleiter: Martin Felber Herbstkonzert 15.10.2017 \uf0e0 MGV Aresing zu Gast in Kirchdorf Gausingen 26.10.2019 in Aresing \uf0e0 Amperthaler S\u00e4ngerrunde zu Gast MGV Eching Der MGV Harmonie Eching <a class=\"more-link\" href=\"https:\/\/amperthaler-saengerrunde.de\/?page_id=944\">weiterlesen&#8230;<\/a><\/p>\n","protected":false},"author":1,"featured_media":0,"parent":0,"menu_order":0,"comment_status":"closed","ping_status":"closed","template":"elementor_header_footer","meta":{"footnotes":""},"class_list":["post-944","page","type-page","status-publish","hentry"],"jetpack_sharing_enabled":true,"_links":{"self":[{"href":"https:\/\/amperthaler-saengerrunde.de\/index.php?rest_route=\/wp\/v2\/pages\/944","targetHints":{"allow":["GET"]}}],"collection":[{"href":"https:\/\/amperthaler-saengerrunde.de\/index.php?rest_route=\/wp\/v2\/pages"}],"about":[{"href":"https:\/\/amperthaler-saengerrunde.de\/index.php?rest_route=\/wp\/v2\/types\/page"}],"author":[{"embeddable":true,"href":"https:\/\/amperthaler-saengerrunde.de\/index.php?rest_route=\/wp\/v2\/users\/1"}],"replies":[{"embeddable":true,"href":"https:\/\/amperthaler-saengerrunde.de\/index.php?rest_route=%2Fwp%2Fv2%2Fcomments&post=944"}],"version-history":[{"count":5,"href":"https:\/\/amperthaler-saengerrunde.de\/index.php?rest_route=\/wp\/v2\/pages\/944\/revisions"}],"predecessor-version":[{"id":952,"href":"https:\/\/amperthaler-saengerrunde.de\/index.php?rest_route=\/wp\/v2\/pages\/944\/revisions\/952"}],"wp:attachment":[{"href":"https:\/\/amperthaler-saengerrunde.de\/index.php?rest_route=%2Fwp%2Fv2%2Fmedia&parent=944"}],"curies":[{"name":"wp","href":"https:\/\/api.w.org\/{rel}","templated":true}]}}